{"id":1341,"date":"2017-09-23T17:29:50","date_gmt":"2017-09-23T17:29:50","guid":{"rendered":"http:\/\/unreality.tulilaulu.net\/dev\/?page_id=1341"},"modified":"2024-02-15T17:24:27","modified_gmt":"2024-02-15T15:24:27","slug":"tilaa-kuoro","status":"publish","type":"page","link":"https:\/\/unreality.fi\/index.php\/tilaa-kuoro\/","title":{"rendered":"Tilaa laulua"},"content":{"rendered":"<div>\n\n<div class=\"wpcf7 no-js\" id=\"wpcf7-f2140-o1\" lang=\"en-US\" dir=\"ltr\">\n<div class=\"screen-reader-response\"><p role=\"status\" aria-live=\"polite\" aria-atomic=\"true\"><\/p> <ul><\/ul><\/div>\n<form action=\"\/index.php\/wp-json\/wp\/v2\/pages\/1341#wpcf7-f2140-o1\" method=\"post\" class=\"wpcf7-form init\" aria-label=\"Contact form\" novalidate=\"novalidate\" data-status=\"init\">\n<div style=\"display: none;\">\n<input type=\"hidden\" name=\"_wpcf7\" value=\"2140\" \/>\n<input type=\"hidden\" name=\"_wpcf7_version\" value=\"5.9.8\" \/>\n<input type=\"hidden\" name=\"_wpcf7_locale\" value=\"en_US\" \/>\n<input type=\"hidden\" name=\"_wpcf7_unit_tag\" value=\"wpcf7-f2140-o1\" \/>\n<input type=\"hidden\" name=\"_wpcf7_container_post\" value=\"0\" \/>\n<input type=\"hidden\" name=\"_wpcf7_posted_data_hash\" value=\"\" \/>\n<\/div>\n<p><label> Nimi*<br \/>\n<span class=\"wpcf7-form-control-wrap\" data-name=\"your-name\"><input size=\"40\" maxlength=\"400\" class=\"wpcf7-form-control wpcf7-text wpcf7-validates-as-required\" aria-required=\"true\" aria-invalid=\"false\" value=\"\" type=\"text\" name=\"your-name\" \/><\/span> <\/label><br \/>\n<label> Yritys<br \/>\n<span class=\"wpcf7-form-control-wrap\" data-name=\"your-company\"><input size=\"40\" maxlength=\"400\" class=\"wpcf7-form-control wpcf7-text\" aria-invalid=\"false\" value=\"\" type=\"text\" name=\"your-company\" \/><\/span> <\/label><br \/>\n<label> S\u00e4hk\u00f6postiosoite*<br \/>\n<span class=\"wpcf7-form-control-wrap\" data-name=\"your-email\"><input size=\"40\" maxlength=\"400\" class=\"wpcf7-form-control wpcf7-email wpcf7-validates-as-required wpcf7-text wpcf7-validates-as-email\" aria-required=\"true\" aria-invalid=\"false\" value=\"\" type=\"email\" name=\"your-email\" \/><\/span> <\/label><br \/>\n<label> Toivottu esiintymisp\u00e4iv\u00e4*<br \/>\n<span class=\"wpcf7-form-control-wrap\" data-name=\"gig-date\"><input size=\"40\" maxlength=\"400\" class=\"wpcf7-form-control wpcf7-text wpcf7-validates-as-required\" id=\"gig-date\" aria-required=\"true\" aria-invalid=\"false\" value=\"\" type=\"text\" name=\"gig-date\" \/><\/span> <\/label><br \/>\n<label><span class=\"form-instruction no-margin\">Kaikki allaolevat vaihtoehdot ovat suuntaa antavia ja voit my\u00f6s valita niist\u00e4 useita. Jos valitset kohdan \"muu, mik\u00e4?\", kerro lis\u00e4\u00e4 viestiss\u00e4.<\/span><\/label><br \/>\n<label> Lauluryhm\u00e4n koko*<\/label><br \/>\n<span class=\"wpcf7-form-control-wrap\" data-name=\"group-size\"><span class=\"wpcf7-form-control wpcf7-checkbox wpcf7-validates-as-required\" id=\"group-size\"><span class=\"wpcf7-list-item first\"><input type=\"checkbox\" name=\"group-size[]\" value=\"10\" \/><span class=\"wpcf7-list-item-label\">10<\/span><\/span><span class=\"wpcf7-list-item\"><input type=\"checkbox\" name=\"group-size[]\" value=\"20\" \/><span class=\"wpcf7-list-item-label\">20<\/span><\/span><span class=\"wpcf7-list-item\"><input type=\"checkbox\" name=\"group-size[]\" value=\"koko kuoro (n. 35)\" \/><span class=\"wpcf7-list-item-label\">koko kuoro (n. 35)<\/span><\/span><span class=\"wpcf7-list-item last\"><input type=\"checkbox\" name=\"group-size[]\" value=\"muu, mik\u00e4?\" \/><span class=\"wpcf7-list-item-label\">muu, mik\u00e4?<\/span><\/span><\/span><\/span><br \/>\n<label> Keikan pituus*<\/label><br \/>\n<span class=\"wpcf7-form-control-wrap\" data-name=\"gig-length\"><span class=\"wpcf7-form-control wpcf7-checkbox wpcf7-validates-as-required\" id=\"gig-length\"><span class=\"wpcf7-list-item first\"><input type=\"checkbox\" name=\"gig-length[]\" value=\"15 min\" \/><span class=\"wpcf7-list-item-label\">15 min<\/span><\/span><span class=\"wpcf7-list-item\"><input type=\"checkbox\" name=\"gig-length[]\" value=\"30 min\" \/><span class=\"wpcf7-list-item-label\">30 min<\/span><\/span><span class=\"wpcf7-list-item\"><input type=\"checkbox\" name=\"gig-length[]\" value=\"45 min\" \/><span class=\"wpcf7-list-item-label\">45 min<\/span><\/span><span class=\"wpcf7-list-item last\"><input type=\"checkbox\" name=\"gig-length[]\" value=\"muu, mik\u00e4?\" \/><span class=\"wpcf7-list-item-label\">muu, mik\u00e4?<\/span><\/span><\/span><\/span><br \/>\n<label> Esiintymispaikka*<\/label><br \/>\n<span class=\"wpcf7-form-control-wrap\" data-name=\"gig-venue\"><span class=\"wpcf7-form-control wpcf7-checkbox wpcf7-validates-as-required\" id=\"gig-venue\"><span class=\"wpcf7-list-item first\"><input type=\"checkbox\" name=\"gig-venue[]\" value=\"pieni sis\u00e4tila\" \/><span class=\"wpcf7-list-item-label\">pieni sis\u00e4tila<\/span><\/span><span class=\"wpcf7-list-item\"><input type=\"checkbox\" name=\"gig-venue[]\" value=\"suuri sis\u00e4tila\" \/><span class=\"wpcf7-list-item-label\">suuri sis\u00e4tila<\/span><\/span><span class=\"wpcf7-list-item\"><input type=\"checkbox\" name=\"gig-venue[]\" value=\"ulkona\" \/><span class=\"wpcf7-list-item-label\">ulkona<\/span><\/span><span class=\"wpcf7-list-item last\"><input type=\"checkbox\" name=\"gig-venue[]\" value=\"muu, mik\u00e4?\" \/><span class=\"wpcf7-list-item-label\">muu, mik\u00e4?<\/span><\/span><\/span><\/span><br \/>\n<label> Viesti* <span class=\"form-instruction\">Kerro lyhyesti, millaisesta tilaisuudesta on kyse, ja toiveesi esityksen suhteen.<\/span><br \/>\n<span class=\"wpcf7-form-control-wrap\" data-name=\"your-message\"><textarea cols=\"40\" rows=\"10\" maxlength=\"2000\" class=\"wpcf7-form-control wpcf7-textarea wpcf7-validates-as-required\" aria-required=\"true\" aria-invalid=\"false\" name=\"your-message\"><\/textarea><\/span> <\/label><br \/>\n<span id=\"wpcf7-69dabc8b95247-wrapper\" class=\"wpcf7-form-control-wrap first-name-wrap\" style=\"display:none !important; visibility:hidden !important;\"><label for=\"wpcf7-69dabc8b95247-field\" class=\"hp-message\">Please leave this field empty.<\/label><input id=\"wpcf7-69dabc8b95247-field\"  class=\"wpcf7-form-control wpcf7-text\" type=\"text\" name=\"first-name\" value=\"\" size=\"40\" tabindex=\"-1\" autocomplete=\"new-password\" \/><\/span><br \/>\n<input class=\"wpcf7-form-control wpcf7-submit has-spinner\" type=\"submit\" value=\"L\u00e4het\u00e4\" \/><br \/>\n<span class=\"form-instruction no-margin\">T\u00e4hdell\u00e4 (*) merkityt kent\u00e4t ovat pakollisia.<\/span><br \/>\n<a href=\"http:\/\/unreality.fi\/index.php\/tietosuojajutut\/\" class=\"form-instruction no-margin\">Katso tietosuojaseloste.<\/a>\n<\/p><div class=\"wpcf7-response-output\" aria-hidden=\"true\"><\/div>\n<\/form>\n<\/div>\n\n<div\/>\n","protected":false},"excerpt":{"rendered":"","protected":false},"author":1,"featured_media":0,"parent":0,"menu_order":0,"comment_status":"closed","ping_status":"closed","template":"","meta":{"_exactmetrics_skip_tracking":false,"_exactmetrics_sitenote_active":false,"_exactmetrics_sitenote_note":"","_exactmetrics_sitenote_category":0,"footnotes":""},"_links":{"self":[{"href":"https:\/\/unreality.fi\/index.php\/wp-json\/wp\/v2\/pages\/1341"}],"collection":[{"href":"https:\/\/unreality.fi\/index.php\/wp-json\/wp\/v2\/pages"}],"about":[{"href":"https:\/\/unreality.fi\/index.php\/wp-json\/wp\/v2\/types\/page"}],"author":[{"embeddable":true,"href":"https:\/\/unreality.fi\/index.php\/wp-json\/wp\/v2\/users\/1"}],"replies":[{"embeddable":true,"href":"https:\/\/unreality.fi\/index.php\/wp-json\/wp\/v2\/comments?post=1341"}],"version-history":[{"count":3,"href":"https:\/\/unreality.fi\/index.php\/wp-json\/wp\/v2\/pages\/1341\/revisions"}],"predecessor-version":[{"id":4464,"href":"https:\/\/unreality.fi\/index.php\/wp-json\/wp\/v2\/pages\/1341\/revisions\/4464"}],"wp:attachment":[{"href":"https:\/\/unreality.fi\/index.php\/wp-json\/wp\/v2\/media?parent=1341"}],"curies":[{"name":"wp","href":"https:\/\/api.w.org\/{rel}","templated":true}]}}