{"id":1487,"date":"2017-09-25T20:47:03","date_gmt":"2017-09-25T20:47:03","guid":{"rendered":"http:\/\/unreality.tulilaulu.net\/dev\/?page_id=1487"},"modified":"2026-03-11T16:08:55","modified_gmt":"2026-03-11T14:08:55","slug":"etusivu","status":"publish","type":"page","link":"https:\/\/unreality.fi\/","title":{"rendered":"Etusivu"},"content":{"rendered":"\n<div class=\"wp-block-columns is-layout-flex wp-container-core-columns-layout-1 wp-block-columns-is-layout-flex\">\n<div class=\"wp-block-column is-layout-flow wp-block-column-is-layout-flow\" style=\"flex-basis:100%\"><\/div>\n<\/div>\n\n\n<div id=\"pl-1487\" class=\"panel-layout\">\n<div id=\"pg-1487-0\" class=\"panel-grid panel-no-style\" data-style=\"{&quot;background_display&quot;:&quot;tile&quot;,&quot;cell_alignment&quot;:&quot;flex-start&quot;}\">\n<div id=\"pgc-1487-0-0\" class=\"panel-grid-cell\" data-weight=\"1\">\n<div id=\"panel-1487-0-0-0\" class=\"so-panel widget widget_text panel-first-child panel-last-child\" data-index=\"0\" data-style=\"{&quot;background_image_attachment&quot;:false,&quot;background_display&quot;:&quot;tile&quot;,&quot;iw-visible-screen&quot;:&quot;iw-all&quot;,&quot;iw-visible-layout&quot;:&quot;iw-all&quot;,&quot;margin&quot;:&quot;0px 0px 0px 0px&quot;}\">\n<div class=\"textwidget\">\n<p class=\"aux-elem-quote aux-intro-normal aux-text-align-center\" style=\"text-align: left;\"><strong>Suomen ensimm\u00e4inen elokuva-, tv-sarja-, peli- ja animaatiomusiikille omistautunut kuoro.<br \/>Kuoroa johtaa Jari Koivistoinen.<br \/><\/strong><\/p>\n<\/div>\n<\/div>\n<\/div>\n<\/div>\n<h4>Sekakuoro Unreality esitt\u00e4\u00e4:<br \/>Lauluja t\u00e4htien takaa<\/h4>\n<p>Musiikkia peleist\u00e4, elokuvista ja TV-sarjoista kuorolle sovitettuna<\/p>\n<p>Uteliaisuus, unelma lent\u00e4misest\u00e4, t\u00e4htitaivas, kiehtovat mysteerit \u2013 kun tarinan aihe ylitt\u00e4\u00e4 arkisen maailman ulottuvuudet, tarvitaan avuksi n\u00e4ytt\u00e4m\u00f6, jossa vain mielikuvitus on rajana: avaruus.<\/p>\n<p>Unreality esitt\u00e4\u00e4 Stoan teatterisalissa (Turunlinnantie 1a, 00900 Helsinki) keskiviikkona 11.3. kello 18 kokoelman eeppisi\u00e4 avaruusteemaisia kappaleita elokuvista, peleist\u00e4 ja TV-sarjoista. Konsertissa kuullaan musiikkia muun muassa Star Trekist\u00e4, klassikkoanime Sailor Moonista ja Civilization Beyond Earth -pelist\u00e4 kuorolle sovitettuna. Kuoroa johtaa Jari Koivistoinen.<\/p>\n<p>Liput myynniss\u00e4 <a href=\"https:\/\/www.lippu.fi\/artist\/unreality\/\">lippu.fi:ss\u00e4<\/a><\/p>\n<\/div>\n<p><a href=\"https:\/\/unreality.fi\/?page_id=4914&amp;preview=true\">Konsertin ohjelmalehti<\/a><\/p>\n<div id=\"pl-1487\" class=\"panel-layout\"><hr \/>\n<p>In english:<\/p>\n<h4>Unreality choir presents:<br \/>Songs beyond the Stars<\/h4>\n<p>Music from games, movies and TV series arranged for choir<\/p>\n<p>Curiosity, the dream of flying, the starry sky, fascinating mysteries\u2014when the subject of a story transcends the dimensions of everyday life, a stage is needed where the only limit is your imagination: space.<\/p>\n<p>Unreality presents a collection of epic space-themed pieces from movies, games, and TV series in Stoa\u2019s theatre hall (Turunlinnantie 1a, 00900 Helsinki) on Wednesday the 11th of March at 18:00. The concert features music from\u2014among others\u2014Star Trek, the classic anime Sailor Moon, and the game Civilization: Beyond Earth, all arranged for choir. The choir is conducted by Jari Koivistoinen.<\/p>\n<p>Tickets on sale in <a href=\"https:\/\/www.lippu.fi\/en\/artist\/unreality\/\">lippu.fi<\/a><\/p>\n<\/div>\n<p><a href=\"https:\/\/unreality.fi\/?page_id=4914&amp;preview=true\">Concert Program<\/a><\/p>\n<div data-index=\"1\" data-style=\"{&quot;background_image_attachment&quot;:false,&quot;background_display&quot;:&quot;tile&quot;,&quot;iw-visible-screen&quot;:&quot;iw-all&quot;,&quot;iw-visible-layout&quot;:&quot;iw-all&quot;,&quot;margin&quot;:&quot;0px 0px 0px 0px&quot;}\">\u00a0<\/div>\n<div data-index=\"1\" data-style=\"{&quot;background_image_attachment&quot;:false,&quot;background_display&quot;:&quot;tile&quot;,&quot;iw-visible-screen&quot;:&quot;iw-all&quot;,&quot;iw-visible-layout&quot;:&quot;iw-all&quot;,&quot;margin&quot;:&quot;0px 0px 0px 0px&quot;}\"><hr \/><\/div>\n<div data-index=\"1\" data-style=\"{&quot;background_image_attachment&quot;:false,&quot;background_display&quot;:&quot;tile&quot;,&quot;iw-visible-screen&quot;:&quot;iw-all&quot;,&quot;iw-visible-layout&quot;:&quot;iw-all&quot;,&quot;margin&quot;:&quot;0px 0px 0px 0px&quot;}\">\u00a0<\/div>\n<h4 data-index=\"1\" data-style=\"{&quot;background_image_attachment&quot;:false,&quot;background_display&quot;:&quot;tile&quot;,&quot;iw-visible-screen&quot;:&quot;iw-all&quot;,&quot;iw-visible-layout&quot;:&quot;iw-all&quot;,&quot;margin&quot;:&quot;0px 0px 0px 0px&quot;}\">Kiinnostaako liitty\u00e4 hilpe\u00e4\u00e4n, taidokkaaseen joukkoomme?\u00a0<\/h4>\n<p data-index=\"1\" data-style=\"{&quot;background_image_attachment&quot;:false,&quot;background_display&quot;:&quot;tile&quot;,&quot;iw-visible-screen&quot;:&quot;iw-all&quot;,&quot;iw-visible-layout&quot;:&quot;iw-all&quot;,&quot;margin&quot;:&quot;0px 0px 0px 0px&quot;}\">Laita <a href=\"https:\/\/unreality.fi\/index.php\/koelaulut\/\">hakemus<\/a> nyt!<\/p>\n<div data-index=\"1\" data-style=\"{&quot;background_image_attachment&quot;:false,&quot;background_display&quot;:&quot;tile&quot;,&quot;iw-visible-screen&quot;:&quot;iw-all&quot;,&quot;iw-visible-layout&quot;:&quot;iw-all&quot;,&quot;margin&quot;:&quot;0px 0px 0px 0px&quot;}\">\u00a0<\/div>\n<div id=\"pl-1487\" class=\"panel-layout\">\n<div id=\"pg-1487-1\" class=\"panel-grid panel-has-style\" style=\"text-align: left;\" data-style=\"{&quot;padding&quot;:&quot;0px 0px 45px 0px&quot;,&quot;background_display&quot;:&quot;tile&quot;,&quot;cell_alignment&quot;:&quot;flex-start&quot;}\">\n<div class=\"panel-row-style panel-row-style-for-1487-1\">\n<div id=\"pgc-1487-1-0\" class=\"panel-grid-cell\" data-weight=\"1\">\n<div class=\"so-panel widget widget_aux_text panel-first-child panel-last-child\" data-index=\"1\" data-style=\"{&quot;background_image_attachment&quot;:false,&quot;background_display&quot;:&quot;tile&quot;,&quot;iw-visible-screen&quot;:&quot;iw-all&quot;,&quot;iw-visible-layout&quot;:&quot;iw-all&quot;,&quot;margin&quot;:&quot;0px 0px 0px 0px&quot;}\">\n<p><img loading=\"lazy\" decoding=\"async\" class=\"alignnone wp-image-4307 size-full\" src=\"https:\/\/unreality.fi\/wp-content\/uploads\/2023\/09\/Kuoro-Ghost-Songs-Cropped.jpg\" alt=\"\" width=\"1940\" height=\"1018\" \/><\/p>\n<\/div>\n<\/div>\n<\/div>\n<\/div>\n<\/div>\n<div data-index=\"1\" data-style=\"{&quot;background_image_attachment&quot;:false,&quot;background_display&quot;:&quot;tile&quot;,&quot;iw-visible-screen&quot;:&quot;iw-all&quot;,&quot;iw-visible-layout&quot;:&quot;iw-all&quot;,&quot;margin&quot;:&quot;0px 0px 0px 0px&quot;}\">\u00a0<\/div>\n<hr \/>\n\n\n<div class=\"wp-block-columns is-layout-flex wp-container-core-columns-layout-2 wp-block-columns-is-layout-flex\">\n<div class=\"wp-block-column is-layout-flow wp-block-column-is-layout-flow\">\n<h3 class=\"wp-block-heading\">YouTube<\/h3>\n\n\n\n<iframe loading=\"lazy\"  id=\"_ytid_39587\"  width=\"480\" height=\"270\"  data-origwidth=\"480\" data-origheight=\"270\" src=\"https:\/\/www.youtube.com\/embed\/Trf657XNEl0\">https:\/\/www.youtube.com\/watch?enablejsapi=1&autoplay=0&cc_load_policy=0&cc_lang_pref=&iv_load_policy=1&loop=0&rel=0&fs=1&playsinline=0&autohide=2&theme=dark&color=red&controls=1&disablekb=0&\" class=\"__youtube_prefs__  no-lazyload\" title=\"YouTube player\"  allow=\"fullscreen; accelerometer; autoplay; clipboard-write; encrypted-media; gyroscope; picture-in-picture; web-share\" referrerpolicy=\"strict-origin-when-cross-origin\" allowfullscreen data-no-lazy=\"1\" data-skipgform_ajax_framebjll=\"\"><\/iframe>\n\n\n\n<p><\/p>\n\n\n\n<h3 class=\"wp-block-heading\">Facebook<\/h3>\n\n\n\n<figure class=\"wp-block-image size-full\"><a href=\"https:\/\/www.facebook.com\/unrealitykuoro\/\"><img loading=\"lazy\" decoding=\"async\" width=\"952\" height=\"199\" src=\"https:\/\/unreality.fi\/wp-content\/uploads\/2024\/02\/Nayttokuva-2024-02-14-234644.png\" alt=\"\" class=\"wp-image-4414\"\/><\/a><\/figure>\n<\/div>\n\n\n\n<div class=\"wp-block-column is-layout-flow wp-block-column-is-layout-flow\">\n<blockquote class=\"instagram-media\" style=\"background: #FFF; border: 0; border-radius: 3px; box-shadow: 0 0 1px 0 rgba(0,0,0,0.5),0 1px 10px 0 rgba(0,0,0,0.15); margin: 1px; max-width: 540px; min-width: 326px; padding: 0; width: calc(100% - 2px);\" data-instgrm-captioned=\"\" data-instgrm-permalink=\"https:\/\/www.instagram.com\/p\/DHvZ7AAtaQP\/\" data-instgrm-version=\"14\">\n<div style=\"padding: 16px;\">\n<div style=\"display: flex; flex-direction: row; align-items: center;\">\n<div style=\"background-color: #f4f4f4; border-radius: 50%; flex-grow: 0; height: 40px; margin-right: 14px; width: 40px;\">\u00a0<\/div>\n<div style=\"display: flex; flex-direction: column; flex-grow: 1; justify-content: center;\">\n<div style=\"background-color: #f4f4f4; border-radius: 4px; flex-grow: 0; height: 14px; margin-bottom: 6px; width: 100px;\">\u00a0<\/div>\n<div style=\"background-color: #f4f4f4; border-radius: 4px; flex-grow: 0; height: 14px; width: 60px;\">\u00a0<\/div>\n<\/div>\n<\/div>\n<\/div>\n<div style=\"padding: 19% 0;\">\u00a0<\/div>\n<div style=\"padding: 16px;\">\n<div style=\"display: block; height: 50px; margin: 0 auto 12px; width: 50px;\">\u00a0<\/div>\n<div style=\"padding-top: 8px;\">\n<div style=\"color: #3897f0; font-family: Arial,sans-serif; font-size: 14px; font-style: normal; font-weight: 550; line-height: 18px;\">View this post on Instagram<\/div>\n<\/div>\n<div style=\"padding: 12.5% 0;\">\u00a0<\/div>\n<div style=\"display: flex; flex-direction: row; margin-bottom: 14px; align-items: center;\">\n<div>\n<div style=\"background-color: #f4f4f4; border-radius: 50%; height: 12.5px; width: 12.5px; transform: translateX(0px) translateY(7px);\">\u00a0<\/div>\n<div style=\"background-color: #f4f4f4; height: 12.5px; transform: rotate(-45deg) translateX(3px) translateY(1px); width: 12.5px; flex-grow: 0; margin-right: 14px; margin-left: 2px;\">\u00a0<\/div>\n<div style=\"background-color: #f4f4f4; border-radius: 50%; height: 12.5px; width: 12.5px; transform: translateX(9px) translateY(-18px);\">\u00a0<\/div>\n<\/div>\n<div style=\"margin-left: 8px;\">\n<div style=\"background-color: #f4f4f4; border-radius: 50%; flex-grow: 0; height: 20px; width: 20px;\">\u00a0<\/div>\n<div style=\"width: 0; height: 0; border-top: 2px solid transparent; border-left: 6px solid #F4F4F4; border-bottom: 2px solid transparent; transform: translateX(16px) translateY(-4px) rotate(30deg);\">\u00a0<\/div>\n<\/div>\n<div style=\"margin-left: auto;\">\n<div style=\"width: 0px; border-top: 8px solid #F4F4F4; border-right: 8px solid transparent; transform: translateY(16px);\">\u00a0<\/div>\n<div style=\"background-color: #f4f4f4; flex-grow: 0; height: 12px; width: 16px; transform: translateY(-4px);\">\u00a0<\/div>\n<div style=\"width: 0; height: 0; border-top: 8px solid #F4F4F4; border-left: 8px solid transparent; transform: translateY(-4px) translateX(8px);\">\u00a0<\/div>\n<\/div>\n<\/div>\n<div style=\"display: flex; flex-direction: column; flex-grow: 1; justify-content: center; margin-bottom: 24px;\">\n<div style=\"background-color: #f4f4f4; border-radius: 4px; flex-grow: 0; height: 14px; margin-bottom: 6px; width: 224px;\">\u00a0<\/div>\n<div style=\"background-color: #f4f4f4; border-radius: 4px; flex-grow: 0; height: 14px; width: 144px;\">\u00a0<\/div>\n<\/div>\n<p style=\"color: #c9c8cd; font-family: Arial,sans-serif; font-size: 14px; line-height: 17px; margin-bottom: 0; margin-top: 8px; overflow: hidden; padding: 8px 0 7px; text-align: center; text-overflow: ellipsis; white-space: nowrap;\"><a style=\"color: #c9c8cd; font-family: Arial,sans-serif; font-size: 14px; font-style: normal; font-weight: normal; line-height: 17px; text-decoration: none;\" href=\"https:\/\/www.instagram.com\/p\/C14kQmct-4W\/?utm_source=ig_embed&amp;utm_campaign=loading\" target=\"_blank\" rel=\"noopener\">A post shared by Unreality (@unrealitykuoro)<\/a><\/p>\n<\/div>\n<\/blockquote>\n<p><script async src=\"\/\/www.instagram.com\/embed.js\"><\/script><\/p>\n<\/div>\n<\/div>\n","protected":false},"excerpt":{"rendered":"<p>Suomen ensimm\u00e4inen elokuva-, tv-sarja-, peli- ja animaatiomusiikille omistautunut kuoro.Kuoroa johtaa Jari Koivistoinen. Sekakuoro Unreality esitt\u00e4\u00e4:Lauluja t\u00e4htien takaa Musiikkia peleist\u00e4, elokuvista ja TV-sarjoista kuorolle sovitettuna Uteliaisuus, unelma lent\u00e4misest\u00e4, t\u00e4htitaivas, kiehtovat mysteerit \u2013 kun tarinan aihe ylitt\u00e4\u00e4 arkisen maailman ulottuvuudet, tarvitaan avuksi n\u00e4ytt\u00e4m\u00f6, jossa vain mielikuvitus on rajana: avaruus. Unreality esitt\u00e4\u00e4 Stoan teatterisalissa (Turunlinnantie 1a, 00900 Helsinki) [&hellip;]<\/p>\n","protected":false},"author":2,"featured_media":1558,"parent":0,"menu_order":0,"comment_status":"closed","ping_status":"closed","template":"","meta":{"_exactmetrics_skip_tracking":false,"_exactmetrics_sitenote_active":false,"_exactmetrics_sitenote_note":"","_exactmetrics_sitenote_category":0,"footnotes":""},"_links":{"self":[{"href":"https:\/\/unreality.fi\/index.php\/wp-json\/wp\/v2\/pages\/1487"}],"collection":[{"href":"https:\/\/unreality.fi\/index.php\/wp-json\/wp\/v2\/pages"}],"about":[{"href":"https:\/\/unreality.fi\/index.php\/wp-json\/wp\/v2\/types\/page"}],"author":[{"embeddable":true,"href":"https:\/\/unreality.fi\/index.php\/wp-json\/wp\/v2\/users\/2"}],"replies":[{"embeddable":true,"href":"https:\/\/unreality.fi\/index.php\/wp-json\/wp\/v2\/comments?post=1487"}],"version-history":[{"count":195,"href":"https:\/\/unreality.fi\/index.php\/wp-json\/wp\/v2\/pages\/1487\/revisions"}],"predecessor-version":[{"id":4917,"href":"https:\/\/unreality.fi\/index.php\/wp-json\/wp\/v2\/pages\/1487\/revisions\/4917"}],"wp:featuredmedia":[{"embeddable":true,"href":"https:\/\/unreality.fi\/index.php\/wp-json\/wp\/v2\/media\/1558"}],"wp:attachment":[{"href":"https:\/\/unreality.fi\/index.php\/wp-json\/wp\/v2\/media?parent=1487"}],"curies":[{"name":"wp","href":"https:\/\/api.w.org\/{rel}","templated":true}]}}