{"id":1672,"date":"2017-10-29T19:18:36","date_gmt":"2017-10-29T19:18:36","guid":{"rendered":"http:\/\/unreality.tulilaulu.net\/dev\/?page_id=1672"},"modified":"2024-07-24T11:38:23","modified_gmt":"2024-07-24T08:38:23","slug":"taiteellinen-johtaja","status":"publish","type":"page","link":"https:\/\/unreality.fi\/index.php\/historia\/taiteellinen-johtaja\/","title":{"rendered":"Taiteellinen johtaja"},"content":{"rendered":"<div id=\"pl-1672\"  class=\"panel-layout\" ><div id=\"pg-1672-0\"  class=\"panel-grid panel-no-style\" ><div id=\"pgc-1672-0-0\"  class=\"panel-grid-cell panel-grid-cell-empty\" ><\/div><\/div><div id=\"pg-1672-1\"  class=\"panel-grid panel-no-style\" ><div id=\"pgc-1672-1-0\"  class=\"panel-grid-cell\" ><div id=\"panel-1672-1-0-0\" class=\"so-panel widget panel-first-child panel-last-child\" data-index=\"0\" ><\/div><\/div><div id=\"pgc-1672-1-1\"  class=\"panel-grid-cell\" ><div id=\"panel-1672-1-1-0\" class=\"so-panel widget widget_text panel-first-child panel-last-child\" data-index=\"1\" >\t\t\t<div class=\"textwidget\"><p>Jari Koivistoinen on helsinkil\u00e4inen kuoronjohtaja ja muusikko, jonka kokemus kuorojen parissa k\u00e4sitt\u00e4\u00e4 niin pieni\u00e4 ammattikokoonpanoja kuin isoja suurkuoroja.<br \/>\nUnrealityn lis\u00e4ksi Jari toimii varajohtajana Tapiolan kamarikuorossa ja Helsingin filharmonisen kuoron kuoromestarina. Lis\u00e4ksi h\u00e4n toimii Cantores Minores-poikakuorossa kouluttajana, ja on kysytty harjoittaja, joka on tehnyt yhteisty\u00f6t\u00e4 monen muunkin p\u00e4\u00e4kaupunkiseudun kuoron kanssa (mm. Murtosointu, Mieskuoro Manifestum, Kumpulan kuoro, Helsingin Poliisilaulajat). Kuoronjohdon lis\u00e4ksi h\u00e4n tekee my\u00f6s kanttorin t\u00f6it\u00e4 Hietaniemen hautausmaalla ja toimii monipuolisesti musiikin parissa niin harjoituspianistina, kamarimuusikkona, laulajana kuin s\u00e4velt\u00e4j\u00e4n\u00e4 ja sovittajana.<br \/>\nMusiikin ohella Jari on kaikenlaisen muunkin kulttuurin suurkuluttaja, jonka kiinnostuksen piiriin kuuluvat mm. elokuvat, pelit, kuvataiteet ja standup. Yhteisty\u00f6 Unrealityn kanssa alkoi kev\u00e4\u00e4ll\u00e4 2017.<\/p>\n<p>Jari Koivistoinen is a choir director and musician from Helsinki, with experience with both small professional groups and large choirs. In addition to Unreality, Jari also acts as the second lead for Tapiola kamarikuoro and as choir master for Helsinki filharmoninen kuoro. In addition, he acts as a music teacher for the Cantores Minores boys\u2019 choir, which has cooperated with many other choirs in the Helsinki capital region, incl. Murtosointu, Mieskuoro Manifestum, Kumpulan kuoro and Helsingin Poliisilaulajat). In addition to choir work, Jari also works as the cantor for Hietaniemen hautausmaa cemetery and acts actively with music as an accompanying pianist, chamber musician, singer, composer and arranger. Besides music, he also consumes great amounts of other culture and is very interested in movies, games, arts and standup comedy, to name a few. Jari started working with Unreality in spring 2017.<\/p>\n<\/div>\n\t\t<\/div><\/div><\/div><\/div>","protected":false},"excerpt":{"rendered":"<p>Jari Koivistoinen on helsinkil\u00e4inen kuoronjohtaja ja muusikko, jonka kokemus kuorojen parissa k\u00e4sitt\u00e4\u00e4 niin pieni\u00e4 ammattikokoonpanoja kuin isoja suurkuoroja. Unrealityn lis\u00e4ksi Jari toimii varajohtajana Tapiolan kamarikuorossa ja Helsingin filharmonisen kuoron kuoromestarina. Lis\u00e4ksi h\u00e4n toimii Cantores Minores-poikakuorossa kouluttajana, ja on kysytty harjoittaja, joka on tehnyt yhteisty\u00f6t\u00e4 monen muunkin p\u00e4\u00e4kaupunkiseudun kuoron kanssa (mm. Murtosointu, Mieskuoro Manifestum, Kumpulan kuoro, [&hellip;]<\/p>\n","protected":false},"author":2,"featured_media":0,"parent":1345,"menu_order":0,"comment_status":"closed","ping_status":"closed","template":"","meta":{"_exactmetrics_skip_tracking":false,"_exactmetrics_sitenote_active":false,"_exactmetrics_sitenote_note":"","_exactmetrics_sitenote_category":0,"footnotes":""},"_links":{"self":[{"href":"https:\/\/unreality.fi\/index.php\/wp-json\/wp\/v2\/pages\/1672"}],"collection":[{"href":"https:\/\/unreality.fi\/index.php\/wp-json\/wp\/v2\/pages"}],"about":[{"href":"https:\/\/unreality.fi\/index.php\/wp-json\/wp\/v2\/types\/page"}],"author":[{"embeddable":true,"href":"https:\/\/unreality.fi\/index.php\/wp-json\/wp\/v2\/users\/2"}],"replies":[{"embeddable":true,"href":"https:\/\/unreality.fi\/index.php\/wp-json\/wp\/v2\/comments?post=1672"}],"version-history":[{"count":10,"href":"https:\/\/unreality.fi\/index.php\/wp-json\/wp\/v2\/pages\/1672\/revisions"}],"predecessor-version":[{"id":4595,"href":"https:\/\/unreality.fi\/index.php\/wp-json\/wp\/v2\/pages\/1672\/revisions\/4595"}],"up":[{"embeddable":true,"href":"https:\/\/unreality.fi\/index.php\/wp-json\/wp\/v2\/pages\/1345"}],"wp:attachment":[{"href":"https:\/\/unreality.fi\/index.php\/wp-json\/wp\/v2\/media?parent=1672"}],"curies":[{"name":"wp","href":"https:\/\/api.w.org\/{rel}","templated":true}]}}