{"id":1703,"date":"2017-10-29T20:20:33","date_gmt":"2017-10-29T20:20:33","guid":{"rendered":"http:\/\/unreality.tulilaulu.net\/dev\/?page_id=1703"},"modified":"2019-07-27T20:24:17","modified_gmt":"2019-07-27T20:24:17","slug":"media","status":"publish","type":"page","link":"https:\/\/unreality.fi\/index.php\/media\/","title":{"rendered":"Medialle"},"content":{"rendered":"<div id=\"pl-1703\"  class=\"panel-layout\" ><div id=\"pg-1703-0\"  class=\"panel-grid panel-no-style\" ><div id=\"pgc-1703-0-0\"  class=\"panel-grid-cell\" ><div id=\"panel-1703-0-0-0\" class=\"so-panel widget widget_sow-editor panel-first-child\" data-index=\"0\" ><div\n\t\t\t\n\t\t\tclass=\"so-widget-sow-editor so-widget-sow-editor-base\"\n\t\t\t\n\t\t>\n<div class=\"siteorigin-widget-tinymce textwidget\">\n\t<h2>Bio<\/h2>\n<p>Unreality on vuonna 2014 perustettu helsinkil\u00e4inen sekakuoro, joka on ensimm\u00e4isen\u00e4 kuorona Suomessa omistautunut vain elokuva-, tv-sarja-, peli- ja animaatiomusiikille. Uniikit, itse sovitetut kappaleet ja oranssinhehkuinen lohik\u00e4\u00e4rme ovat t\u00e4m\u00e4n 40-henkisen laulajaporukan tunnusmerkkej\u00e4. Unreality esiintyy vuosittain massiivisissa yleis\u00f6tapahtumissa, ja pitk\u00e4\u00e4n valloituslistaan sis\u00e4ltyv\u00e4t mm. Tracon, Ropecon, Helsinki Game Music Festival, Worldcon 75 sek\u00e4 yhteiskonsertti Akateemisen puhallinorkesterin kanssa. Lis\u00e4ksi kuoro j\u00e4rjest\u00e4\u00e4 omia konsertteja pari kertaa vuodessa ja keikkailee rakastetun pienryhm\u00e4 Nanorealityn voimin kaikenkokoisissa tapahtumissa. Kuoron taiteellisena johtajana toimii Jari Koivistoinen.<\/p>\n<p>Unreality is a Helsinki-based mixed choir, founded in January 2014. This choral society is the first Finnish choir to sing music exclusively from movies, TV series, video games and animations. Unique choral arrangements and the blazing orange dragon are its trademarks \u2013 time after time they take the listener to beloved sceneries beyond reality and back again. Every year Unreality performs at massive conventions and the long list of conquests includes events such as Tracon, Ropecon, Helsinki Game Music Festival, Worldcon 75 and a joint concert with Helsinki Symphonic Winds. Additionally, the choir holds concerts twice a year and its small group, Nanoreality, is also actively doing gigs in events of all sizes. The choir's artistic director is Jari Koivistoinen.<\/p>\n<\/div>\n<\/div><\/div><div id=\"panel-1703-0-0-1\" class=\"widget_text so-panel widget widget_custom_html\" data-index=\"1\" ><div class=\"textwidget custom-html-widget\"><h2>\nKuvia\n<\/h2>\n\n\n<table id=\"tablepress-2\" class=\"tablepress tablepress-id-2\">\n<tbody>\n<tr class=\"row-1\">\n\t<td class=\"column-1\"><a href=\"http:\/\/unreality.fi\/wp-content\/uploads\/2017\/12\/unreality_logo_final.png\"><img loading=\"lazy\" decoding=\"async\" src=\"http:\/\/unreality.fi\/wp-content\/uploads\/2017\/12\/unreality_logo_final-300x146.png\" alt=\"\" width=\"300\" height=\"146\" class=\"alignnone size-medium wp-image-2167\" srcset=\"https:\/\/unreality.fi\/wp-content\/uploads\/2017\/12\/unreality_logo_final-300x146.png 300w, https:\/\/unreality.fi\/wp-content\/uploads\/2017\/12\/unreality_logo_final-768x373.png 768w, https:\/\/unreality.fi\/wp-content\/uploads\/2017\/12\/unreality_logo_final-1024x497.png 1024w, https:\/\/unreality.fi\/wp-content\/uploads\/2017\/12\/unreality_logo_final.png 1170w\" sizes=\"(max-width: 300px) 100vw, 300px\" \/><\/a><\/td><td class=\"column-2\"><a href=\"http:\/\/unreality.fi\/wp-content\/uploads\/2017\/05\/DSC09598.jpg\"><img loading=\"lazy\" decoding=\"async\" src=\"http:\/\/unreality.fi\/wp-content\/uploads\/2017\/05\/DSC09598-300x169.jpg\" alt=\"\" width=\"300\" height=\"169\" class=\"alignnone size-medium wp-image-2584\" srcset=\"https:\/\/unreality.fi\/wp-content\/uploads\/2017\/05\/DSC09598-300x169.jpg 300w, https:\/\/unreality.fi\/wp-content\/uploads\/2017\/05\/DSC09598-768x432.jpg 768w, https:\/\/unreality.fi\/wp-content\/uploads\/2017\/05\/DSC09598-1024x576.jpg 1024w\" sizes=\"(max-width: 300px) 100vw, 300px\" \/><\/a><\/td><td class=\"column-3\"><a href=\"http:\/\/unreality.fi\/wp-content\/uploads\/2017\/09\/MKA4416.jpg\"><img loading=\"lazy\" decoding=\"async\" src=\"http:\/\/unreality.fi\/wp-content\/uploads\/2017\/09\/MKA4416-300x214.jpg\" alt=\"\" width=\"300\" height=\"214\" class=\"alignnone size-medium wp-image-1513\" srcset=\"https:\/\/unreality.fi\/wp-content\/uploads\/2017\/09\/MKA4416-300x214.jpg 300w, https:\/\/unreality.fi\/wp-content\/uploads\/2017\/09\/MKA4416-768x549.jpg 768w, https:\/\/unreality.fi\/wp-content\/uploads\/2017\/09\/MKA4416-1024x731.jpg 1024w\" sizes=\"(max-width: 300px) 100vw, 300px\" \/><\/a><\/td><td class=\"column-4\"><\/td>\n<\/tr>\n<\/tbody>\n<\/table>\n<!-- #tablepress-2 from cache -->\n\n<p>Kuvaajan nimi mainittava julkaistaessa.<\/p><\/div><\/div><div id=\"panel-1703-0-0-2\" class=\"widget_text so-panel widget widget_custom_html panel-last-child\" data-index=\"2\" ><div class=\"textwidget custom-html-widget\"><h2>Muualla mediassa<\/h2>\n<ul>\n<li><a href=\"https:\/\/blog.ropecon.fi\/kuoroja-ja-konsertteja-ropeconissa\/\">Kuoroja ja konsertteja Ropeconissa<\/a> (Ropenomicon 3.7.2019)<\/li>\n<li><a href=\"https:\/\/popcult.fi\/blogi\/totoroa-witcheria-sormusten-herraa-ja-toy-storya-sekakuoro-unrealityn-pienryhma-laulaa-popcultissa\">Totoroa, Witcheria, Sormusten herraa ja Toy Storya \u2013 sekakuoro Unrealityn pienryhm\u00e4 laulaa Popcultissa!<\/a> (Popcult 5.3.2019)<\/li>\n<li><a href=\"https:\/\/www.ess.fi\/uutiset\/paijathame\/art2519984\">Anime- ja mangafanien Desucon Frostbite j\u00e4lleen Lahdessa viikonloppuna \u2013 kunniavieraana Cowboy Bebop -k\u00e4sikirjoittaja<\/a> (Etel\u00e4-Suomen Sanomat 14.2.2019)<\/li>\n<li><a href=\"https:\/\/www.konsolifin.net\/artikkeli\/helsinki-game-music-festival-kerasi-yhteen-useamman-sukupolven-pelifanit\">Helsinki Game Music Festival ker\u00e4si yhteen useamman sukupolven pelifanit<\/a> (KonsoliFIN 24.5.2018)<\/li>\n<li><a href=\"https:\/\/2018.tracon.fi\/blog\/2018\/05\/03\/eeppinen-konsertti-todellisuuden-aarirajoilta\">Eeppinen konsertti todellisuuden \u00e4\u00e4rirajoilta<\/a> (Tracon 3.5.2018)<\/li>\n<li><a href=\"https:\/\/www.hbl.fi\/artikel\/lange-leve-spelmusiken\/\">L\u00e4nge leve spelmusiken<\/a> (Hufvudstadsbladet 3.5.2018)<\/li>\n<li><a href=\"https:\/\/www.konsolifin.net\/uutinen\/suomen-ensimmaista-pelimusiikkifestivaalia-vietetaan-toukokuussa-ndash-koko-ohjelma-nyt-selvilla\">Suomen ensimm\u00e4ist\u00e4 pelimusiikkifestivaalia vietet\u00e4\u00e4n toukokuussa \u2013 koko ohjelma nyt selvill\u00e4<\/a> (KonsoliFIN 16.4.2018)<\/li>\n<li><a href=\"https:\/\/muropaketti.com\/pelit\/peliuutiset\/helsinki-game-music-festivalin-ohjelma-paljastettu\/\">Helsinki Game Music Festivalin ohjelma paljastettu<\/a> (Muropaketti 16.4.2018)<\/li>\n<li><a href=\"https:\/\/gameharmony.com\/fi\/konsertit\/hgmf\/\">Helsinki Game Music Festival<\/a> (Game Harmony 12.4.2018)<\/li>\n<li><a href=\"https:\/\/www.tilt.fi\/uutiset\/helsinkiin-jotain-ennenkuulumatonta-kokonainen-festivaali-pelimusiikille\/\">Helsinkiin jotain ennenkuulumatonta \u2013 kokonainen festivaali pelimusiikille<\/a> (Tilt 11.3.2018)<\/li>\n<li><a href=\"https:\/\/www.v2.fi\/uutiset\/pelit\/28088\/Helsinki-Game-Music-Festival-kaynnistaa-suomalaisten-pelimusiikkiorkesterien-kevaan\/\">Helsinki Game Music Festival k\u00e4ynnist\u00e4\u00e4 suomalaisten pelimusiikkiorkesterien kev\u00e4\u00e4n<\/a> (V2.fi 27.2.2018)<\/li>\n<li><a href=\"https:\/\/www.tilt.fi\/uutiset\/pelimusiikkifestarit-valtaavat-helsingin-merkkaa-tama-kalenteriisi\/\">Pelimusiikkifestarit valtaavat Helsingin \u2013 merkkaa t\u00e4m\u00e4 kalenteriisi!<\/a> (Tilt 19.2.2018)<\/li>\n<li><a href=\"http:\/\/yukicon.fi\/yleinen\/2017\/11\/16\/unreality-kuoro\/\">Unreality-kuoro saapuu Yukiconiin<\/a> (Yukicon 16.11.2017)<\/li>\n<li><a href=\"https:\/\/www.city.fi\/opas\/art+goes+kapakka+tasmatarpit\/11156\">Art Goes Kapakka: T\u00e4sm\u00e4t\u00e4rpit<\/a> (City 14.8.2017)<\/li>\n<li><a href=\"https:\/\/www.youtube.com\/watch?v=Y90nK0t5PN0&amp;feature=youtu.be&amp;t=517\">WORLDCON 75 | Opening Ceremonies<\/a> (Worldcon 75 10.8.2017)<\/li>\n<li><a href=\"https:\/\/www.helsinginuutiset.fi\/artikkeli\/543117-suomeen-saapuu-jattimaara-scifi-ja-fantasiafaneja-ympari-maailmaa-jo-lippujen-hinta\">Suomeen saapuu j\u00e4ttim\u00e4\u00e4r\u00e4 scifi- ja fantasiafaneja ymp\u00e4ri maailmaa \u2013 \"Jo lippujen hinta kertoo, ett\u00e4 t\u00e4m\u00e4 on iso juttu\"<\/a> (Helsingin Uutiset \/ L\u00e4nsiv\u00e4yl\u00e4 26.7.2017)<\/li>\n<li><a href=\"https:\/\/www.youtube.com\/watch?v=BFlbekR4YyE\">Unreality: Starstruck (Tracon 2017)<\/a> (Tracon 9.7.2017)<\/li>\n<li><a href=\"https:\/\/popcult.fi\/blogi\/kuoromusiikkia-popcult-helsingissa-luvassa-scifi-rymistelya-nostalgiaa-ja-fantasiaa\">Kuoromusiikkia Popcult Helsingiss\u00e4! Luvassa scifi-rymistely\u00e4, nostalgiaa ja fantasiaa!<\/a> (Popcult Helsinki 13.4.2017)<\/li>\n<li><a href=\"https:\/\/www.youtube.com\/watch?v=hYC7bqyi12c&amp;t=1295s\">#33 - Desucon Frostbite 2017: Lehmipoikia Sibeliustalolla<\/a> (Siniristiotakut 3.2.2017)<\/li>\n<li><a href=\"https:\/\/desucon.fi\/blogi\/2016\/12\/luukku-17-unreality-kuoro-frostbitessa\/\">Luukku 17: Unreality-kuoro Frostbitess\u00e4!<\/a> (Desucon 17.12.2016)<\/li>\n<li><a href=\"https:\/\/www.youtube.com\/watch?v=JVVzPmizggY\">GameXpo X Unreality<\/a> (DigiXpo 3.11.2016)<\/li>\n<li><a href=\"https:\/\/siniristiotakut.com\/2016\/02\/03\/24-desucon-frostbite-2k16\/\">#24 - Desucon Frostbite 2K16<\/a> (Siniristiotakut 3.2.2016, 1:18:10)<\/li>\n<li><a href=\"https:\/\/www.hs.fi\/nyt\/art-2000002824174.html\" target=\"_blank\" rel=\"noopener\">Helsinkil\u00e4inen n\u00f6rttikuoro Unreality harjoittelee biisej\u00e4 Skyrim-pelist\u00e4 ja Hobitista<\/a> (Nyt-liite, Helsingin Sanomat 16.5.2015)<\/li>\n<li><a href=\"https:\/\/www.ropecon.fi\/pmwiki\/Uutiset\/UnrealityConissa\">Unreality-kuoro keikalla Ropeconissa<\/a> (Ropecon 14.5.2015)<\/li>\n<li><a href=\"http:\/\/geekgirls.fi\/wp\/blog\/2014\/06\/05\/norttimusiikki-soikoon\/\" target=\"_blank\" rel=\"noopener\">N\u00f6rttimusiikki soikoon<\/a> (N\u00f6rttityt\u00f6t 5.6.2014)<\/li>\n<\/ul><\/div><\/div><\/div><\/div><\/div>","protected":false},"excerpt":{"rendered":"<p>Bio Unreality on vuonna 2014 perustettu helsinkil\u00e4inen sekakuoro, joka on ensimm\u00e4isen\u00e4 kuorona Suomessa omistautunut vain elokuva-, tv-sarja-, peli- ja animaatiomusiikille. Uniikit, itse sovitetut kappaleet ja oranssinhehkuinen lohik\u00e4\u00e4rme ovat t\u00e4m\u00e4n 40-henkisen laulajaporukan tunnusmerkkej\u00e4. Unreality esiintyy vuosittain massiivisissa yleis\u00f6tapahtumissa, ja pitk\u00e4\u00e4n valloituslistaan sis\u00e4ltyv\u00e4t mm. Tracon, Ropecon, Helsinki Game Music Festival, Worldcon 75 sek\u00e4 yhteiskonsertti Akateemisen puhallinorkesterin kanssa. [&hellip;]<\/p>\n","protected":false},"author":2,"featured_media":0,"parent":0,"menu_order":0,"comment_status":"closed","ping_status":"closed","template":"","meta":{"_exactmetrics_skip_tracking":false,"_exactmetrics_sitenote_active":false,"_exactmetrics_sitenote_note":"","_exactmetrics_sitenote_category":0,"footnotes":""},"_links":{"self":[{"href":"https:\/\/unreality.fi\/index.php\/wp-json\/wp\/v2\/pages\/1703"}],"collection":[{"href":"https:\/\/unreality.fi\/index.php\/wp-json\/wp\/v2\/pages"}],"about":[{"href":"https:\/\/unreality.fi\/index.php\/wp-json\/wp\/v2\/types\/page"}],"author":[{"embeddable":true,"href":"https:\/\/unreality.fi\/index.php\/wp-json\/wp\/v2\/users\/2"}],"replies":[{"embeddable":true,"href":"https:\/\/unreality.fi\/index.php\/wp-json\/wp\/v2\/comments?post=1703"}],"version-history":[{"count":13,"href":"https:\/\/unreality.fi\/index.php\/wp-json\/wp\/v2\/pages\/1703\/revisions"}],"predecessor-version":[{"id":3738,"href":"https:\/\/unreality.fi\/index.php\/wp-json\/wp\/v2\/pages\/1703\/revisions\/3738"}],"wp:attachment":[{"href":"https:\/\/unreality.fi\/index.php\/wp-json\/wp\/v2\/media?parent=1703"}],"curies":[{"name":"wp","href":"https:\/\/api.w.org\/{rel}","templated":true}]}}