{"id":2742,"date":"2018-05-30T12:43:18","date_gmt":"2018-05-30T09:43:18","guid":{"rendered":"http:\/\/unreality.fi\/?page_id=2742"},"modified":"2018-10-28T18:32:41","modified_gmt":"2018-10-28T18:32:41","slug":"epic-together-vuotalo-6-9-2018","status":"publish","type":"page","link":"https:\/\/unreality.fi\/index.php\/epic-together-vuotalo-6-9-2018\/","title":{"rendered":"Epic Together &#8211; 6.9.2018 &amp; 9.9.2018"},"content":{"rendered":"<div id=\"pl-2742\" class=\"panel-layout\">\n<div id=\"pg-2742-0\" class=\"panel-grid panel-no-style\">\n<div id=\"pgc-2742-0-0\" class=\"panel-grid-cell\" data-weight=\"1\">\n<div id=\"panel-2742-0-0-0\" class=\"so-panel widget widget_sow-editor panel-first-child panel-last-child\" data-index=\"0\" data-style=\"{&quot;background_image_attachment&quot;:false,&quot;background_display&quot;:&quot;tile&quot;,&quot;iw-visible-screen&quot;:&quot;iw-all&quot;,&quot;iw-visible-layout&quot;:&quot;iw-all&quot;}\">\n<div class=\"so-widget-sow-editor so-widget-sow-editor-base\">\n<div class=\"siteorigin-widget-tinymce textwidget\">\n<p><img loading=\"lazy\" decoding=\"async\" class=\"aligncenter wp-image-2640 size-large\" src=\"http:\/\/unreality.fi\/wp-content\/uploads\/2017\/05\/epic-together-red-yellow-website.jpg\" alt=\"\" width=\"1024\" height=\"483\" srcset=\"https:\/\/unreality.fi\/wp-content\/uploads\/2017\/05\/epic-together-red-yellow-website.jpg 2560w, https:\/\/unreality.fi\/wp-content\/uploads\/2017\/05\/epic-together-red-yellow-website-300x142.jpg 300w, https:\/\/unreality.fi\/wp-content\/uploads\/2017\/05\/epic-together-red-yellow-website-768x362.jpg 768w, https:\/\/unreality.fi\/wp-content\/uploads\/2017\/05\/epic-together-red-yellow-website-1024x483.jpg 1024w\" sizes=\"(max-width: 1024px) 100vw, 1024px\" \/><\/p>\n<p><span class=\"_4n-j _fbReactionComponent__eventDetailsContentTags fsl\" data-testid=\"event-permalink-details\">Sekakuoro <a href=\"http:\/\/unreality.fi\">Unreality<\/a> ja <a href=\"http:\/\/www.helsinkiwinds.com\">Akateeminen puhallinorkesteri<\/a> ensimm\u00e4ist\u00e4 kertaa samalla lavalla!<\/span><br \/>\nMik\u00e4 nostattaisikaan paremmin kylmi\u00e4 v\u00e4reit\u00e4 ja kyyneleit\u00e4 silm\u00e4kulmiin kuin kuoro ja orkesteri yhdess\u00e4? No tietysti n\u00e4m\u00e4 yhdistettyn\u00e4 peli-, animaatio- ja elokuvamusiikkiin! Mahtipontista jyrin\u00e4\u00e4 taistelutantereilta, syd\u00e4nt\u00e4s\u00e4rkev\u00e4\u00e4 draamaa, riemastuttavaa kisailua ja euforista harmoniaa aivan muista maailmoista. Sit\u00e4 he todellakin ovat: eeppisi\u00e4 yhdess\u00e4!<br \/>\nLippuja myynniss\u00e4 <a href=\"http:\/\/www.vuotalo.fi\/\">vuotalon<\/a> keikalle <a href=\"https:\/\/holvi.com\/shop\/unreality\/\">t\u00e4\u00e4ll\u00e4<\/a>! Lippujen hinnat ovat 20\u20ac normaalilipusta ja 15\u20ac alennusryhmille. Vuotalon keikalle on my\u00f6s <a href=\"https:\/\/www.facebook.com\/events\/1685654018178757\/\">facebook eventti<\/a>. <a href=\"https:\/\/2018.tracon.fi\/ohjelma\/konsertit\">Traconin keikalle<\/a> ei ole muuta maksua <a href=\"https:\/\/2018.tracon.fi\/\">Traconin<\/a> sis\u00e4\u00e4np\u00e4\u00e4syn lis\u00e4ksi. Konsertin s\u00e4hk\u00f6inen ohjelmalehti <a href=\"http:\/\/unreality.fi\/index.php\/epic-together\/\">suomeksi<\/a> ja <a href=\"http:\/\/unreality.fi\/index.php\/epic-together-2\/\">englanniksi<\/a>.<\/p>\n<figure id=\"attachment_2746\" aria-describedby=\"caption-attachment-2746\" style=\"width: 1024px\" class=\"wp-caption aligncenter\"><img loading=\"lazy\" decoding=\"async\" class=\"wp-image-2746 size-large\" src=\"http:\/\/unreality.fi\/wp-content\/uploads\/2018\/05\/URAPtreeni.png\" alt=\"\" width=\"1024\" height=\"538\" srcset=\"https:\/\/unreality.fi\/wp-content\/uploads\/2018\/05\/URAPtreeni.png 1200w, https:\/\/unreality.fi\/wp-content\/uploads\/2018\/05\/URAPtreeni-300x158.png 300w, https:\/\/unreality.fi\/wp-content\/uploads\/2018\/05\/URAPtreeni-768x403.png 768w, https:\/\/unreality.fi\/wp-content\/uploads\/2018\/05\/URAPtreeni-1024x538.png 1024w\" sizes=\"(max-width: 1024px) 100vw, 1024px\" \/><figcaption id=\"caption-attachment-2746\" class=\"wp-caption-text\">Ensimm\u00e4iset yhteisharkat Epic Together konserttia varten.<\/figcaption><\/figure>\n<\/div>\n<figure id=\"attachment_3230\" aria-describedby=\"caption-attachment-3230\" style=\"width: 1024px\" class=\"wp-caption aligncenter\"><img loading=\"lazy\" decoding=\"async\" class=\"wp-image-3230 size-large\" src=\"http:\/\/unreality.fi\/wp-content\/uploads\/2018\/10\/epic-together-yleiskuva-2-1024x684.jpg\" alt=\"\" width=\"1024\" height=\"684\" srcset=\"https:\/\/unreality.fi\/wp-content\/uploads\/2018\/10\/epic-together-yleiskuva-2-1024x684.jpg 1024w, https:\/\/unreality.fi\/wp-content\/uploads\/2018\/10\/epic-together-yleiskuva-2-300x200.jpg 300w, https:\/\/unreality.fi\/wp-content\/uploads\/2018\/10\/epic-together-yleiskuva-2-768x513.jpg 768w, https:\/\/unreality.fi\/wp-content\/uploads\/2018\/10\/epic-together-yleiskuva-2-600x400.jpg 600w, https:\/\/unreality.fi\/wp-content\/uploads\/2018\/10\/epic-together-yleiskuva-2-272x182.jpg 272w, https:\/\/unreality.fi\/wp-content\/uploads\/2018\/10\/epic-together-yleiskuva-2-500x334.jpg 500w, https:\/\/unreality.fi\/wp-content\/uploads\/2018\/10\/epic-together-yleiskuva-2-800x534.jpg 800w, https:\/\/unreality.fi\/wp-content\/uploads\/2018\/10\/epic-together-yleiskuva-2-1280x855.jpg 1280w, https:\/\/unreality.fi\/wp-content\/uploads\/2018\/10\/epic-together-yleiskuva-2-1920x1283.jpg 1920w, https:\/\/unreality.fi\/wp-content\/uploads\/2018\/10\/epic-together-yleiskuva-2.jpg 2048w\" sizes=\"(max-width: 1024px) 100vw, 1024px\" \/><figcaption id=\"caption-attachment-3230\" class=\"wp-caption-text\">Vuotalon konsertti. Kuvaaja Jasu Mattsson.<\/figcaption><\/figure>\n<figure id=\"attachment_3231\" aria-describedby=\"caption-attachment-3231\" style=\"width: 1024px\" class=\"wp-caption aligncenter\"><img loading=\"lazy\" decoding=\"async\" class=\"wp-image-3231 size-large\" src=\"http:\/\/unreality.fi\/wp-content\/uploads\/2018\/10\/tracon2018-mkc4032-1024x683.jpg\" alt=\"\" width=\"1024\" height=\"683\" srcset=\"https:\/\/unreality.fi\/wp-content\/uploads\/2018\/10\/tracon2018-mkc4032-1024x683.jpg 1024w, https:\/\/unreality.fi\/wp-content\/uploads\/2018\/10\/tracon2018-mkc4032-300x200.jpg 300w, https:\/\/unreality.fi\/wp-content\/uploads\/2018\/10\/tracon2018-mkc4032-768x512.jpg 768w, https:\/\/unreality.fi\/wp-content\/uploads\/2018\/10\/tracon2018-mkc4032-600x400.jpg 600w, https:\/\/unreality.fi\/wp-content\/uploads\/2018\/10\/tracon2018-mkc4032-272x182.jpg 272w, https:\/\/unreality.fi\/wp-content\/uploads\/2018\/10\/tracon2018-mkc4032-500x333.jpg 500w, https:\/\/unreality.fi\/wp-content\/uploads\/2018\/10\/tracon2018-mkc4032-800x533.jpg 800w, https:\/\/unreality.fi\/wp-content\/uploads\/2018\/10\/tracon2018-mkc4032-1280x853.jpg 1280w, https:\/\/unreality.fi\/wp-content\/uploads\/2018\/10\/tracon2018-mkc4032-1920x1280.jpg 1920w, https:\/\/unreality.fi\/wp-content\/uploads\/2018\/10\/tracon2018-mkc4032.jpg 2048w\" sizes=\"(max-width: 1024px) 100vw, 1024px\" \/><figcaption id=\"caption-attachment-3231\" class=\"wp-caption-text\">Traconin konsertti. Kuvaaja Mikko Karsisto.<\/figcaption><\/figure>\n<\/div>\n<p>&nbsp;<\/p>\n<\/div>\n<\/div>\n<\/div>\n<\/div>\n","protected":false},"excerpt":{"rendered":"<p>Sekakuoro Unreality ja Akateeminen puhallinorkesteri ensimm\u00e4ist\u00e4 kertaa samalla lavalla! Mik\u00e4 nostattaisikaan paremmin kylmi\u00e4 v\u00e4reit\u00e4 ja kyyneleit\u00e4 silm\u00e4kulmiin kuin kuoro ja orkesteri yhdess\u00e4? No tietysti n\u00e4m\u00e4 yhdistettyn\u00e4 peli-, animaatio- ja elokuvamusiikkiin! Mahtipontista jyrin\u00e4\u00e4 taistelutantereilta, syd\u00e4nt\u00e4s\u00e4rkev\u00e4\u00e4 draamaa, riemastuttavaa kisailua ja euforista harmoniaa aivan muista maailmoista. Sit\u00e4 he todellakin ovat: eeppisi\u00e4 yhdess\u00e4! Lippuja myynniss\u00e4 vuotalon keikalle t\u00e4\u00e4ll\u00e4! Lippujen [&hellip;]<\/p>\n","protected":false},"author":1,"featured_media":0,"parent":0,"menu_order":0,"comment_status":"closed","ping_status":"closed","template":"","meta":{"_exactmetrics_skip_tracking":false,"_exactmetrics_sitenote_active":false,"_exactmetrics_sitenote_note":"","_exactmetrics_sitenote_category":0,"footnotes":""},"_links":{"self":[{"href":"https:\/\/unreality.fi\/index.php\/wp-json\/wp\/v2\/pages\/2742"}],"collection":[{"href":"https:\/\/unreality.fi\/index.php\/wp-json\/wp\/v2\/pages"}],"about":[{"href":"https:\/\/unreality.fi\/index.php\/wp-json\/wp\/v2\/types\/page"}],"author":[{"embeddable":true,"href":"https:\/\/unreality.fi\/index.php\/wp-json\/wp\/v2\/users\/1"}],"replies":[{"embeddable":true,"href":"https:\/\/unreality.fi\/index.php\/wp-json\/wp\/v2\/comments?post=2742"}],"version-history":[{"count":8,"href":"https:\/\/unreality.fi\/index.php\/wp-json\/wp\/v2\/pages\/2742\/revisions"}],"predecessor-version":[{"id":3234,"href":"https:\/\/unreality.fi\/index.php\/wp-json\/wp\/v2\/pages\/2742\/revisions\/3234"}],"wp:attachment":[{"href":"https:\/\/unreality.fi\/index.php\/wp-json\/wp\/v2\/media?parent=2742"}],"curies":[{"name":"wp","href":"https:\/\/api.w.org\/{rel}","templated":true}]}}