{"id":3387,"date":"2018-11-15T21:17:46","date_gmt":"2018-11-15T21:17:46","guid":{"rendered":"http:\/\/unreality.fi\/?page_id=3387"},"modified":"2019-03-31T11:17:50","modified_gmt":"2019-03-31T11:17:50","slug":"lit-5-1-2019-12-1-2019-15-2-2019","status":"publish","type":"page","link":"https:\/\/unreality.fi\/index.php\/lit-5-1-2019-12-1-2019-15-2-2019\/","title":{"rendered":"LIT &#8211; 5.1.2019 \/ 12.1.2019 \/ 15.2.2019"},"content":{"rendered":"<p style=\"text-align: center;\"><a href=\"http:\/\/unreality.fi\/wp-content\/uploads\/2018\/11\/Unreality_Lit_web.jpg\"><img loading=\"lazy\" decoding=\"async\" class=\"aligncenter wp-image-3373 size-large\" src=\"http:\/\/unreality.fi\/wp-content\/uploads\/2018\/11\/Unreality_Lit_web-1024x483.jpg\" alt=\"\" width=\"1024\" height=\"483\" srcset=\"https:\/\/unreality.fi\/wp-content\/uploads\/2018\/11\/Unreality_Lit_web-1024x483.jpg 1024w, https:\/\/unreality.fi\/wp-content\/uploads\/2018\/11\/Unreality_Lit_web-300x142.jpg 300w, https:\/\/unreality.fi\/wp-content\/uploads\/2018\/11\/Unreality_Lit_web-768x362.jpg 768w\" sizes=\"(max-width: 1024px) 100vw, 1024px\" \/><\/a><\/p>\n<p>\u00a0<\/p>\n<p style=\"text-align: center; font-size: x-large;\"><span class=\"_5mfr\"><span class=\"_6qdm\">\u2744\ufe0f<\/span><\/span><span class=\"_5mfr\"><span class=\"_6qdm\">?<\/span><\/span>\u00a0TALVIKIERTUE\u00a0<span class=\"_5mfr\"><span class=\"_6qdm\">?<\/span><\/span><span class=\"_5mfr\"><span class=\"_6qdm\">\u2744\ufe0f<\/span><\/span><\/p>\n<p>T\u00e4n\u00e4 talvena kaukaa id\u00e4st\u00e4 kiemurtelee lyhtyjen valaisema leve\u00e4 polku. Sit\u00e4 pitkin japanilaisten animaatioiden v\u00e4rik\u00e4s kulkue on jo matkalla Pohjolaan! Pimeimm\u00e4n vuodenajan h\u00e4ik\u00e4isevin konsertti on tulossa!<\/p>\n<p>Kiertueen k\u00e4ynnist\u00e4\u00e4\u00a0<a href=\"https:\/\/kibecon.com\/\">Kibecon<\/a>\u00a05.1.2019 Sellon kirjastossa Espoon Lepp\u00e4vaarassa! Kibecon on muuten ilmainen, mutta muun muassa Unrealityn esityksen sis\u00e4lt\u00e4v\u00e4\u00e4n\u00a0<a href=\"https:\/\/www.lippu.fi\/lippuja.html?affiliate=ADV&amp;doc=artistPages%2Ftickets&amp;fun=artist&amp;action=tickets&amp;erid=2339636&amp;includeOnlybookable=false&amp;xtmc=kibecon&amp;xtnp=1&amp;xtcr=1\">Kibecon-show\u2019hun<\/a>\u00a0liput lippu.fi:st\u00e4 9.5\u20ac + toimituskulut.<\/p>\n<p>Malmitalon keikka Helsingiss\u00e4 12.1.2019 on kiertueen p\u00e4\u00e4keikka!\u00a0<a href=\"https:\/\/www.lippu.fi\/Lippuja.html?doc=artistPages\/tickets&amp;fun=artist&amp;action=tickets&amp;erid=2340825\">Liput<\/a>\u00a0lippu.fi:st\u00e4 17.5\u20ac\/12.5\u20ac + toimituskulut. Tapahtumalle on my\u00f6s\u00a0<a href=\"https:\/\/www.facebook.com\/events\/179637899638139\/\">Facebook-eventti<\/a>.<\/p>\n<p><a href=\"https:\/\/desucon.fi\/frostbite2019\/\">Desucon Frostbite 2019<\/a>\u00a0j\u00e4rjestet\u00e4\u00e4n tuttuun tapaan Lahdessa. Unreality on n\u00e4ht\u00e4viss\u00e4 perjantai-iltana 15.2.2019 avajaisten j\u00e4lkeen tapahtuman p\u00e4\u00e4symaksun hinnalla.<\/p>\n\n\n<p><\/p>\n","protected":false},"excerpt":{"rendered":"<p>\u00a0 \u2744\ufe0f?\u00a0TALVIKIERTUE\u00a0?\u2744\ufe0f T\u00e4n\u00e4 talvena kaukaa id\u00e4st\u00e4 kiemurtelee lyhtyjen valaisema leve\u00e4 polku. Sit\u00e4 pitkin japanilaisten animaatioiden v\u00e4rik\u00e4s kulkue on jo matkalla Pohjolaan! Pimeimm\u00e4n vuodenajan h\u00e4ik\u00e4isevin konsertti on tulossa! Kiertueen k\u00e4ynnist\u00e4\u00e4\u00a0Kibecon\u00a05.1.2019 Sellon kirjastossa Espoon Lepp\u00e4vaarassa! Kibecon on muuten ilmainen, mutta muun muassa Unrealityn esityksen sis\u00e4lt\u00e4v\u00e4\u00e4n\u00a0Kibecon-show\u2019hun\u00a0liput lippu.fi:st\u00e4 9.5\u20ac + toimituskulut. Malmitalon keikka Helsingiss\u00e4 12.1.2019 on kiertueen p\u00e4\u00e4keikka!\u00a0Liput\u00a0lippu.fi:st\u00e4 17.5\u20ac\/12.5\u20ac [&hellip;]<\/p>\n","protected":false},"author":1,"featured_media":0,"parent":0,"menu_order":0,"comment_status":"closed","ping_status":"closed","template":"","meta":{"_exactmetrics_skip_tracking":false,"_exactmetrics_sitenote_active":false,"_exactmetrics_sitenote_note":"","_exactmetrics_sitenote_category":0,"footnotes":""},"_links":{"self":[{"href":"https:\/\/unreality.fi\/index.php\/wp-json\/wp\/v2\/pages\/3387"}],"collection":[{"href":"https:\/\/unreality.fi\/index.php\/wp-json\/wp\/v2\/pages"}],"about":[{"href":"https:\/\/unreality.fi\/index.php\/wp-json\/wp\/v2\/types\/page"}],"author":[{"embeddable":true,"href":"https:\/\/unreality.fi\/index.php\/wp-json\/wp\/v2\/users\/1"}],"replies":[{"embeddable":true,"href":"https:\/\/unreality.fi\/index.php\/wp-json\/wp\/v2\/comments?post=3387"}],"version-history":[{"count":7,"href":"https:\/\/unreality.fi\/index.php\/wp-json\/wp\/v2\/pages\/3387\/revisions"}],"predecessor-version":[{"id":3548,"href":"https:\/\/unreality.fi\/index.php\/wp-json\/wp\/v2\/pages\/3387\/revisions\/3548"}],"wp:attachment":[{"href":"https:\/\/unreality.fi\/index.php\/wp-json\/wp\/v2\/media?parent=3387"}],"curies":[{"name":"wp","href":"https:\/\/api.w.org\/{rel}","templated":true}]}}