{"id":3409,"date":"2018-12-09T19:02:54","date_gmt":"2018-12-09T19:02:54","guid":{"rendered":"http:\/\/unreality.fi\/?page_id=3409"},"modified":"2018-12-14T23:58:43","modified_gmt":"2018-12-14T23:58:43","slug":"lit-ohjelmalehti","status":"publish","type":"page","link":"https:\/\/unreality.fi\/index.php\/lit-ohjelmalehti\/","title":{"rendered":"LIT &#8211; Ohjelmalehti"},"content":{"rendered":"\n<p style=\"text-align:center\"><a href=\"http:\/\/unreality.fi\/index.php\/lit-concert-program\/\">IN ENGLISH<\/a><\/p>\n\n\n\n<p style=\"font-size:25px;text-align:center\">T\u00e4n\u00e4 talvena kaukaa id\u00e4st\u00e4 kiemurtelee lyhtyjen valaisema leve\u00e4 polku.<br>Sit\u00e4 pitkin japanilaisten animaatioiden v\u00e4rik\u00e4s kulkue on jo matkalla Pohjolaan!<br>Pimeimm\u00e4n vuodenajan h\u00e4ik\u00e4isevin konsertti on tulossa!<\/p>\n\n\n\n<h2 class=\"wp-block-heading\" style=\"text-align:center\">Kuoro<\/h2>\n\n\n\n<div class=\"wp-block-columns has-2-columns is-layout-flex wp-container-core-columns-layout-1 wp-block-columns-is-layout-flex\">\n<div class=\"wp-block-column is-layout-flow wp-block-column-is-layout-flow\">\n<p>Unreality on tammikuussa 2014 perustettu sekakuoro, joka on Suomen ensimm\u00e4isen\u00e4 kuorona omistautunut laulamaan vain elokuva-, tv-sarja-, peli- ja animaatiomusiikkia. Uniikit, itse sovitetut kappaleet ja oranssinhehkuinen lohik\u00e4\u00e4rme ovat t\u00e4m\u00e4n 40-henkisen laulajaporukan tunnusmerkkej\u00e4 \u2013 kerta toisensa j\u00e4lkeen ne viev\u00e4t kuulijan rakastettuihin maisemiin todellisuuden tuolle puolen ja takaisin. Unreality esiintyy vuosittain tuhansia k\u00e4vij\u00f6it\u00e4 vet\u00e4viss\u00e4 coneissa, ja heid\u00e4t on n\u00e4hty muun muassa Traconissa, Desucon Frostbitessa, Yukiconissa, Ropeconissa sek\u00e4 Popcultissa. Kansainv\u00e4liset tapahtumat Helsinki Game Music Festival sek\u00e4 Worldcon 75 loistavat heid\u00e4n suurimpina valloituksinaan. Lis\u00e4ksi kuoro j\u00e4rjest\u00e4\u00e4 omia konsertteja pari kertaa vuodessa ja keikkailee pienryhm\u00e4 Nanorealityn voimin kaikenkokoisissa tapahtumissa. Kuoron taiteellisena johtajana toimii Jari Koivistoinen.<\/p>\n<\/div>\n\n\n\n<div class=\"wp-block-column is-layout-flow wp-block-column-is-layout-flow\">\n<figure class=\"wp-block-image\"><img loading=\"lazy\" decoding=\"async\" width=\"1024\" height=\"576\" src=\"http:\/\/unreality.fi\/wp-content\/uploads\/2017\/05\/DSC09598-1024x576.jpg\" alt=\"\" class=\"wp-image-2584\" srcset=\"https:\/\/unreality.fi\/wp-content\/uploads\/2017\/05\/DSC09598-1024x576.jpg 1024w, https:\/\/unreality.fi\/wp-content\/uploads\/2017\/05\/DSC09598-300x169.jpg 300w, https:\/\/unreality.fi\/wp-content\/uploads\/2017\/05\/DSC09598-768x432.jpg 768w\" sizes=\"(max-width: 1024px) 100vw, 1024px\" \/><\/figure>\n<\/div>\n<\/div>\n\n\n\n<div class=\"wp-block-columns has-2-columns is-layout-flex wp-container-core-columns-layout-4 wp-block-columns-is-layout-flex\">\n<div class=\"wp-block-column is-layout-flow wp-block-column-is-layout-flow\">\n<div class=\"wp-block-columns has-2-columns is-layout-flex wp-container-core-columns-layout-2 wp-block-columns-is-layout-flex\">\n<div class=\"wp-block-column is-layout-flow wp-block-column-is-layout-flow\">\n<p><strong>Sopraanot<\/strong><\/p>\n\n\n\n<p>Hanne Aho<br>\nTimja Aunola<br>\nNinja Kotkalaakso<br>\nSirpa Kovanen<br>\nRaisa Lehtinen<br>\nSiru Rissanen<br>\nKai Salo<br>\nSaara Sepp\u00e4l\u00e4<br>\nSara V\u00e4\u00e4t\u00e4j\u00e4<\/p>\n<\/div>\n\n\n\n<div class=\"wp-block-column is-layout-flow wp-block-column-is-layout-flow\">\n<p><strong>Altot<\/strong><\/p>\n\n\n\n<p>Ruska Bergh\u00e4ll<br>Riikka Kuusinen<br>Kata Mertanen<br>Siru Nevalainen<br>Vanessa Sj\u00f6gren<br>Auri Tuominen<br>Jenna Turkum\u00e4ki<br>Elina Vainikainen<\/p>\n<\/div>\n<\/div>\n<\/div>\n\n\n\n<div class=\"wp-block-column is-layout-flow wp-block-column-is-layout-flow\">\n<div class=\"wp-block-columns has-2-columns is-layout-flex wp-container-core-columns-layout-3 wp-block-columns-is-layout-flex\">\n<div class=\"wp-block-column is-layout-flow wp-block-column-is-layout-flow\">\n<p><strong>Tenorit<\/strong><\/p>\n\n\n\n<p>Antti Havukainen<br>\nOlli Huotari<br>\nEljas Hyyrynen<br>\nAleksi Leinikki<br>\nRasmus L\u00e5ng<br>\nNoel Rosb\u00e4ck<br>\nSamuli Sorvakko<br>\nAurora Tulilaulu<br>\nPaul Vuorela<\/p>\n<\/div>\n\n\n\n<div class=\"wp-block-column is-layout-flow wp-block-column-is-layout-flow\">\n<p><strong>Bassot<\/strong><\/p>\n\n\n\n<p>Eero Heikkinen<br>\nFabian Krahl<br>\nAntti Kumpulainen<br>\nNiklas Lehtinen<br>\nRisto Linna<br>\nJaakko Mattila<br>\nEsa-Pekka Py\u00f6kkimies<br>\nIlari Sinkkonen<br>\nSampo Syrj\u00e4nen<br>\nTeemu Vaittinen<\/p>\n<\/div>\n<\/div>\n<\/div>\n<\/div>\n\n\n\n<h2 class=\"wp-block-heading\" style=\"text-align:center\">Jari Koivistoinen<\/h2>\n\n\n\n<div class=\"wp-block-columns has-2-columns is-layout-flex wp-container-core-columns-layout-5 wp-block-columns-is-layout-flex\">\n<div class=\"wp-block-column is-layout-flow wp-block-column-is-layout-flow\">\n<figure class=\"wp-block-image\"><img loading=\"lazy\" decoding=\"async\" width=\"1024\" height=\"768\" src=\"http:\/\/unreality.fi\/wp-content\/uploads\/2018\/08\/jari-1024x768.jpg\" alt=\"\" class=\"wp-image-2855\" srcset=\"https:\/\/unreality.fi\/wp-content\/uploads\/2018\/08\/jari-1024x768.jpg 1024w, https:\/\/unreality.fi\/wp-content\/uploads\/2018\/08\/jari-300x225.jpg 300w, https:\/\/unreality.fi\/wp-content\/uploads\/2018\/08\/jari-768x576.jpg 768w\" sizes=\"(max-width: 1024px) 100vw, 1024px\" \/><\/figure>\n<\/div>\n\n\n\n<div class=\"wp-block-column is-layout-flow wp-block-column-is-layout-flow\">\n<p>Jari Koivistoinen on helsinkil\u00e4inen kuoronjohtaja ja muusikko, jonka kokemus kuorojen parissa k\u00e4sitt\u00e4\u00e4 niin pieni\u00e4 ammattikokoonpanoja kuin isoja suurkuoroja.<\/p>\n\n\n\n<p>Unrealityn lis\u00e4ksi Jari toimii taiteellisena johtajana Uvula Aureassa sek\u00e4 varajohtajana Tapiolan kamarikuorossa ja Kampin Laulussa. Lis\u00e4ksi h\u00e4n toimii Cantores Minores-poikakuorossa kouluttajana, ja on kysytty harjoittaja, joka on tehnyt yhteisty\u00f6t\u00e4 monen muunkin p\u00e4\u00e4kaupunkiseudun kuoron kanssa (mm. Murtosointu, Mieskuoro Manifestum, Kumpulan kuoro, Helsingin Poliisilaulajat). Kuoronjohdon lis\u00e4ksi h\u00e4n tekee my\u00f6s kanttorin t\u00f6it\u00e4 Helsingin eri seurakunnissa ja toimii monipuolisesti musiikin parissa niin harjoituspianistina, kamarimuusikkona, laulajana kuin s\u00e4velt\u00e4j\u00e4n\u00e4 ja sovittajana.<\/p>\n\n\n\n<p>Musiikin ohella Jari on kaikenlaisen muunkin kulttuurin suurkuluttaja, jonka kiinnostuksen piiriin kuuluvat mm. elokuvat, pelit, kuvataiteet ja standup. Yhteisty\u00f6 Unrealityn kanssa alkoi kev\u00e4\u00e4ll\u00e4 2017.<\/p>\n<\/div>\n<\/div>\n\n\n\n<h2 class=\"wp-block-heading\" style=\"text-align:center\">Ohjelma<\/h2>\n\n\n\n<div class=\"wp-block-columns has-2-columns is-layout-flex wp-container-core-columns-layout-6 wp-block-columns-is-layout-flex\">\n<div class=\"wp-block-column is-layout-flow wp-block-column-is-layout-flow\">\n<p><strong>Sanpo<\/strong><br>My Neighbor Totoro<br>S\u00e4v. Joe Hisaishi<br>San. Rieko Nakagawa<br>Sov. Ilari Sinkkonen<br><\/p>\n\n\n\n<p><strong>Sis Puella Magica!<\/strong><br>Puella Magi Madoka Magica<br>S\u00e4v. Yuki Kajiura<br>Sov. Matias Kylli\u00e4inen<br><br>Soolo: Ilari Sinkkonen<\/p>\n\n\n\n<p><strong>Miserere Nostri, Domine<\/strong><br>Junketsu no Maria<br>S\u00e4v. myu<br>San. Youhei Matsui<br>Sov. Matias Kylli\u00e4inen<br><br>Soolo: Kata Mertanen<\/p>\n\n\n\n<p><strong>The Legend of Zelda Medley<\/strong><br>The Legend of Zelda<br>S\u00e4v. Koji Kondo<br>Sov. Aurora Tulilaulu<\/p>\n\n\n\n<p><strong>We Are!<\/strong><br>One Piece<br>S\u00e4v. Kohei Tanaka<br>San. Shoko Fujibayashi<br>Sov. Sampo Syrj\u00e4nen\n\n<\/p>\n\n\n\n<p><strong>For Fruits Basket<\/strong><br>Fruits Basket<br>S\u00e4v. Ritsuko Okazaki<br>Sov. Sampo Syrj\u00e4nen<\/p>\n<\/div>\n\n\n\n<div class=\"wp-block-column is-layout-flow wp-block-column-is-layout-flow\">\n<p><strong>Kiseki no Umi<\/strong><br>Record of Lodoss War<br>S\u00e4v.\/San. Yoko Kanno, Yuuho Iwasato<br>Sov. Ruska Bergh\u00e4ll<\/p>\n\n\n\n<p><strong>Pok\u00e9mon Theme<\/strong><br>Pok\u00e9mon<br>S\u00e4v. John Siegler and John Loeffler<br>Sov. Tuomas Valtonen<\/p>\n\n\n\n<p><strong>Bratja<\/strong><br>Fullmetal Alchemist<br>S\u00e4v. Michiru Oshima<br>Sov. Ruska Bergh\u00e4ll<\/p>\n\n\n\n<p><strong>A Beautiful Song<\/strong><br>NieR: Automata<br>S\u00e4v. Keigo Hoashi, Keiichi Okabe<br>Sov. Sampo Syrj\u00e4nen<br><br>Soolo: Kai Salo, Riikka Kuusinen<\/p>\n\n\n\n<p><strong>Zankoku na Tenshi no Thesis<\/strong><br>Neon Genesis Evangelion<br>S\u00e4v. Hidetoshi Sat\u014d<br>San. Neko Oikawa<br>Sov. Ruska Bergh\u00e4ll\n\n<\/p>\n<\/div>\n<\/div>\n\n\n\n<div class=\"wp-block-image\"><figure class=\"aligncenter is-resized\"><img loading=\"lazy\" decoding=\"async\" src=\"http:\/\/unreality.fi\/wp-content\/uploads\/2018\/12\/Helmet_logo-1024x169.png\" alt=\"\" class=\"wp-image-3485\" width=\"338\" height=\"56\" srcset=\"https:\/\/unreality.fi\/wp-content\/uploads\/2018\/12\/Helmet_logo-1024x169.png 1024w, https:\/\/unreality.fi\/wp-content\/uploads\/2018\/12\/Helmet_logo-300x49.png 300w, https:\/\/unreality.fi\/wp-content\/uploads\/2018\/12\/Helmet_logo-768x127.png 768w, https:\/\/unreality.fi\/wp-content\/uploads\/2018\/12\/Helmet_logo.png 1250w\" sizes=\"(max-width: 338px) 100vw, 338px\" \/><\/figure><\/div>\n\n\n\n<div class=\"wp-block-image\"><figure class=\"aligncenter is-resized\"><img loading=\"lazy\" decoding=\"async\" src=\"http:\/\/unreality.fi\/wp-content\/uploads\/2018\/12\/kulttuuriespoo_logo.png\" alt=\"\" class=\"wp-image-3484\" width=\"446\" height=\"86\" srcset=\"https:\/\/unreality.fi\/wp-content\/uploads\/2018\/12\/kulttuuriespoo_logo.png 1020w, https:\/\/unreality.fi\/wp-content\/uploads\/2018\/12\/kulttuuriespoo_logo-300x59.png 300w\" sizes=\"(max-width: 446px) 100vw, 446px\" \/><\/figure><\/div>\n\n\n\n<div class=\"wp-block-image\"><figure class=\"aligncenter is-resized\"><img loading=\"lazy\" decoding=\"async\" src=\"http:\/\/unreality.fi\/wp-content\/uploads\/2018\/12\/frostlogo_vaaka.png\" alt=\"\" class=\"wp-image-3483\" width=\"414\" height=\"91\" srcset=\"https:\/\/unreality.fi\/wp-content\/uploads\/2018\/12\/frostlogo_vaaka.png 3163w, https:\/\/unreality.fi\/wp-content\/uploads\/2018\/12\/frostlogo_vaaka-300x67.png 300w, https:\/\/unreality.fi\/wp-content\/uploads\/2018\/12\/frostlogo_vaaka-768x171.png 768w, https:\/\/unreality.fi\/wp-content\/uploads\/2018\/12\/frostlogo_vaaka-1024x228.png 1024w\" sizes=\"(max-width: 414px) 100vw, 414px\" \/><\/figure><\/div>\n\n\n\n<div class=\"wp-block-columns has-2-columns is-layout-flex wp-container-core-columns-layout-7 wp-block-columns-is-layout-flex\">\n<div class=\"wp-block-column is-layout-flow wp-block-column-is-layout-flow\">\n<p><\/p>\n<\/div>\n\n\n\n<div class=\"wp-block-column is-layout-flow wp-block-column-is-layout-flow\"><\/div>\n<\/div>\n","protected":false},"excerpt":{"rendered":"<p>T\u00e4n\u00e4 talvena kaukaa id\u00e4st\u00e4 kiemurtelee lyhtyjen valaisema leve\u00e4 polku.<br \/>\nSit\u00e4 pitkin japanilaisten animaatioiden v\u00e4rik\u00e4s kulkue on jo matkalla Pohjolaan!<br \/>\nPimeimm\u00e4n vuodenajan h\u00e4ik\u00e4isevin konsertti on tulossa!<\/p>\n","protected":false},"author":2,"featured_media":3373,"parent":0,"menu_order":0,"comment_status":"closed","ping_status":"closed","template":"","meta":{"_exactmetrics_skip_tracking":false,"_exactmetrics_sitenote_active":false,"_exactmetrics_sitenote_note":"","_exactmetrics_sitenote_category":0,"footnotes":""},"_links":{"self":[{"href":"https:\/\/unreality.fi\/index.php\/wp-json\/wp\/v2\/pages\/3409"}],"collection":[{"href":"https:\/\/unreality.fi\/index.php\/wp-json\/wp\/v2\/pages"}],"about":[{"href":"https:\/\/unreality.fi\/index.php\/wp-json\/wp\/v2\/types\/page"}],"author":[{"embeddable":true,"href":"https:\/\/unreality.fi\/index.php\/wp-json\/wp\/v2\/users\/2"}],"replies":[{"embeddable":true,"href":"https:\/\/unreality.fi\/index.php\/wp-json\/wp\/v2\/comments?post=3409"}],"version-history":[{"count":39,"href":"https:\/\/unreality.fi\/index.php\/wp-json\/wp\/v2\/pages\/3409\/revisions"}],"predecessor-version":[{"id":3512,"href":"https:\/\/unreality.fi\/index.php\/wp-json\/wp\/v2\/pages\/3409\/revisions\/3512"}],"wp:featuredmedia":[{"embeddable":true,"href":"https:\/\/unreality.fi\/index.php\/wp-json\/wp\/v2\/media\/3373"}],"wp:attachment":[{"href":"https:\/\/unreality.fi\/index.php\/wp-json\/wp\/v2\/media?parent=3409"}],"curies":[{"name":"wp","href":"https:\/\/api.w.org\/{rel}","templated":true}]}}