{"id":3451,"date":"2018-12-09T19:51:03","date_gmt":"2018-12-09T19:51:03","guid":{"rendered":"http:\/\/unreality.fi\/?page_id=3451"},"modified":"2018-12-15T00:00:44","modified_gmt":"2018-12-15T00:00:44","slug":"lit-concert-program","status":"publish","type":"page","link":"https:\/\/unreality.fi\/index.php\/lit-concert-program\/","title":{"rendered":"LIT &#8211; Concert Program"},"content":{"rendered":"\n<p style=\"text-align:center\"><a href=\"http:\/\/unreality.fi\/index.php\/lit-ohjelmalehti\/\">SUOMEKSI \/ IN FINNISH<\/a><\/p>\n\n\n\n<p style=\"font-size:25px;text-align:center\">This winter a wide path illuminated by lanterns snakes its way from the Far East.<br>Along that path a colourful parade of Japanese animations is already on its way to the North!<br> The darkest season&#8217;s most dazzling concert is coming!<br><\/p>\n\n\n\n<h2 class=\"wp-block-heading\" style=\"text-align:center\">Choir<\/h2>\n\n\n\n<div class=\"wp-block-columns has-2-columns is-layout-flex wp-container-core-columns-layout-1 wp-block-columns-is-layout-flex\">\n<div class=\"wp-block-column is-layout-flow wp-block-column-is-layout-flow\">\n<p>Unreality is a Helsinki-based mixed choir, founded in January 2014. This choral society is the first Finnish choir to sing music exclusively from movies, TV series, video games and animations. Unique choral arrangements and the blazing orange dragon are their trademarks \u2013 time after time they take the listener to beloved sceneries beyond reality and back again. Unreality holds concerts biyearly and is often seen performing at conventions that gather thousands of visitors, including Tracon, Desucon Frostbite, Yukicon, Ropecon and Popcult Helsinki. Their greatest milestones have been the international events Helsinki Game Music Festival and Worldcon 75. Their small group, Nanoreality, is also actively doing gigs in events of all kinds. The choir&#8217;s artistic director is Jari Koivistoinen.<\/p>\n<\/div>\n\n\n\n<div class=\"wp-block-column is-layout-flow wp-block-column-is-layout-flow\">\n<figure class=\"wp-block-image\"><img loading=\"lazy\" decoding=\"async\" width=\"1024\" height=\"576\" src=\"http:\/\/unreality.fi\/wp-content\/uploads\/2017\/05\/DSC09598-1024x576.jpg\" alt=\"\" class=\"wp-image-2584\" srcset=\"https:\/\/unreality.fi\/wp-content\/uploads\/2017\/05\/DSC09598-1024x576.jpg 1024w, https:\/\/unreality.fi\/wp-content\/uploads\/2017\/05\/DSC09598-300x169.jpg 300w, https:\/\/unreality.fi\/wp-content\/uploads\/2017\/05\/DSC09598-768x432.jpg 768w\" sizes=\"(max-width: 1024px) 100vw, 1024px\" \/><\/figure>\n<\/div>\n<\/div>\n\n\n\n<div class=\"wp-block-columns has-2-columns is-layout-flex wp-container-core-columns-layout-4 wp-block-columns-is-layout-flex\">\n<div class=\"wp-block-column is-layout-flow wp-block-column-is-layout-flow\">\n<div class=\"wp-block-columns has-2-columns is-layout-flex wp-container-core-columns-layout-2 wp-block-columns-is-layout-flex\">\n<div class=\"wp-block-column is-layout-flow wp-block-column-is-layout-flow\">\n<p><strong>Sopranos<\/strong><\/p>\n\n\n\n<p>Hanne Aho<br>\nTimja Aunola<br>\nNinja Kotkalaakso<br>\nSirpa Kovanen<br>\nRaisa Lehtinen<br>\nSiru Rissanen<br>\nKai Salo<br>\nSaara Sepp\u00e4l\u00e4<br>\nSara V\u00e4\u00e4t\u00e4j\u00e4<\/p>\n<\/div>\n\n\n\n<div class=\"wp-block-column is-layout-flow wp-block-column-is-layout-flow\">\n<p><strong>Altos<\/strong><\/p>\n\n\n\n<p>Ruska Bergh\u00e4ll<br>Riikka Kuusinen<br>Kata Mertanen<br>Siru Nevalainen<br>Vanessa Sj\u00f6gren<br>Auri Tuominen<br>Jenna Turkum\u00e4ki<br>Elina Vainikainen<\/p>\n<\/div>\n<\/div>\n<\/div>\n\n\n\n<div class=\"wp-block-column is-layout-flow wp-block-column-is-layout-flow\">\n<div class=\"wp-block-columns has-2-columns is-layout-flex wp-container-core-columns-layout-3 wp-block-columns-is-layout-flex\">\n<div class=\"wp-block-column is-layout-flow wp-block-column-is-layout-flow\">\n<p><strong>Tenors<\/strong><\/p>\n\n\n\n<p>Antti Havukainen<br>\nOlli Huotari<br>\nEljas Hyyrynen<br>\nAleksi Leinikki<br>\nRasmus L\u00e5ng<br>\nNoel Rosb\u00e4ck<br>\nSamuli Sorvakko<br>\nAurora Tulilaulu<br>\nPaul Vuorela<\/p>\n<\/div>\n\n\n\n<div class=\"wp-block-column is-layout-flow wp-block-column-is-layout-flow\">\n<p><strong>Basses<\/strong><\/p>\n\n\n\n<p>Eero Heikkinen<br>\nFabian Krahl<br>\nAntti Kumpulainen<br>\nNiklas Lehtinen<br>\nRisto Linna<br>\nJaakko Mattila<br>\nEsa-Pekka Py\u00f6kkimies<br>\nIlari Sinkkonen<br>\nSampo Syrj\u00e4nen<br>\nTeemu Vaittinen<\/p>\n<\/div>\n<\/div>\n<\/div>\n<\/div>\n\n\n\n<h2 class=\"wp-block-heading\" style=\"text-align:center\">Jari Koivistoinen<\/h2>\n\n\n\n<div class=\"wp-block-columns has-2-columns is-layout-flex wp-container-core-columns-layout-5 wp-block-columns-is-layout-flex\">\n<div class=\"wp-block-column is-layout-flow wp-block-column-is-layout-flow\">\n<figure class=\"wp-block-image\"><img loading=\"lazy\" decoding=\"async\" width=\"1024\" height=\"768\" src=\"http:\/\/unreality.fi\/wp-content\/uploads\/2018\/08\/jari-1024x768.jpg\" alt=\"\" class=\"wp-image-2855\" srcset=\"https:\/\/unreality.fi\/wp-content\/uploads\/2018\/08\/jari-1024x768.jpg 1024w, https:\/\/unreality.fi\/wp-content\/uploads\/2018\/08\/jari-300x225.jpg 300w, https:\/\/unreality.fi\/wp-content\/uploads\/2018\/08\/jari-768x576.jpg 768w\" sizes=\"(max-width: 1024px) 100vw, 1024px\" \/><\/figure>\n<\/div>\n\n\n\n<div class=\"wp-block-column is-layout-flow wp-block-column-is-layout-flow\">\n<p>Jari Koivistoinen is a Helsinki-based conductor and musician, with choral experience ranging from small professional ensembles to large-scale groups.<\/p>\n\n\n\n<p>In addition to Unreality, Jari is artistic director at student choir Uvula Aurea, and acts as assistant conductor for Tapiola Chamber Choir and Kampin Laulu. He also works at boys\u2019 choir Cantores Minores, and has also worked with a great number of choirs in the Helsinki region (f.ex. Murtosointu, Manifestum male voice chorus, Kumpulan kuoro, Helsinki Police Singers). In addition to conducting, he also works as a freelance church musician in a number of Helsinki parishes, and is also otherwise active in the field of music, acting as pianist, chamber musician, singer, composer &amp; arranger.<\/p>\n\n\n\n<p>Jari is a major fan of all things cultural, be it movies, games, visual arts or standup comedy. His journey with Unreality began in the spring of 2017.<\/p>\n<\/div>\n<\/div>\n\n\n\n<h2 class=\"wp-block-heading\" style=\"text-align:center\">Concert Program<\/h2>\n\n\n\n<div class=\"wp-block-columns has-2-columns is-layout-flex wp-container-core-columns-layout-6 wp-block-columns-is-layout-flex\">\n<div class=\"wp-block-column is-layout-flow wp-block-column-is-layout-flow\">\n<p><strong>Sanpo<\/strong><br>My Neighbor Totoro<br>Music: Joe Hisaishi<br>Lyrics: Rieko Nakagawa<br>Arr. Ilari Sinkkonen<br><\/p>\n\n\n\n<p><strong>Sis Puella Magica!<\/strong><br>Puella Magi Madoka Magica<br>Music: Yuki Kajiura<br>Arr. Matias Kylli\u00e4inen<br><br>Solo:&nbsp;Ilari Sinkkonen<\/p>\n\n\n\n<p><strong>Miserere Nostri, Domine<\/strong><br>Junketsu no Maria<br>Music: myu<br>Lyrics: Youhei Matsui<br>Arr. Matias Kylli\u00e4inen<br><br>Solo: Kata Mertanen<\/p>\n\n\n\n<p><strong>The Legend of Zelda Medley<\/strong><br>The Legend of Zelda<br>Music: Koji Kondo<br>Arr. Aurora Tulilaulu<\/p>\n\n\n\n<p><strong>We Are!<\/strong><br>One Piece<br>Music: Kohei Tanaka<br>Lyrics: Shoko Fujibayashi<br>Arr. Sampo Syrj\u00e4nen<\/p>\n\n\n\n<p><strong>For Fruits Basket<\/strong><br>Fruits Basket<br>Music: Ritsuko Okazaki<br>Arr. Sampo Syrj\u00e4nen<\/p>\n<\/div>\n\n\n\n<div class=\"wp-block-column is-layout-flow wp-block-column-is-layout-flow\">\n<p><strong>Kiseki no Umi<\/strong><br>Record of Lodoss War<br>Music\/Lyrics: Yoko Kanno, Yuuho Iwasato<br>Arr. Ruska Bergh\u00e4ll<\/p>\n\n\n\n<p><strong>Pok\u00e9mon Theme<\/strong><br>Pok\u00e9mon<br>Music: John Siegler and John Loeffler<br>Arr. Tuomas Valtonen<\/p>\n\n\n\n<p><strong>Bratja<\/strong><br>Fullmetal Alchemist<br>Music: Michiru Oshima<br>Arr. Ruska Bergh\u00e4ll<\/p>\n\n\n\n<p><strong>A Beautiful Song<\/strong><br>NieR: Automata<br>Music: Keigo Hoashi, Keiichi Okabe<br>Arr. Sampo Syrj\u00e4nen<br><br>Solo: Kai Salo, Riikka Kuusinen<\/p>\n\n\n\n<p><strong>Zankoku na Tenshi no Thesis<\/strong><br>Neon Genesis Evangelion<br>Music: Hidetoshi Sat\u014d<br>Lyrics: Neko Oikawa<br>Arr. Ruska Bergh\u00e4ll<\/p>\n<\/div>\n<\/div>\n\n\n\n<div class=\"wp-block-image\"><figure class=\"aligncenter is-resized\"><img loading=\"lazy\" decoding=\"async\" src=\"http:\/\/unreality.fi\/wp-content\/uploads\/2018\/12\/Helmet_logo-1024x169.png\" alt=\"\" class=\"wp-image-3485\" width=\"369\" height=\"60\" srcset=\"https:\/\/unreality.fi\/wp-content\/uploads\/2018\/12\/Helmet_logo-1024x169.png 1024w, https:\/\/unreality.fi\/wp-content\/uploads\/2018\/12\/Helmet_logo-300x49.png 300w, https:\/\/unreality.fi\/wp-content\/uploads\/2018\/12\/Helmet_logo-768x127.png 768w, https:\/\/unreality.fi\/wp-content\/uploads\/2018\/12\/Helmet_logo.png 1250w\" sizes=\"(max-width: 369px) 100vw, 369px\" \/><\/figure><\/div>\n\n\n\n<div class=\"wp-block-image\"><figure class=\"aligncenter is-resized\"><img loading=\"lazy\" decoding=\"async\" src=\"http:\/\/unreality.fi\/wp-content\/uploads\/2018\/12\/kulttuuriespoo_logo.png\" alt=\"\" class=\"wp-image-3484\" width=\"458\" height=\"89\" srcset=\"https:\/\/unreality.fi\/wp-content\/uploads\/2018\/12\/kulttuuriespoo_logo.png 1020w, https:\/\/unreality.fi\/wp-content\/uploads\/2018\/12\/kulttuuriespoo_logo-300x59.png 300w, https:\/\/unreality.fi\/wp-content\/uploads\/2018\/12\/kulttuuriespoo_logo-768x151.png 768w\" sizes=\"(max-width: 458px) 100vw, 458px\" \/><\/figure><\/div>\n\n\n\n<div class=\"wp-block-image\"><figure class=\"aligncenter is-resized\"><img loading=\"lazy\" decoding=\"async\" src=\"http:\/\/unreality.fi\/wp-content\/uploads\/2018\/12\/frostlogo_vaaka-1024x228.png\" alt=\"\" class=\"wp-image-3483\" width=\"398\" height=\"89\" srcset=\"https:\/\/unreality.fi\/wp-content\/uploads\/2018\/12\/frostlogo_vaaka-1024x228.png 1024w, https:\/\/unreality.fi\/wp-content\/uploads\/2018\/12\/frostlogo_vaaka-300x67.png 300w, https:\/\/unreality.fi\/wp-content\/uploads\/2018\/12\/frostlogo_vaaka-768x171.png 768w\" sizes=\"(max-width: 398px) 100vw, 398px\" \/><\/figure><\/div>\n","protected":false},"excerpt":{"rendered":"<p>This winter a wide path illuminated by lanterns snakes its way from the Far East.<br \/>\nAlong that path a colourful parade of Japanese animations is already on its way to the North!<br \/>\nThe darkest season&#8217;s most dazzling concert is coming!<\/p>\n","protected":false},"author":2,"featured_media":3373,"parent":0,"menu_order":0,"comment_status":"closed","ping_status":"closed","template":"","meta":{"_exactmetrics_skip_tracking":false,"_exactmetrics_sitenote_active":false,"_exactmetrics_sitenote_note":"","_exactmetrics_sitenote_category":0,"footnotes":""},"_links":{"self":[{"href":"https:\/\/unreality.fi\/index.php\/wp-json\/wp\/v2\/pages\/3451"}],"collection":[{"href":"https:\/\/unreality.fi\/index.php\/wp-json\/wp\/v2\/pages"}],"about":[{"href":"https:\/\/unreality.fi\/index.php\/wp-json\/wp\/v2\/types\/page"}],"author":[{"embeddable":true,"href":"https:\/\/unreality.fi\/index.php\/wp-json\/wp\/v2\/users\/2"}],"replies":[{"embeddable":true,"href":"https:\/\/unreality.fi\/index.php\/wp-json\/wp\/v2\/comments?post=3451"}],"version-history":[{"count":10,"href":"https:\/\/unreality.fi\/index.php\/wp-json\/wp\/v2\/pages\/3451\/revisions"}],"predecessor-version":[{"id":3513,"href":"https:\/\/unreality.fi\/index.php\/wp-json\/wp\/v2\/pages\/3451\/revisions\/3513"}],"wp:featuredmedia":[{"embeddable":true,"href":"https:\/\/unreality.fi\/index.php\/wp-json\/wp\/v2\/media\/3373"}],"wp:attachment":[{"href":"https:\/\/unreality.fi\/index.php\/wp-json\/wp\/v2\/media?parent=3451"}],"curies":[{"name":"wp","href":"https:\/\/api.w.org\/{rel}","templated":true}]}}