{"id":3601,"date":"2019-07-14T22:55:57","date_gmt":"2019-07-14T22:55:57","guid":{"rendered":"http:\/\/unreality.fi\/?page_id=3601"},"modified":"2019-08-30T20:18:23","modified_gmt":"2019-08-30T20:18:23","slug":"ufo-ohjelmalehti-turku","status":"publish","type":"page","link":"https:\/\/unreality.fi\/index.php\/ufo-ohjelmalehti-turku\/","title":{"rendered":"Unreality Fans \u00c5ut &#8211; Ohjelmalehti (Turku)"},"content":{"rendered":"\n<h1 class=\"wp-block-heading\" style=\"text-align:center\">Unreality Fans \u00c5ut &#8211; Turku 31.8.2019<\/h1>\n\n\n\n<p style=\"text-align:center\"><a href=\"http:\/\/unreality.fi\/index.php\/ufo-concert-program-turku\/\">IN ENGLISH<\/a><\/p>\n\n\n\n<p style=\"text-align:center\"><a href=\"http:\/\/unreality.fi\/index.php\/ufo-ohjelmalehti-turku#kuoro\">Kuoro<\/a><br><a href=\"http:\/\/unreality.fi\/index.php\/ufo-ohjelmalehti-turku#jari-koivistoinen\">Jari Koivistoinen<\/a><br><a href=\"http:\/\/unreality.fi\/index.php\/ufo-ohjelmalehti-turku#ohjelma\">Ohjelma<\/a><\/p>\n\n\n\n<p style=\"text-align:center\">Konsertin liput myynniss\u00e4 <a href=\"https:\/\/holvi.com\/shop\/unreality\/\" target=\"_blank\" rel=\"noreferrer noopener\" aria-label=\" (opens in a new tab)\">Holvissa<\/a><\/p>\n\n\n\n<p style=\"text-align:center\" class=\"has-medium-font-size\"><em><strong>  Juhlavuoden kiertue sis\u00e4lt\u00e4\u00e4 Unrealitylle kokonaan uusia maisemia ja yleis\u00f6j\u00e4. Kuoro kurkottaa nyt l\u00e4nsirannikolle asti ja konsertoi ensimm\u00e4ist\u00e4 kertaa Turussa! Popkulttuurin inspiroima kuoromusiikki levi\u00e4\u00e4 tulisena viuhkana Tampereen kautta ja avautuu lopulliseen komeuteensa Helsingin p\u00e4\u00e4konsertissa. Kuoron lohik\u00e4\u00e4rmeen oranssinhohtoisten siipien alla lentoa johtaa Jari Koivistoinen. <\/strong><\/em><\/p>\n\n\n\n<h2 class=\"wp-block-heading\" style=\"text-align:center\" id=\"kuoro\">Kuoro<\/h2>\n\n\n\n<div class=\"wp-block-columns has-2-columns is-layout-flex wp-container-core-columns-layout-1 wp-block-columns-is-layout-flex\">\n<div class=\"wp-block-column is-layout-flow wp-block-column-is-layout-flow\">\n<p>Unreality on vuonna 2014 perustettu helsinkil\u00e4inen sekakuoro, joka on ensimm\u00e4isen\u00e4 kuorona Suomessa omistautunut vain elokuva-, tv-sarja-, peli- ja animaatiomusiikille. Uniikit, itse sovitetut kappaleet ja oranssinhehkuinen lohik\u00e4\u00e4rme ovat t\u00e4m\u00e4n 40-henkisen laulajaporukan tunnusmerkkej\u00e4. Unreality esiintyy vuosittain massiivisissa yleis\u00f6tapahtumissa, ja pitk\u00e4\u00e4n valloituslistaan sis\u00e4ltyv\u00e4t mm. Tracon, Ropecon, Helsinki Game Music Festival, Worldcon 75 sek\u00e4 yhteiskonsertti Akateemisen puhallinorkesterin kanssa. Lis\u00e4ksi kuoro j\u00e4rjest\u00e4\u00e4 omia konsertteja pari kertaa vuodessa ja keikkailee rakastetun pienryhm\u00e4 Nanorealityn voimin kaikenkokoisissa tapahtumissa. Kuoron taiteellisena johtajana toimii Jari Koivistoinen.<\/p>\n<\/div>\n\n\n\n<div class=\"wp-block-column is-layout-flow wp-block-column-is-layout-flow\">\n<figure class=\"wp-block-image\"><img loading=\"lazy\" decoding=\"async\" width=\"2560\" height=\"1440\" src=\"http:\/\/unreality.fi\/wp-content\/uploads\/2017\/05\/DSC09598.jpg\" alt=\"\" class=\"wp-image-2584\" srcset=\"https:\/\/unreality.fi\/wp-content\/uploads\/2017\/05\/DSC09598.jpg 2560w, https:\/\/unreality.fi\/wp-content\/uploads\/2017\/05\/DSC09598-300x169.jpg 300w, https:\/\/unreality.fi\/wp-content\/uploads\/2017\/05\/DSC09598-768x432.jpg 768w, https:\/\/unreality.fi\/wp-content\/uploads\/2017\/05\/DSC09598-1024x576.jpg 1024w\" sizes=\"(max-width: 2560px) 100vw, 2560px\" \/><figcaption>Kuva: Mikael Peltomaa<\/figcaption><\/figure>\n<\/div>\n<\/div>\n\n\n\n<div class=\"wp-block-columns has-2-columns is-layout-flex wp-container-core-columns-layout-4 wp-block-columns-is-layout-flex\">\n<div class=\"wp-block-column is-layout-flow wp-block-column-is-layout-flow\">\n<div class=\"wp-block-columns has-2-columns is-layout-flex wp-container-core-columns-layout-2 wp-block-columns-is-layout-flex\">\n<div class=\"wp-block-column is-layout-flow wp-block-column-is-layout-flow\">\n<p><strong>Sopraanot<\/strong><\/p>\n\n\n\n<p>Hanne Aho<br>\nTimja Aunola<br>\nNinja Kotkalaakso<br>\nSirpa Kovanen<br>\nViivi Kuosa<br>\nRaisa Lehtinen<br>\nPipariina Lehtonen<br>\nKai Salo<br>\nSaara Sepp\u00e4l\u00e4<\/p>\n<\/div>\n\n\n\n<div class=\"wp-block-column is-layout-flow wp-block-column-is-layout-flow\">\n<p><strong>Altot<\/strong><\/p>\n\n\n\n<p>Ruska Bergh\u00e4ll<br>\nMaria Djakonowsky<br>\nRiikka Kuusinen<br>\nKata Mertanen<br>\nSiru Nevalainen<br>\nVanessa Sj\u00f6gren<br>\nAuri Tuominen<br>\nJenna Turkum\u00e4ki<br>\nElina Vainikainen<br>\nEeva Vesaoja<\/p>\n<\/div>\n<\/div>\n<\/div>\n\n\n\n<div class=\"wp-block-column is-layout-flow wp-block-column-is-layout-flow\">\n<div class=\"wp-block-columns has-2-columns is-layout-flex wp-container-core-columns-layout-3 wp-block-columns-is-layout-flex\">\n<div class=\"wp-block-column is-layout-flow wp-block-column-is-layout-flow\">\n<p><strong>Tenorit<\/strong><\/p>\n\n\n\n<p>Antti Havukainen<br>\nOlli Huotari<br>\nAleksi Leinikki<br>\nNoel Rosb\u00e4ck<br>\nOliver Tompuri<br>\nAurora Tulilaulu<br>\nPaul Vuorela<\/p>\n<\/div>\n\n\n\n<div class=\"wp-block-column is-layout-flow wp-block-column-is-layout-flow\">\n<p><strong>Bassot<\/strong><\/p>\n\n\n\n<p>Eero Heikkinen<br>\nFabian Krahl<br>\nNiklas Lehtinen<br>\nRisto Linna<br>\nJaakko Mattila<br>\nEsa-Pekka Py\u00f6kkimies<br>\nIlari Sinkkonen<br>\nSampo Syrj\u00e4nen<br>\nTeemu Vaittinen<\/p>\n<\/div>\n<\/div>\n<\/div>\n<\/div>\n\n\n\n<h2 class=\"wp-block-heading\" style=\"text-align:center\">Nanoreality<\/h2>\n\n\n\n<div class=\"wp-block-columns has-4-columns is-layout-flex wp-container-core-columns-layout-5 wp-block-columns-is-layout-flex\">\n<div class=\"wp-block-column is-layout-flow wp-block-column-is-layout-flow\">\n<p><strong>Sopraanot<\/strong><\/p>\n\n\n\n<p>Hanne Aho<br>Ninja Kotkalaakso<br>Viivi Kuosa<br>Kai Salo <\/p>\n<\/div>\n\n\n\n<div class=\"wp-block-column is-layout-flow wp-block-column-is-layout-flow\">\n<p><strong>Altot<\/strong><\/p>\n\n\n\n<p>Ruska Bergh\u00e4ll<br>Riikka Kuusinen<br>Vanessa Sj\u00f6gren<br>Elina Vainikainen <\/p>\n<\/div>\n\n\n\n<div class=\"wp-block-column is-layout-flow wp-block-column-is-layout-flow\">\n<p><strong>Tenorit<\/strong><\/p>\n\n\n\n<p>Antti Havukainen&nbsp;<br>Aleksi Leinikki<br>Noel Rosb\u00e4ck&nbsp;<br>Aurora Tulilaulu <\/p>\n<\/div>\n\n\n\n<div class=\"wp-block-column is-layout-flow wp-block-column-is-layout-flow\">\n<p><strong>Bassot<\/strong><\/p>\n\n\n\n<p>Niklas Lehtinen<br>Risto Linna<br>Jaakko Mattila<br>Sampo Syrj\u00e4nen <\/p>\n<\/div>\n<\/div>\n\n\n\n<h2 class=\"wp-block-heading\" style=\"text-align:center\" id=\"jari-koivistoinen\">Jari Koivistoinen<\/h2>\n\n\n\n<div class=\"wp-block-columns has-2-columns is-layout-flex wp-container-core-columns-layout-6 wp-block-columns-is-layout-flex\">\n<div class=\"wp-block-column is-layout-flow wp-block-column-is-layout-flow\">\n<figure class=\"wp-block-image\"><img loading=\"lazy\" decoding=\"async\" width=\"1024\" height=\"768\" src=\"http:\/\/unreality.fi\/wp-content\/uploads\/2018\/08\/jari-1024x768.jpg\" alt=\"\" class=\"wp-image-2855\" srcset=\"https:\/\/unreality.fi\/wp-content\/uploads\/2018\/08\/jari-1024x768.jpg 1024w, https:\/\/unreality.fi\/wp-content\/uploads\/2018\/08\/jari-300x225.jpg 300w, https:\/\/unreality.fi\/wp-content\/uploads\/2018\/08\/jari-768x576.jpg 768w\" sizes=\"(max-width: 1024px) 100vw, 1024px\" \/><figcaption>Kuva: Antti Tenhunen<\/figcaption><\/figure>\n<\/div>\n\n\n\n<div class=\"wp-block-column is-layout-flow wp-block-column-is-layout-flow\">\n<p>Jari Koivistoinen on helsinkil\u00e4inen kuoronjohtaja ja muusikko, jonka kokemus kuorojen parissa k\u00e4sitt\u00e4\u00e4 niin pieni\u00e4 ammattikokoonpanoja kuin isoja suurkuoroja. H\u00e4n on opiskellut musiikinjohtoa Sibelius-Akatemiassa ja suorittanut kuoronjohdon A-tutkinnon kev\u00e4\u00e4ll\u00e4 2019.<\/p>\n\n\n\n<p>Unrealityn lis\u00e4ksi Jari toimii kuoromestarina Helsingin Filharmonisessa kuorossa sek\u00e4 varajohtajana Tapiolan kamarikuorossa ja Kampin Laulussa. Lis\u00e4ksi h\u00e4n toimii Cantores Minores-poikakuorossa kouluttajana, ja on kysytty harjoittaja, joka on tehnyt yhteisty\u00f6t\u00e4 monen muun p\u00e4\u00e4kaupunkiseudun kuoron kanssa (mm.  Musiikkitalon kuoro, Murtosointu, Mieskuoro Manifestum). Kuoronjohdon lis\u00e4ksi h\u00e4n tekee my\u00f6s kirkkomuusikon t\u00f6it\u00e4 Helsingiss\u00e4 ja toimii monipuolisesti musiikin parissa niin s\u00e4est\u00e4j\u00e4n\u00e4, kamarimuusikkona, laulajana kuin s\u00e4velt\u00e4j\u00e4n\u00e4 ja sovittajana.<\/p>\n\n\n\n<p>Musiikin ohella Jari on kaikenlaisen muunkin kulttuurin suurkuluttaja, jonka kiinnostuksen piiriin kuuluvat mm. elokuvat, pelit, kuvataiteet ja standup. Yhteisty\u00f6 Unrealityn kanssa alkoi kev\u00e4\u00e4ll\u00e4 2017.<\/p>\n<\/div>\n<\/div>\n\n\n\n<h2 class=\"wp-block-heading\" style=\"text-align:center\" id=\"ohjelma\">Ohjelma<\/h2>\n\n\n\n<div class=\"wp-block-columns has-2-columns is-layout-flex wp-container-core-columns-layout-7 wp-block-columns-is-layout-flex\">\n<div class=\"wp-block-column is-layout-flow wp-block-column-is-layout-flow\">\n<p><strong>DuckTales Theme<\/strong><br>DuckTales<br>S\u00e4v.\/San. Mark Mueller<br>Sov. Niklas Lehtinen, Sampo Syrj\u00e4nen<\/p>\n\n\n\n<p><strong>Kiseki no Umi<\/strong><br>Record of Lodoss War<br>S\u00e4v.\/San. Yoko Kanno, Yuuho Iwasato<br>Sov. Ruska Bergh\u00e4ll<\/p>\n\n\n\n<p><strong>In Dreams<\/strong><br>The Lord of the Rings: The Fellowship of the Ring<br>S\u00e4v. Howard Shore<br>San. Fran Walsh<br>Sov. Peik Aspb\u00e4ck, Samppa Leino<\/p>\n\n\n\n<p><strong>Solas<\/strong><br>Dragon Age: Inquisition &#8211; Trespasser<br>S\u00e4v. Trevor Morris<br>Sov. Ruska Bergh\u00e4ll<br><br><em>Solisteina:<\/em> <em>Viivi Kuosa, Ruska Bergh\u00e4ll<\/em>, <em>Antti Havukainen, Sampo Syrj\u00e4ne<\/em>n<\/p>\n\n\n\n<p><strong>Gravity<\/strong><br>Wolf&#8217;s Rain<br>S\u00e4v. Yoko Kanno<br>San. Troy<br>Sov. Timo Vehvil\u00e4inen<br><br><em>Solistina: Maria Djakonowsky<\/em><\/p>\n\n\n\n<p><strong>Sanpo<\/strong><br>My Neighbor Totoro<br>S\u00e4v. Joe Hisaishi<br>San. Rieko Nakagawa<br>Sov. Ilari Sinkkonen<\/p>\n<\/div>\n\n\n\n<div class=\"wp-block-column is-layout-flow wp-block-column-is-layout-flow\">\n<p><strong>Rainbow Connection<\/strong><br>The Muppet Movie<br>S\u00e4v.\/San. Paul Williams, Kenneth Ascher<br> Sov. Tomi Jylh\u00e4-Ollila<\/p>\n\n\n\n<p><strong>Miserere Nostri, Domine<\/strong><br>Junketsu no Maria<br>S\u00e4v. myu<br>San. Youhei Matsui<br>Sov. Matias Kylli\u00e4inen<br><br><em>Solistina: Ruska Bergh\u00e4ll<\/em><\/p>\n\n\n\n<p><strong>For Fruits Basket<\/strong><br>Fruits Basket<br>S\u00e4v.\/San. Ritsuko Okazaki<br>Sov. Sampo Syrj\u00e4nen<\/p>\n\n\n\n<p><strong>A Hero Comes Home<\/strong><br>Beowulf (2007)<br>S\u00e4v.\/San. Glen Ballard, Alan Silvestri<br>Sov. Ruska Bergh\u00e4ll<br><br><em>Pienryhm\u00e4: Nanoreality<\/em><\/p>\n\n\n\n<p><strong>You&#8217;ve Got a Friend in Me<\/strong><br>Toy Story<br>S\u00e4v.\/San. Randy Newman<br>Sov. Sampo Syrj\u00e4nen<\/p>\n\n\n\n<p><strong>ICO -You Were There-<\/strong><br>ICO<br>S\u00e4v. Michiru Oshima<br>San. Lynne Hobday<br>Alkup. sov. Video Games Live<br>Sov. Sampo Syrj\u00e4nen<br><br><em>Solisteina:<\/em> <em>Kai Salo, Oliver Tompuri<\/em><br><\/p>\n<\/div>\n<\/div>\n\n\n\n<h2 class=\"wp-block-heading\" style=\"text-align:center\">Suuri kiitos kaikille juhlavuoden kiertueen mahdollistaneille tahoille!<br><\/h2>\n\n\n\n<p style=\"text-align:center\" class=\"has-huge-font-size\"><strong>Maa ja ilma ry<\/strong><\/p>\n\n\n\n<div class=\"wp-block-columns has-3-columns is-layout-flex wp-container-core-columns-layout-8 wp-block-columns-is-layout-flex\">\n<div class=\"wp-block-column is-layout-flow wp-block-column-is-layout-flow\">\n<figure class=\"wp-block-image\"><img loading=\"lazy\" decoding=\"async\" width=\"3507\" height=\"1270\" src=\"http:\/\/unreality.fi\/wp-content\/uploads\/2019\/07\/sm_logo_vert_sv-gr-2.jpg\" alt=\"\" class=\"wp-image-3630\"\/><\/figure>\n<\/div>\n\n\n\n<div class=\"wp-block-column is-layout-flow wp-block-column-is-layout-flow\">\n<figure class=\"wp-block-image\"><img loading=\"lazy\" decoding=\"async\" width=\"3334\" height=\"1088\" src=\"http:\/\/unreality.fi\/wp-content\/uploads\/2018\/09\/tracon.png\" alt=\"\" class=\"wp-image-3030\" srcset=\"https:\/\/unreality.fi\/wp-content\/uploads\/2018\/09\/tracon.png 3334w, https:\/\/unreality.fi\/wp-content\/uploads\/2018\/09\/tracon-300x98.png 300w, https:\/\/unreality.fi\/wp-content\/uploads\/2018\/09\/tracon-768x251.png 768w, https:\/\/unreality.fi\/wp-content\/uploads\/2018\/09\/tracon-1024x334.png 1024w\" sizes=\"(max-width: 3334px) 100vw, 3334px\" \/><\/figure>\n<\/div>\n\n\n\n<div class=\"wp-block-column is-layout-flow wp-block-column-is-layout-flow\">\n<figure class=\"wp-block-image\"><img loading=\"lazy\" decoding=\"async\" width=\"925\" height=\"333\" src=\"http:\/\/unreality.fi\/wp-content\/uploads\/2019\/07\/kanneltalo-logo.png\" alt=\"\" class=\"wp-image-3623\"\/><\/figure>\n\n\n\n<p><\/p>\n<\/div>\n<\/div>\n\n\n\n<div class=\"wp-block-columns has-3-columns is-layout-flex wp-container-core-columns-layout-9 wp-block-columns-is-layout-flex\">\n<div class=\"wp-block-column is-layout-flow wp-block-column-is-layout-flow\">\n<figure class=\"wp-block-image\"><img loading=\"lazy\" decoding=\"async\" width=\"440\" height=\"441\" src=\"http:\/\/unreality.fi\/wp-content\/uploads\/2019\/07\/popcult2015_logo.png\" alt=\"\" class=\"wp-image-3646\" srcset=\"https:\/\/unreality.fi\/wp-content\/uploads\/2019\/07\/popcult2015_logo.png 440w, https:\/\/unreality.fi\/wp-content\/uploads\/2019\/07\/popcult2015_logo-150x150.png 150w, https:\/\/unreality.fi\/wp-content\/uploads\/2019\/07\/popcult2015_logo-300x300.png 300w\" sizes=\"(max-width: 440px) 100vw, 440px\" \/><\/figure>\n<\/div>\n\n\n\n<div class=\"wp-block-column is-layout-flow wp-block-column-is-layout-flow\">\n<figure class=\"wp-block-image\"><img loading=\"lazy\" decoding=\"async\" width=\"400\" height=\"400\" src=\"http:\/\/unreality.fi\/wp-content\/uploads\/2019\/08\/Kuuhubb_logo_400x400.png\" alt=\"Kuuhubb\" class=\"wp-image-3749\" srcset=\"https:\/\/unreality.fi\/wp-content\/uploads\/2019\/08\/Kuuhubb_logo_400x400.png 400w, https:\/\/unreality.fi\/wp-content\/uploads\/2019\/08\/Kuuhubb_logo_400x400-150x150.png 150w, https:\/\/unreality.fi\/wp-content\/uploads\/2019\/08\/Kuuhubb_logo_400x400-300x300.png 300w\" sizes=\"(max-width: 400px) 100vw, 400px\" \/><\/figure>\n\n\n\n<figure class=\"wp-block-image\"><img loading=\"lazy\" decoding=\"async\" width=\"1783\" height=\"464\" src=\"http:\/\/unreality.fi\/wp-content\/uploads\/2019\/07\/Ropecon_logo_black.png\" alt=\"\" class=\"wp-image-3644\"\/><\/figure>\n<\/div>\n\n\n\n<div class=\"wp-block-column is-layout-flow wp-block-column-is-layout-flow\">\n<figure class=\"wp-block-image\"><img loading=\"lazy\" decoding=\"async\" width=\"960\" height=\"960\" src=\"http:\/\/unreality.fi\/wp-content\/uploads\/2019\/07\/download.png\" alt=\"\" class=\"wp-image-3652\" srcset=\"https:\/\/unreality.fi\/wp-content\/uploads\/2019\/07\/download.png 960w, https:\/\/unreality.fi\/wp-content\/uploads\/2019\/07\/download-150x150.png 150w, https:\/\/unreality.fi\/wp-content\/uploads\/2019\/07\/download-300x300.png 300w, https:\/\/unreality.fi\/wp-content\/uploads\/2019\/07\/download-768x768.png 768w\" sizes=\"(max-width: 960px) 100vw, 960px\" \/><\/figure>\n<\/div>\n<\/div>\n","protected":false},"excerpt":{"rendered":"<p>Viuhkat esiin, sill\u00e4 fanitus ja tuuletus levi\u00e4v\u00e4t nyt laajemmalle kuin koskaan! T\u00e4n\u00e4 kes\u00e4n\u00e4 Unreality juhlii viidett\u00e4 vuottaan, ja kokoaa yhteen konserttiin parhaimman ja ep\u00e4todellisimman valikoiman koko silt\u00e4 ajalta. Unrealityn lohik\u00e4\u00e4rmeell\u00e4 on nyky\u00e4\u00e4n nelj\u00e4kymment\u00e4 p\u00e4\u00e4t\u00e4, ja niill\u00e4 vanhat suosikitkin soivat aivan eri tavalla &#8211; ja tietysti tarjolla on my\u00f6s uutta materiaalia, jollaisesta ei viel\u00e4 viisi vuotta sitten oltaisi osattu edes haaveilla!<\/p>\n<p>Juhlavuoden kiertue sis\u00e4lt\u00e4\u00e4 Unrealitylle kokonaan uusia maisemia ja yleis\u00f6j\u00e4. Kuoro kurkottaa nyt l\u00e4nsirannikolle asti ja konsertoi ensimm\u00e4ist\u00e4 kertaa Turussa! Popkulttuurin inspiroima kuoromusiikki levi\u00e4\u00e4 tulisena viuhkana Tampereen kautta ja avautuu lopulliseen komeuteensa Helsingin p\u00e4\u00e4konsertissa. Kuoron lohik\u00e4\u00e4rmeen oranssinhohtoisten siipien alla lentoa johtaa Jari Koivistoinen.<\/p>\n","protected":false},"author":2,"featured_media":3673,"parent":0,"menu_order":0,"comment_status":"closed","ping_status":"closed","template":"","meta":{"_exactmetrics_skip_tracking":false,"_exactmetrics_sitenote_active":false,"_exactmetrics_sitenote_note":"","_exactmetrics_sitenote_category":0,"footnotes":""},"_links":{"self":[{"href":"https:\/\/unreality.fi\/index.php\/wp-json\/wp\/v2\/pages\/3601"}],"collection":[{"href":"https:\/\/unreality.fi\/index.php\/wp-json\/wp\/v2\/pages"}],"about":[{"href":"https:\/\/unreality.fi\/index.php\/wp-json\/wp\/v2\/types\/page"}],"author":[{"embeddable":true,"href":"https:\/\/unreality.fi\/index.php\/wp-json\/wp\/v2\/users\/2"}],"replies":[{"embeddable":true,"href":"https:\/\/unreality.fi\/index.php\/wp-json\/wp\/v2\/comments?post=3601"}],"version-history":[{"count":31,"href":"https:\/\/unreality.fi\/index.php\/wp-json\/wp\/v2\/pages\/3601\/revisions"}],"predecessor-version":[{"id":3770,"href":"https:\/\/unreality.fi\/index.php\/wp-json\/wp\/v2\/pages\/3601\/revisions\/3770"}],"wp:featuredmedia":[{"embeddable":true,"href":"https:\/\/unreality.fi\/index.php\/wp-json\/wp\/v2\/media\/3673"}],"wp:attachment":[{"href":"https:\/\/unreality.fi\/index.php\/wp-json\/wp\/v2\/media?parent=3601"}],"curies":[{"name":"wp","href":"https:\/\/api.w.org\/{rel}","templated":true}]}}