{"id":3818,"date":"2020-02-28T17:52:44","date_gmt":"2020-02-28T17:52:44","guid":{"rendered":"http:\/\/unreality.fi\/?page_id=3818"},"modified":"2020-11-07T19:54:50","modified_gmt":"2020-11-07T17:54:50","slug":"flashback-ohjelmalehti","status":"publish","type":"page","link":"https:\/\/unreality.fi\/index.php\/flashback-ohjelmalehti\/","title":{"rendered":"Unreality: Flashback &#8211; Ohjelmalehti"},"content":{"rendered":"\n<h1 class=\"wp-block-heading\" style=\"text-align:center\"> Unreality: Flashback<br>Helsinki 24.10.2020 klo 18<\/h1>\n\n\n\n<p style=\"text-align:center\"><a href=\"http:\/\/unreality.fi\/index.php\/flashback-concert-program\/\">IN ENGLISH<\/a><\/p>\n\n\n\n<p style=\"text-align:center\">Konsertin liput myynniss\u00e4 <a href=\"https:\/\/www.lippu.fi\/artist\/unreality\/?fbclid=IwAR1UrPBp5Lwt0bTfyGMcbjsQjquOo1PtX1u35rXppWf8yb6Bxm8vEK6sjQw\" target=\"_blank\" rel=\"noreferrer noopener\" aria-label=\" (opens in a new tab)\">Lippu.fi:ss\u00e4<\/a><\/p>\n\n\n\n<p style=\"text-align:center\" class=\"has-medium-font-size\"><em><strong>  Tied\u00e4tk\u00f6, miten liittyv\u00e4t toisiinsa kyn\u00e4 ja kasetti? Olivatko aamupiirrettysi p\u00e4\u00e4llepuhuttuja ja Disney-videosi 129 markkaa? Jos kuulostaa tutulta, niin kuulostaa t\u00e4m\u00e4 konserttikin. Sekakuoro Unreality ei ole valmis p\u00e4\u00e4st\u00e4m\u00e4\u00e4n irti menneest\u00e4, oli se 30 tai 3 vuotta sitten. \u00c4l\u00e4 odottele modeemin yhdistymist\u00e4 &#8211;  testaa paikan p\u00e4\u00e4ll\u00e4, kuinka monta n\u00e4ist\u00e4 kappaleista tunnistat! Kuoroa nostalgian sy\u00f6vereihin johtaa Jari Koivistoinen. <\/strong><\/em><\/p>\n\n\n\n<h2 class=\"wp-block-heading\" style=\"text-align:center\" id=\"kuoro\">Kuoro<\/h2>\n\n\n\n<div class=\"wp-block-columns has-2-columns is-layout-flex wp-container-core-columns-layout-1 wp-block-columns-is-layout-flex\">\n<div class=\"wp-block-column is-layout-flow wp-block-column-is-layout-flow\">\n<p>Unreality on vuonna 2014 perustettu helsinkil\u00e4inen sekakuoro, joka on ensimm\u00e4isen\u00e4 kuorona Suomessa omistautunut vain elokuva-, tv-sarja-, peli- ja animaatiomusiikille. Uniikit, itse sovitetut kappaleet ja oranssinhehkuinen lohik\u00e4\u00e4rme ovat t\u00e4m\u00e4n 40-henkisen laulajaporukan tunnusmerkkej\u00e4. Unreality esiintyy vuosittain massiivisissa yleis\u00f6tapahtumissa, ja pitk\u00e4\u00e4n valloituslistaan sis\u00e4ltyv\u00e4t mm. Tracon, Ropecon, Helsinki Game Music Festival, Worldcon 75 sek\u00e4 yhteiskonsertti Akateemisen puhallinorkesterin kanssa. Lis\u00e4ksi kuoro j\u00e4rjest\u00e4\u00e4 omia konsertteja pari kertaa vuodessa ja keikkailee rakastetun pienryhm\u00e4 Nanorealityn voimin kaikenkokoisissa tapahtumissa. Kuoron taiteellisena johtajana toimii Jari Koivistoinen. <\/p>\n<\/div>\n\n\n\n<div class=\"wp-block-column is-layout-flow wp-block-column-is-layout-flow\">\n<figure class=\"wp-block-image\"><img loading=\"lazy\" decoding=\"async\" width=\"1024\" height=\"576\" src=\"http:\/\/unreality.fi\/wp-content\/uploads\/2017\/05\/DSC09598-1024x576.jpg\" alt=\"\" class=\"wp-image-2584\" srcset=\"https:\/\/unreality.fi\/wp-content\/uploads\/2017\/05\/DSC09598-1024x576.jpg 1024w, https:\/\/unreality.fi\/wp-content\/uploads\/2017\/05\/DSC09598-300x169.jpg 300w, https:\/\/unreality.fi\/wp-content\/uploads\/2017\/05\/DSC09598-768x432.jpg 768w\" sizes=\"(max-width: 1024px) 100vw, 1024px\" \/><figcaption>Kuva: Mikael Peltomaa<\/figcaption><\/figure>\n<\/div>\n<\/div>\n\n\n\n<h2 class=\"wp-block-heading\" style=\"text-align:center\" id=\"jari-koivistoinen\">Jari Koivistoinen<\/h2>\n\n\n\n<div class=\"wp-block-columns has-2-columns is-layout-flex wp-container-core-columns-layout-2 wp-block-columns-is-layout-flex\">\n<div class=\"wp-block-column is-layout-flow wp-block-column-is-layout-flow\">\n<figure class=\"wp-block-image\"><img loading=\"lazy\" decoding=\"async\" width=\"1024\" height=\"768\" src=\"http:\/\/unreality.fi\/wp-content\/uploads\/2018\/08\/jari-1024x768.jpg\" alt=\"\" class=\"wp-image-2855\" srcset=\"https:\/\/unreality.fi\/wp-content\/uploads\/2018\/08\/jari-1024x768.jpg 1024w, https:\/\/unreality.fi\/wp-content\/uploads\/2018\/08\/jari-300x225.jpg 300w, https:\/\/unreality.fi\/wp-content\/uploads\/2018\/08\/jari-768x576.jpg 768w\" sizes=\"(max-width: 1024px) 100vw, 1024px\" \/><figcaption>Kuva: Antti Tenhunen<\/figcaption><\/figure>\n<\/div>\n\n\n\n<div class=\"wp-block-column is-layout-flow wp-block-column-is-layout-flow\">\n<p>Jari Koivistoinen on helsinkil\u00e4inen ammattimuusikko, jonka kokemus kuorojen parissa k\u00e4sitt\u00e4\u00e4 niin pieni\u00e4 ammattikokoonpanoja kuin isoja suurkuoroja. H\u00e4n on opiskellut musiikinjohtoa ja kirkkomusiikkia Sibelius-Akatemiassa ja on suorittanut kuoronjohdon A-tutkinnon kev\u00e4\u00e4ll\u00e4 2019. <\/p>\n\n\n\n<p> Unrealityn ohella Jari toimii kuoromestarina Helsingin Filharmonisessa kuorossa sek\u00e4 varajohtajana Tapiolan kamarikuorossa ja Kampin Laulussa. Lis\u00e4ksi h\u00e4n toimii Cantores Minores-poikakuorossa kouluttajana, ja on kysytty harjoittaja, joka on tehnyt yhteisty\u00f6t\u00e4 monen muun p\u00e4\u00e4kaupunkiseudun kuoron kanssa (mm. Musiikkitalon kuoro, Murtosointu, Mieskuoro Manifestum). Kuoronjohdon lis\u00e4ksi h\u00e4n toimii monipuolisesti musiikin  <br>parissa niin kanttorina, kamarimuusikkona, laulajana kuin s\u00e4velt\u00e4j\u00e4n\u00e4 ja sovittajana.<\/p>\n\n\n\n<p>Musiikin ohella Jari on kaikenlaisen muunkin kulttuurin suurkuluttaja, jonka kiinnostuksen piiriin kuuluvat mm. elokuvat, pelit, kuvataiteet ja standup. Yhteisty\u00f6 Unrealityn kanssa alkoi kev\u00e4\u00e4ll\u00e4 2017. <\/p>\n<\/div>\n<\/div>\n\n\n\n<h2 class=\"wp-block-heading\" style=\"text-align:center\" id=\"ohjelma\">Ohjelma*<\/h2>\n\n\n\n<p style=\"text-align:center\" class=\"has-small-font-size\">*Muutokset ohjelmaan mahdollisia<\/p>\n\n\n\n<div class=\"wp-block-columns has-2-columns is-layout-flex wp-container-core-columns-layout-3 wp-block-columns-is-layout-flex\">\n<div class=\"wp-block-column is-layout-flow wp-block-column-is-layout-flow\">\n<p><strong>Eye of the Tiger<\/strong><br>Rocky III<br>S\u00e4v.\/San. Frankie Sullivan, Jim Peterik<br>Sov. Antti Havukainen <\/p>\n\n\n\n<p><strong>Willy Fog &#8211; Matka maailman ymp\u00e4ri 80 p\u00e4iv\u00e4ss\u00e4<\/strong><br>Willy Fog &#8211; Matka maailman ymp\u00e4ri 80 p\u00e4iv\u00e4ss\u00e4<br>S\u00e4v. Guido &amp; Maurizio De Angelis<br>Sov. Ruska Bergh\u00e4ll <\/p>\n\n\n\n<p><strong>Nostalgiamedley<\/strong><br><em><strong>Kaukamets\u00e4n pakolaiset<\/strong><\/em><br><em>S\u00e4v. Dennis Cooper<\/em><br><em><strong>Nooan saari<\/strong><br>S\u00e4v. Detlev K\u00fchne<br><strong>Eyewitness<\/strong><br>S\u00e4v. Guy Michelmore<br><\/em><strong><em>Tintin seikkailut<\/em><\/strong><em><br>S\u00e4v. Ray Parker, Tom Szczesniak <br><\/em><strong><em>Babar<\/em><\/strong><em><br>S\u00e4v. Milan Kymlicka<br><\/em>Sov. Matias Kylli\u00e4inen <\/p>\n\n\n\n<p><strong>In Noctem<\/strong><br>Harry Potter and the Half-Blood Prince<br>S\u00e4v. Nicholas Hooper<br>San. Steve Kloves<br>Sov. Olli Huotari <\/p>\n<\/div>\n\n\n\n<div class=\"wp-block-column is-layout-flow wp-block-column-is-layout-flow\">\n<p><strong>ICO -You Were There-<\/strong><br>ICO<br>S\u00e4v. Michiru Oshima<br>San. Lynne Hobday<br>Alkup. sov. Video Games Live<br>Sov. Sampo Syrj\u00e4nen<br>Solisteina Ninja Kotkalaakso &amp; Antti Havukainen <\/p>\n\n\n\n<p><strong>Midsomer Murders Theme<\/strong><br>Midsomer Murders<br>S\u00e4v. Jim Parker<br>Sov. Aurora Tulilaulu, Ruska Bergh\u00e4ll  <br>Solistina Kai Salo<\/p>\n\n\n\n<p><strong>Love Crime<\/strong><br>Hannibal<br>S\u00e4v.\/San. Brian Reitzell, Siouxsie<br>Sov. Ruska Bergh\u00e4ll <\/p>\n\n\n\n<p><strong>Hercule Poirot &#8211; The Belgian Detective<\/strong><br>Agatha Christie&#8217;s Poirot<br>S\u00e4v. Christopher Gunning<br>Sov. Ruska Bergh\u00e4ll <\/p>\n\n\n\n<p><strong>Hands of Gold<\/strong><br>Game of Thrones<br>S\u00e4v. Ed Sheeran<br>Alkup. sov. Tom Anderson<br>Sov. Hanne Aho, Riikka Kuusinen <\/p>\n\n\n\n<p><strong>You&#8217;ve Got a Friend in Me<\/strong><br>Toy Story<br>S\u00e4v.\/San. Randy Newman<br>Sov. Sampo Syrj\u00e4nen<\/p>\n\n\n\n<p><br><\/p>\n<\/div>\n<\/div>\n\n\n\n<h2 class=\"wp-block-heading\" style=\"text-align:center\">Erityiskiitokset:<\/h2>\n\n\n\n<p style=\"font-size:70px;text-align:center\">Maa ja Ilma ry<\/p>\n\n\n\n<figure class=\"wp-block-image is-resized\"><img loading=\"lazy\" decoding=\"async\" src=\"http:\/\/unreality.fi\/wp-content\/uploads\/2021\/09\/Malmitalo.png\" alt=\"\" class=\"wp-image-4006\" width=\"404\" height=\"171\"\/><\/figure>\n\n\n\n<div class=\"wp-block-image\"><figure class=\"alignleft is-resized\"><img loading=\"lazy\" decoding=\"async\" src=\"http:\/\/unreality.fi\/wp-content\/uploads\/2020\/10\/OUBS.png\" alt=\"\" class=\"wp-image-3949\" width=\"529\" height=\"277\"\/><\/figure><\/div>\n","protected":false},"excerpt":{"rendered":"<p>Tied\u00e4tk\u00f6, miten liittyv\u00e4t toisiinsa kyn\u00e4 ja kasetti? Olivatko aamupiirrettysi p\u00e4\u00e4llepuhuttuja ja Disney-videosi 129 markkaa? Jos kuulostaa tutulta, niin kuulostaa t\u00e4m\u00e4 konserttikin. Sekakuoro Unreality ei ole valmis p\u00e4\u00e4st\u00e4m\u00e4\u00e4n irti menneest\u00e4, oli se 30 tai 3 vuotta sitten. \u00c4l\u00e4 odottele modeemin yhdistymist\u00e4 &#8211;  testaa paikan p\u00e4\u00e4ll\u00e4, kuinka monta n\u00e4ist\u00e4 kappaleista tunnistat! Kuoroa nostalgian sy\u00f6vereihin johtaa Jari Koivistoinen.<\/p>\n","protected":false},"author":2,"featured_media":3925,"parent":0,"menu_order":0,"comment_status":"closed","ping_status":"closed","template":"","meta":{"_exactmetrics_skip_tracking":false,"_exactmetrics_sitenote_active":false,"_exactmetrics_sitenote_note":"","_exactmetrics_sitenote_category":0,"footnotes":""},"_links":{"self":[{"href":"https:\/\/unreality.fi\/index.php\/wp-json\/wp\/v2\/pages\/3818"}],"collection":[{"href":"https:\/\/unreality.fi\/index.php\/wp-json\/wp\/v2\/pages"}],"about":[{"href":"https:\/\/unreality.fi\/index.php\/wp-json\/wp\/v2\/types\/page"}],"author":[{"embeddable":true,"href":"https:\/\/unreality.fi\/index.php\/wp-json\/wp\/v2\/users\/2"}],"replies":[{"embeddable":true,"href":"https:\/\/unreality.fi\/index.php\/wp-json\/wp\/v2\/comments?post=3818"}],"version-history":[{"count":17,"href":"https:\/\/unreality.fi\/index.php\/wp-json\/wp\/v2\/pages\/3818\/revisions"}],"predecessor-version":[{"id":3959,"href":"https:\/\/unreality.fi\/index.php\/wp-json\/wp\/v2\/pages\/3818\/revisions\/3959"}],"wp:featuredmedia":[{"embeddable":true,"href":"https:\/\/unreality.fi\/index.php\/wp-json\/wp\/v2\/media\/3925"}],"wp:attachment":[{"href":"https:\/\/unreality.fi\/index.php\/wp-json\/wp\/v2\/media?parent=3818"}],"curies":[{"name":"wp","href":"https:\/\/api.w.org\/{rel}","templated":true}]}}