{"id":4001,"date":"2021-09-20T13:11:11","date_gmt":"2021-09-20T10:11:11","guid":{"rendered":"http:\/\/unreality.fi\/?page_id=4001"},"modified":"2021-09-24T16:27:59","modified_gmt":"2021-09-24T13:27:59","slug":"unreality-mysteries-uncovered-ohjelmalehti","status":"publish","type":"page","link":"https:\/\/unreality.fi\/index.php\/unreality-mysteries-uncovered-ohjelmalehti\/","title":{"rendered":"Unreality: Mysteries Uncovered &#8211; Ohjelmalehti"},"content":{"rendered":"\n<h1 class=\"wp-block-heading\" style=\"text-align:center\"> Unreality: Mysteries Uncovered 25.9.2021 klo 19<\/h1>\n\n\n\n<p style=\"text-align:center\"><a href=\"http:\/\/unreality.fi\/index.php\/unreality-mysteries-uncovered-concert-program\/\">IN ENGLISH<\/a><\/p>\n\n\n\n<p style=\"text-align:center\">Konsertin liput myynniss\u00e4 <a href=\"https:\/\/www.lippu.fi\/artist\/unreality\/?fbclid=IwAR1UrPBp5Lwt0bTfyGMcbjsQjquOo1PtX1u35rXppWf8yb6Bxm8vEK6sjQw\" target=\"_blank\" rel=\"noreferrer noopener\" aria-label=\" (opens in a new tab)\">Lippu.fi:ss\u00e4<\/a><\/p>\n\n\n\n<p style=\"text-align:center\" class=\"has-medium-font-size\"><em><strong>Kuka murhasi hovimestarin? Onko asiat sit\u00e4 milt\u00e4 ne n\u00e4ytt\u00e4v\u00e4t? Mit\u00e4 tapahtuu, kun pahantahtoiselle lonkerolle kasvaa k\u00e4det? Oliko hovimestari sittenkin <\/strong><\/em> <em><strong>itse syyllinen? Sekakuoro Unreality l\u00e4htee selvitt\u00e4m\u00e4\u00e4n n\u00e4it\u00e4 ja monia muita arvoituksia. Liity siis tutkijoiden, salapoliisien totuuden etsij\u00f6iden pohtivaan joukkoon ja tule kuuntelemaan! <\/strong><\/em><br><em><strong>Kuoroa syv\u00e4lle mysteerien maailmaan johtaa J<\/strong><\/em><em><strong>ari Koivistoinen. <\/strong><\/em><\/p>\n\n\n\n<h2 class=\"wp-block-heading\" style=\"text-align:center\" id=\"kuoro\">Kuoro<\/h2>\n\n\n\n<div class=\"wp-block-columns has-2-columns is-layout-flex wp-container-core-columns-layout-1 wp-block-columns-is-layout-flex\">\n<div class=\"wp-block-column is-layout-flow wp-block-column-is-layout-flow\">\n<p>Unreality on vuonna 2014 perustettu helsinkil\u00e4inen sekakuoro, joka on ensimm\u00e4isen\u00e4 kuorona Suomessa omistautunut vain elokuva-, tv-sarja-, peli- ja animaatiomusiikille. Uniikit, itse sovitetut kappaleet ja oranssinhehkuinen lohik\u00e4\u00e4rme ovat t\u00e4m\u00e4n 30-henkisen laulajaporukan tunnusmerkkej\u00e4. Unreality esiintyy vuosittain massiivisissa yleis\u00f6tapahtumissa, ja pitk\u00e4\u00e4n valloituslistaan sis\u00e4ltyv\u00e4t mm. Tracon, Ropecon, Helsinki Game Music Festival, Worldcon 75 sek\u00e4 yhteiskonsertti Akateemisen puhallinorkesterin kanssa. Lis\u00e4ksi kuoro j\u00e4rjest\u00e4\u00e4 omia konsertteja pari kertaa vuodessa ja keikkailee rakastetun pienryhm\u00e4 Nanorealityn voimin kaikenkokoisissa tapahtumissa. Kuoron taiteellisena johtajana toimii Jari Koivistoinen. <\/p>\n<\/div>\n\n\n\n<div class=\"wp-block-column is-layout-flow wp-block-column-is-layout-flow\">\n<figure class=\"wp-block-image\"><img loading=\"lazy\" decoding=\"async\" width=\"1024\" height=\"576\" src=\"http:\/\/unreality.fi\/wp-content\/uploads\/2017\/05\/DSC09598-1024x576.jpg\" alt=\"\" class=\"wp-image-2584\" srcset=\"https:\/\/unreality.fi\/wp-content\/uploads\/2017\/05\/DSC09598-1024x576.jpg 1024w, https:\/\/unreality.fi\/wp-content\/uploads\/2017\/05\/DSC09598-300x169.jpg 300w, https:\/\/unreality.fi\/wp-content\/uploads\/2017\/05\/DSC09598-768x432.jpg 768w\" sizes=\"(max-width: 1024px) 100vw, 1024px\" \/><figcaption>Kuva: Mikael Peltomaa<\/figcaption><\/figure>\n<\/div>\n<\/div>\n\n\n\n<h2 class=\"wp-block-heading\" style=\"text-align:center\" id=\"jari-koivistoinen\">Jari Koivistoinen<\/h2>\n\n\n\n<div class=\"wp-block-columns has-2-columns is-layout-flex wp-container-core-columns-layout-2 wp-block-columns-is-layout-flex\">\n<div class=\"wp-block-column is-layout-flow wp-block-column-is-layout-flow\">\n<figure class=\"wp-block-image\"><img loading=\"lazy\" decoding=\"async\" width=\"1024\" height=\"768\" src=\"http:\/\/unreality.fi\/wp-content\/uploads\/2018\/08\/jari-1024x768.jpg\" alt=\"\" class=\"wp-image-2855\" srcset=\"https:\/\/unreality.fi\/wp-content\/uploads\/2018\/08\/jari-1024x768.jpg 1024w, https:\/\/unreality.fi\/wp-content\/uploads\/2018\/08\/jari-300x225.jpg 300w, https:\/\/unreality.fi\/wp-content\/uploads\/2018\/08\/jari-768x576.jpg 768w\" sizes=\"(max-width: 1024px) 100vw, 1024px\" \/><figcaption>Kuva: Antti Tenhunen<\/figcaption><\/figure>\n<\/div>\n\n\n\n<div class=\"wp-block-column is-layout-flow wp-block-column-is-layout-flow\">\n<p> Jari Koivistoinen on helsinkil\u00e4inen ammattimuusikko, jonka kokemus kuorojen parissa k\u00e4sitt\u00e4\u00e4 niin pieni\u00e4 ammattikokoonpanoja kuin isoja suurkuoroja. H\u00e4n on opiskellut musiikinjohtoa ja kirkkomusiikkia Sibelius-Akatemiassa ja on suorittanut kuoronjohdon A-tutkinnon kev\u00e4\u00e4ll\u00e4 2019. <\/p>\n\n\n\n<p> Unrealityn ohella Jari toimii kuoromestarina Helsingin Filharmonisessa kuorossa sek\u00e4 varajohtajana Tapiolan kamarikuorossa ja Kampin Laulussa. Lis\u00e4ksi h\u00e4n toimii Cantores Minores-poikakuorossa kouluttajana, ja on kysytty harjoittaja, joka on tehnyt yhteisty\u00f6t\u00e4 monen muun p\u00e4\u00e4kaupunkiseudun kuoron kanssa (mm. Musiikkitalon kuoro, Murtosointu, Mieskuoro Manifestum). Kuoronjohdon lis\u00e4ksi h\u00e4n toimii monipuolisesti musiikin  <br>parissa niin kanttorina, kamarimuusikkona, laulajana kuin s\u00e4velt\u00e4j\u00e4n\u00e4 ja sovittajana.<\/p>\n\n\n\n<p> Musiikin ohella Jari on kaikenlaisen muunkin kulttuurin suurkuluttaja, jonka kiinnostuksen piiriin kuuluvat mm. elokuvat, pelit, kuvataiteet ja standup. Yhteisty\u00f6 Unrealityn kanssa alkoi kev\u00e4\u00e4ll\u00e4 2017. <\/p>\n<\/div>\n<\/div>\n\n\n\n<h2 class=\"wp-block-heading\" style=\"text-align:center\" id=\"ohjelma\">Ohjelma<\/h2>\n\n\n\n<div class=\"wp-block-columns has-2-columns is-layout-flex wp-container-core-columns-layout-3 wp-block-columns-is-layout-flex\">\n<div class=\"wp-block-column is-layout-flow wp-block-column-is-layout-flow\">\n<p><strong>Title theme<\/strong><br>Maniac Mansion II: <br>Day of the Tentacle<br>s\u00e4v. Peter McConnell ja Clint Bajakian<br>transcr. Tomi Jylh\u00e4-Ollila<\/p>\n\n\n\n<p><strong>Midsomer Murders theme<\/strong><br>s\u00e4v. Jim Parker<br>transcr. Aurora Tulilaulu ja Ruska Bergh\u00e4llIn <\/p>\n\n\n\n<p><strong>In Noctem<\/strong><br>Harry Potter and the Half-Blood Prince<br>S\u00e4v. &amp; San. Nicholas Hooper ja Steven Kloves<br>transcr.&nbsp;Olli Huotari<\/p>\n\n\n\n<p><strong>Long, Long Time Ago<\/strong><br>Pan&#8217;s Labyrinth<br>s\u00e4v. Javier Navarrete<br>transcr. Antti Havukainen<\/p>\n\n\n\n<p><strong>Agatha Christie&#8217;s Hercule Poirot<\/strong><br>s\u00e4v. Christopher Gunning<br>transcr. Ruska Bergh\u00e4ll<\/p>\n\n\n\n<p><strong>Courtroom Medley<\/strong><br>(sis\u00e4lt\u00e4\u00e4 osia kappaleista: Cross-examination, Objection!, <br>Announce the Truth, Pursuit ~ Cornered, Won the Lawsuit!)<br>Phoenix Wright &#8211; Ace Attorney<br>s\u00e4v. Masakazu Sugimori<br>transcr. Sampo Syrj\u00e4nen<\/p>\n<\/div>\n\n\n\n<div class=\"wp-block-column is-layout-flow wp-block-column-is-layout-flow\">\n<p><strong>Hands of Gold<\/strong><br>Game of Thrones<br>s\u00e4v. Ed Sheeran<br>Arr. Tom Anderson<br>transcr. Hanne Aho ja Riikka Kuusinen<\/p>\n\n\n\n<p><strong>Fullmetal Alchemist main theme<\/strong><br>s\u00e4v. Akira Senju<br>Transcr. Terhi Lehtola<\/p>\n\n\n\n<p><strong>Love Crime<\/strong><br>Hannibal<br>s\u00e4v. &amp; san. Siouxsie Sioux ja <br>Brian Reitzell<br>transcr. Ruska Bergh\u00e4ll<\/p>\n\n\n\n<p><strong>Main theme<\/strong><br>Monkey Island<br>s\u00e4v Michael Land<br>transcr. Tomi Jylh\u00e4-Ollila<\/p>\n\n\n\n<p><strong>Rikkin\u00e4isen maailman laulu <\/strong>(Kowareta sekai no uta)<br>NieR : Automata<br>s\u00e4v. Keiichi Okabe<br>san. Yoko Taro<br>transcr. Sampo Syrj\u00e4nen<br>suom. Risto Linna ja Sampo Syrj\u00e4nen <\/p>\n\n\n\n<p><br><\/p>\n<\/div>\n<\/div>\n\n\n\n<h2 class=\"wp-block-heading\" style=\"text-align:center\">Erityiskiitokset:<\/h2>\n\n\n\n<h3 class=\"wp-block-heading\" style=\"text-align:center\"> Emma Kantanen &#8211; Suurkiitos grafiikoista!<\/h3>\n\n\n\n<p style=\"font-size:70px;text-align:center\">Maa&amp;Ilma ry.<\/p>\n\n\n\n<figure class=\"wp-block-image is-resized\"><img loading=\"lazy\" decoding=\"async\" src=\"http:\/\/unreality.fi\/wp-content\/uploads\/2021\/09\/Malmitalo.png\" alt=\"\" class=\"wp-image-4006\" width=\"404\" height=\"171\"\/><\/figure>\n\n\n\n<div class=\"wp-block-image\"><figure class=\"alignleft is-resized\"><img loading=\"lazy\" decoding=\"async\" src=\"http:\/\/unreality.fi\/wp-content\/uploads\/2020\/10\/OUBS.png\" alt=\"\" class=\"wp-image-3949\" width=\"529\" height=\"277\"\/><\/figure><\/div>\n\n\n\n<figure class=\"wp-block-image is-resized\"><img loading=\"lazy\" decoding=\"async\" src=\"http:\/\/unreality.fi\/wp-content\/uploads\/2021\/09\/Tracon-Logo.png\" alt=\"\" class=\"wp-image-4023\" width=\"590\" height=\"192\"\/><\/figure>\n","protected":false},"excerpt":{"rendered":"<p>Kuka murhasi hovimestarin? Onko asiat sit\u00e4 milt\u00e4 ne n\u00e4ytt\u00e4v\u00e4t? Mit\u00e4 tapahtuu, kun pahantahtoiselle lonkerolle kasvaa k\u00e4det? Oliko hovimestari sittenkin  itse syyllinen? Sekakuoro Unreality l\u00e4htee selvitt\u00e4m\u00e4\u00e4n n\u00e4it\u00e4 ja monia muita arvoituksia. Liity siis tutkijoiden, salapoliisien totuuden etsij\u00f6iden pohtivaan joukkoon ja tule kuuntelemaan!<br \/>\nKuoroa syv\u00e4lle mysteerien maailmaan johtaa Jari Koivistoinen. <\/p>\n","protected":false},"author":3,"featured_media":4009,"parent":0,"menu_order":0,"comment_status":"closed","ping_status":"closed","template":"","meta":{"_exactmetrics_skip_tracking":false,"_exactmetrics_sitenote_active":false,"_exactmetrics_sitenote_note":"","_exactmetrics_sitenote_category":0,"footnotes":""},"_links":{"self":[{"href":"https:\/\/unreality.fi\/index.php\/wp-json\/wp\/v2\/pages\/4001"}],"collection":[{"href":"https:\/\/unreality.fi\/index.php\/wp-json\/wp\/v2\/pages"}],"about":[{"href":"https:\/\/unreality.fi\/index.php\/wp-json\/wp\/v2\/types\/page"}],"author":[{"embeddable":true,"href":"https:\/\/unreality.fi\/index.php\/wp-json\/wp\/v2\/users\/3"}],"replies":[{"embeddable":true,"href":"https:\/\/unreality.fi\/index.php\/wp-json\/wp\/v2\/comments?post=4001"}],"version-history":[{"count":13,"href":"https:\/\/unreality.fi\/index.php\/wp-json\/wp\/v2\/pages\/4001\/revisions"}],"predecessor-version":[{"id":4040,"href":"https:\/\/unreality.fi\/index.php\/wp-json\/wp\/v2\/pages\/4001\/revisions\/4040"}],"wp:featuredmedia":[{"embeddable":true,"href":"https:\/\/unreality.fi\/index.php\/wp-json\/wp\/v2\/media\/4009"}],"wp:attachment":[{"href":"https:\/\/unreality.fi\/index.php\/wp-json\/wp\/v2\/media?parent=4001"}],"curies":[{"name":"wp","href":"https:\/\/api.w.org\/{rel}","templated":true}]}}