{"id":4125,"date":"2022-09-09T13:29:09","date_gmt":"2022-09-09T10:29:09","guid":{"rendered":"https:\/\/unreality.fi\/?page_id=4125"},"modified":"2022-09-09T14:23:27","modified_gmt":"2022-09-09T11:23:27","slug":"ssohjelma","status":"publish","type":"page","link":"https:\/\/unreality.fi\/index.php\/ssohjelma\/","title":{"rendered":"Symphonic Stories \u2013 Ohjelmalehti"},"content":{"rendered":"<div id=\"pl-4125\"  class=\"panel-layout\" ><div id=\"pg-4125-0\"  class=\"panel-grid panel-no-style\" ><div id=\"pgc-4125-0-0\"  class=\"panel-grid-cell\" ><div id=\"panel-4125-0-0-0\" class=\"so-panel widget panel-first-child\" data-index=\"0\" ><\/div><div id=\"panel-4125-0-0-1\" class=\"so-panel widget panel-last-child\" data-index=\"1\" ><\/div><\/div><\/div><div id=\"pg-4125-1\"  class=\"panel-grid panel-no-style\" ><div id=\"pgc-4125-1-0\"  class=\"panel-grid-cell panel-grid-cell-empty\" ><\/div><div id=\"pgc-4125-1-1\"  class=\"panel-grid-cell panel-grid-cell-mobile-last\" ><div id=\"panel-4125-1-1-0\" class=\"so-panel widget widget_text panel-first-child panel-last-child\" data-index=\"2\" ><h3 class=\"widget-title\">Helsingin Suomalainen Yhteiskoulu la 10.9. klo 19<\/h3>\t\t\t<div class=\"textwidget\"><p>Sekakuoro Unreality ja Ylioppilaskunnan Soittajat yhdist\u00e4v\u00e4t vihdoin voimansa!<br \/>\nPeleist\u00e4, elokuvista ja animaatioista l\u00f6ytyy monia tarinoita, jotka harvoin tulevat kerrotuiksi konserttisaleissa.<br \/>\nLuvassa suuria tunteita, ep\u00e4toivon sulattavia toivon s\u00e4veli\u00e4 sek\u00e4 v\u00e4l\u00e4hdyksi\u00e4 muiden maailmojen reunoilta. Nyt niit\u00e4 esitt\u00e4v\u00e4t sinfoniaorkesteri ja kuoro!<br \/>\nT\u00e4ss\u00e4 konsertissa tarinat tulevat l\u00e4helle; musiikin kautta!<\/p>\n<\/div>\n\t\t<\/div><\/div><div id=\"pgc-4125-1-2\"  class=\"panel-grid-cell panel-grid-cell-empty\" ><\/div><\/div><div id=\"pg-4125-2\"  class=\"panel-grid panel-no-style\" ><div id=\"pgc-4125-2-0\"  class=\"panel-grid-cell\" ><div id=\"panel-4125-2-0-0\" class=\"so-panel widget widget_text panel-first-child\" data-index=\"3\" ><h3 class=\"widget-title\">KUORO<\/h3>\t\t\t<div class=\"textwidget\"><p><img loading=\"lazy\" decoding=\"async\" class=\"wp-image-4128 size-full alignleft\" src=\"https:\/\/unreality.fi\/wp-content\/uploads\/2022\/09\/Kuoro2019.jpg\" alt=\"\" width=\"990\" height=\"546\" \/><\/p>\n<p>&nbsp;<\/p>\n<p>&nbsp;<\/p>\n<p>&nbsp;<\/p>\n<p>&nbsp;<\/p>\n<p>&nbsp;<\/p>\n<p>&nbsp;<\/p>\n<p>&nbsp;<\/p>\n<p>&nbsp;<\/p>\n<p>&nbsp;<\/p>\n<p>&nbsp;<\/p>\n<p>&nbsp;<\/p>\n<p>&nbsp;<\/p>\n<p>&nbsp;<\/p>\n<p>&nbsp;<\/p>\n<p>&nbsp;<\/p>\n<p>Unreality on tammikuussa 2014 perustettu sekakuoro, joka on Suomen ensimm\u00e4isen\u00e4 kuorona omistautunut laulamaan vain elokuva-, tv-sarja-, peli- ja animaatiomusiikkia. Uniikit, itse sovitetut kappaleet ja oranssinhehkuinen lohik\u00e4\u00e4rme ovat t\u00e4m\u00e4n 30-henkisen laulajaporukan tunnusmerkkej\u00e4. Unreality esiintyy vuosittain tuhansia k\u00e4vij\u00f6it\u00e4 vet\u00e4viss\u00e4 coneissa, j\u00e4rjest\u00e4\u00e4 omia konsertteja sek\u00e4 keikkailee pienryhm\u00e4 Nanorealityn voimin. Kuoron taiteellisena johtajana toimii Jari Koivistoinen.<\/p>\n<\/div>\n\t\t<\/div><div id=\"panel-4125-2-0-1\" class=\"so-panel widget widget_text\" data-index=\"4\" ><h3 class=\"widget-title\">ORKESTERI<\/h3>\t\t\t<div class=\"textwidget\"><p><img loading=\"lazy\" decoding=\"async\" class=\"wp-image-4129 size-full alignleft\" src=\"https:\/\/unreality.fi\/wp-content\/uploads\/2022\/09\/YS.jpg\" alt=\"\" width=\"1095\" height=\"371\" \/><\/p>\n<p>&nbsp;<\/p>\n<p>&nbsp;<\/p>\n<p>&nbsp;<\/p>\n<p>&nbsp;<\/p>\n<p>&nbsp;<\/p>\n<p>&nbsp;<\/p>\n<p>&nbsp;<\/p>\n<p>&nbsp;<\/p>\n<p>&nbsp;<\/p>\n<p>&nbsp;<\/p>\n<p>Ylioppilaskunnan Soittajat (YS) on Helsingin yliopiston ylioppilaskunnan (HYY) piiriss\u00e4 toimiva l\u00e4hes satahenkinen sinfoniaorkesteri ja Suomen vanhimman sinfoniaorkesterin 95-vuotias perillinen. Vuoden mittaan orkesteri esitt\u00e4\u00e4 v\u00e4hint\u00e4\u00e4n kaksi suurta sinfoniaohjelmistoa ja lis\u00e4ksi orkesteri esiintyy s\u00e4\u00e4nn\u00f6llisesti akateemisissa tilaisuuksissa ja muissa tapahtumissa. Orkesterin j\u00e4senet ovat l\u00e4hinn\u00e4 Helsingin yliopiston opiskelijoita, mutta mukana on opiskelijoita my\u00f6s muun muassa Aalto-yliopistosta, Taideyliopistosta ja Metropolia Ammattikorkeakoulusta. Konsertissa orkesteria johtaa J\u00f3zsef H\u00e1rs.<\/p>\n<\/div>\n\t\t<\/div><div id=\"panel-4125-2-0-2\" class=\"so-panel widget widget_text\" data-index=\"5\" ><h3 class=\"widget-title\">Jari Koivistoinen<\/h3>\t\t\t<div class=\"textwidget\"><p><img loading=\"lazy\" decoding=\"async\" class=\"alignleft wp-image-4130 size-medium\" src=\"https:\/\/unreality.fi\/wp-content\/uploads\/2022\/09\/JariK-300x300.png\" alt=\"\" width=\"300\" height=\"300\" srcset=\"https:\/\/unreality.fi\/wp-content\/uploads\/2022\/09\/JariK-300x300.png 300w, https:\/\/unreality.fi\/wp-content\/uploads\/2022\/09\/JariK-150x150.png 150w\" sizes=\"(max-width: 300px) 100vw, 300px\" \/>Jari Koivistoinen on helsinkil\u00e4inen kuoronjohtaja ja muusikko, jonka kokemus kuorojen parissa k\u00e4sitt\u00e4\u00e4 niin pieni\u00e4 ammattikokoonpanoja kuin isoja suurkuoroja.<br \/>\nUnrealityn lis\u00e4ksi Jari toimii varajohtajana Tapiolan kamarikuorossa ja Helsingin filharmonisen kuoron kuoromestarina. Lis\u00e4ksi h\u00e4n toimii Cantores Minores-poikakuorossa kouluttajana, ja on kysytty harjoittaja, joka on tehnyt yhteisty\u00f6t\u00e4 monen muunkin p\u00e4\u00e4kaupunkiseudun kuoron kanssa (mm. Murtosointu, Mieskuoro Manifestum, Kumpulan kuoro, Helsingin Poliisilaulajat). Kuoronjohdon lis\u00e4ksi h\u00e4n tekee my\u00f6s kanttorin t\u00f6it\u00e4 Hietaniemen hautausmaalla ja toimii monipuolisesti musiikin parissa niin harjoituspianistina, kamarimuusikkona, laulajana kuin s\u00e4velt\u00e4j\u00e4n\u00e4 ja sovittajana.<br \/>\nMusiikin ohella Jari on kaikenlaisen muunkin kulttuurin suurkuluttaja, jonka kiinnostuksen piiriin kuuluvat mm. elokuvat, pelit, kuvataiteet ja standup. Yhteisty\u00f6 Unrealityn kanssa alkoi kev\u00e4\u00e4ll\u00e4 2017.<\/p>\n<\/div>\n\t\t<\/div><div id=\"panel-4125-2-0-3\" class=\"so-panel widget widget_text panel-last-child\" data-index=\"6\" ><h3 class=\"widget-title\">J\u00f3zsef H\u00e1rs<\/h3>\t\t\t<div class=\"textwidget\"><p><img loading=\"lazy\" decoding=\"async\" class=\"size-full wp-image-4131 alignright\" src=\"https:\/\/unreality.fi\/wp-content\/uploads\/2022\/09\/JozefH.png\" alt=\"\" width=\"626\" height=\"663\" \/><\/p>\n<p>J\u00f3zsef H\u00e1rs syntyi 1976 S\u00fcmegiss\u00e4, Unkarissa. H\u00e1rs aloitti k\u00e4yr\u00e4torven- ja pianonsoitonopinnot 8-vuotiaana. Sittemmin H\u00e1rs opiskeli k\u00e4yr\u00e4torvensoittoa Ifor Jamesin, Bruno Schneiderin ja Marie-Luise Neuneckerin johdolla Saksassa.<\/p>\n<p>Ensimm\u00e4iset kokemukset ammattimuusikkoudesta H\u00e1rs sai Suomen Kansallisoopperan orkesterissa vuonna 1999, mink\u00e4 j\u00e4lkeen h\u00e4n ty\u00f6skenteli Innsbruckissa Tirolin sinfoniaorkesterin \u00e4\u00e4nenjohtajana kuusi vuotta. T\u00e4m\u00e4n lis\u00e4ksi h\u00e4n on ty\u00f6skennellyt freelancemuusikkona mm. Schleswig Holsteinin festivaaliorkesterissa, Ensemble Modernissa, Suomalaisessa Kamariorkesterissa, Avanti! Kamariorkesterissa ja Oslon Filharmonisessa orkesterissa.<br \/>\nH\u00e1rs on asunut Suomessa vuodesta 2006 l\u00e4htien, jolloin h\u00e4n aloitti k\u00e4yr\u00e4torven soittajana Radion sinfoniaorkesterissa. Tammikuusta 2010 alkaen h\u00e4n on toiminut RSO:ssa soolok\u00e4yr\u00e4torvensoittajana. Suomen kansalaisuuden h\u00e4n sai vuonna 2016. J\u00f3zsef H\u00e1rs on opiskellut orkesterinjohtoa yksityisesti Edgar Seipenbuschin johdolla Innsbruckissa, ja vuosina 2011-2015 h\u00e4n opiskeli Sibelius-Akatemian kapellimestariluokalla p\u00e4\u00e4opettajinaan professori Leif Segerstam ja professori Atso Almila. Opettajina kapellimestariluokalla ovat vierailleet my\u00f6s Jorma Panula, Hannu Lintu, Sakari Oramo, Mikko Franck, John Storg\u00e5rds, Osmo V\u00e4nsk\u00e4 ja Susanna M\u00e4lkki.<br \/>\nH\u00e1rs on toiminut vierailevana kapellimestarina useissa ammattiorkestereissa. H\u00e4n on johtanut muun muassa Radion sinfoniaorkesteria, Helsingin kaupunginorkesteria, Tapiola Sinfonietta -kamariorkesteria, Pori Sinfoniettaa, Uusinta-kamariyhtyett\u00e4 ja Oulu Sinfoniaa.<\/p>\n<\/div>\n\t\t<\/div><\/div><\/div><div id=\"pg-4125-3\"  class=\"panel-grid panel-no-style\" ><div id=\"pgc-4125-3-0\"  class=\"panel-grid-cell panel-grid-cell-empty\" ><\/div><div id=\"pgc-4125-3-1\"  class=\"panel-grid-cell panel-grid-cell-mobile-last\" ><div id=\"panel-4125-3-1-0\" class=\"so-panel widget widget_text panel-first-child panel-last-child\" data-index=\"7\" ><h3 class=\"widget-title\">OHJELMA<\/h3>\t\t\t<div class=\"textwidget\"><\/div>\n\t\t<\/div><\/div><div id=\"pgc-4125-3-2\"  class=\"panel-grid-cell panel-grid-cell-empty\" ><\/div><\/div><div id=\"pg-4125-4\"  class=\"panel-grid panel-no-style\" ><div id=\"pgc-4125-4-0\"  class=\"panel-grid-cell\" ><div id=\"panel-4125-4-0-0\" class=\"so-panel widget widget_text panel-first-child\" data-index=\"8\" ><h3 class=\"widget-title\">Moment of Truth &#038; Daughter of the Dark God<\/h3>\t\t\t<div class=\"textwidget\"><p>Octopath Traveller<br \/>\nS\u00e4v. Yasunori Nishiki<br \/>\nSov. Pauli Marttinen<\/p>\n<p><em>Ensimm\u00e4inen kappale on yhdistelm\u00e4 kappaleita Moment of Truth ja Daughter of the Dark God pelist\u00e4 Octopath Traveller. Pelin maailma Orsterra luotiin kolmentoista jumalan voimin, mutta yksi jumalista, Galdera, petti muut ja h\u00e4net langetettiin tuonpuoleiseen. Pelaaja matkaa kahdeksan sankarin kanssa ja yritt\u00e4\u00e4 est\u00e4\u00e4 Galderan paluun. T\u00e4m\u00e4 kappale kuuluu yhdelle pelin viimeisest\u00e4 post-game -bosseista.<\/em><\/p>\n<\/div>\n\t\t<\/div><div id=\"panel-4125-4-0-1\" class=\"so-panel widget widget_text\" data-index=\"9\" ><h3 class=\"widget-title\">Hellfire<\/h3>\t\t\t<div class=\"textwidget\"><p>The Hunchback of Notre Dame \/ Notre Damen<br \/>\nkellonsoittaja<br \/>\nS\u00e4v. Alan Menken<br \/>\nSan. Stephen Schwartz<br \/>\nSov. Pauli Marttinen<\/p>\n<p>Solistina: Matias Kylli\u00e4inen<\/p>\n<p><em>Kappale kertoo Frollon tunteista Esmeraldaa kohtaan: h\u00e4n himoitsee Esmeraldaa omakseen, mutta kuitenkin tiet\u00e4\u00e4 olevansa v\u00e4\u00e4r\u00e4ss\u00e4. Kappaleessa Frollo laulaa, ettei himo ole h\u00e4nen syyt\u00e4\u00e4n vaan viettelev\u00e4n Esmeraldan. Kuitenkin syv\u00e4ll\u00e4 sisimm\u00e4ss\u00e4\u00e4 Frollo tiet\u00e4\u00e4 ettei t\u00e4m\u00e4 ole totta. Elokuvassa t\u00e4t\u00e4 visualisoi synk\u00e4n punaisiin pukeutunut kuoro pappeja, joka laulaa \u201cMea Culpa, Mea Maxima Culpa\u201d eli suomeksi \u201cMinun vikani, t\u00e4ysin minun vikani\u201d. Disneyn lastenelokuvan kappaleeksi ollaan aika synkill\u00e4 vesill\u00e4, kun kappaleen ydinviesti on, ett\u00e4 jos et voi olla minun, poltan sinut roviolla.<\/em><\/p>\n<\/div>\n\t\t<\/div><div id=\"panel-4125-4-0-2\" class=\"so-panel widget widget_text\" data-index=\"10\" ><h3 class=\"widget-title\">Ballad of the Goddess<\/h3>\t\t\t<div class=\"textwidget\"><p>The Legend of Zelda: Skyward Sword<br \/>\nS\u00e4v. Hajime Wakai, Takeshi Hama<br \/>\nSov. Pauli Marttinen<\/p>\n<p><em>T\u00e4m\u00e4 sama melodia j\u00e4i Skyward Swordin j\u00e4lkeen toistuvaksi teemaksi, ja se l\u00f6ytyy monesta muustakin Zelda-pelist\u00e4. Kappaleen lyriikat ovat Hyliania ja ne ovat rukous, jossa toivotaan valoa. Mielenkiintoisena faktana sanottakoon, ett\u00e4 t\u00e4m\u00e4 kappaleen p\u00e4\u00e4teema on toisin p\u00e4in soitettuna Zelda\u2019s Lullaby, joka my\u00f6s on toistuva teema Zelda-peleiss\u00e4.<\/em><\/p>\n<\/div>\n\t\t<\/div><div id=\"panel-4125-4-0-3\" class=\"so-panel widget widget_text\" data-index=\"11\" ><h3 class=\"widget-title\">Corridors of Time<\/h3>\t\t\t<div class=\"textwidget\"><p>Chrono Trigger<br \/>\nS\u00e4v. Yasunori Mitsuda<br \/>\nSov. Tuomas Valtonen<\/p>\n<p><em>Chrono Trigger on Squaren (josta my\u00f6hemmin tuli fuusiossa Square Enix) tekem\u00e4 JRPG vuodelta 1995. Pelin juoni seuraa juokkoa sankareita, joiden tulee pelastaa maailman tuholta matkustamalla aikojen halki. Sankarit k\u00e4yv\u00e4t mm. esihistoriallisessa dinosaurusten ajassa, keskiaikaisessa ymp\u00e4rist\u00f6ss\u00e4 sek\u00e4 postapokalyptisessa tulevaisuudessa etsim\u00e4ss\u00e4 tietoa, uusia apureita ja varusteita. Monet arvostelut ovat tituleeranneet Chrono Triggeri\u00e4 yhdeksi maailman parhaista videopeleist\u00e4 ja sill\u00e4 on edelleen vankkumaton kannattajakuntansa, vaikka pelin julkaisusta on jo yli 25 vuotta aikaa. Ainakin sen soundtrackilla on monia upeita kappaleita.<\/em><\/p>\n<\/div>\n\t\t<\/div><div id=\"panel-4125-4-0-4\" class=\"so-panel widget widget_text\" data-index=\"12\" ><h3 class=\"widget-title\">Kigurumi Planet<\/h3>\t\t\t<div class=\"textwidget\"><p>Hanamaru Kindergarten<br \/>\nS\u00e4v. Minori Kojima<br \/>\nSan. Natsumi Tadano<br \/>\nSov. Pauli Marttinen<\/p>\n<p>Solistina: Timja Aunola<\/p>\n<p><em>T\u00e4m\u00e4 sympaattinen slice of life -komedia kertoo Anzusta, joka k\u00e4y tarhassa yst\u00e4viens\u00e4 Koumen ja Hiiragin kanssa. Yhdess\u00e4 he yritt\u00e4v\u00e4t saada huomiota tarhaohjaajaltaan Tsuchidalta, joka on kuitenkin selv\u00e4sti kiinnostuneempi kauniista Yamadasta, joka ohjaa viereist\u00e4 tarhaluokkaa. Animessa jokaisella jaksolla on erilainen loppubiisi ja t\u00e4m\u00e4 kappale on jaksosta kaksi. Esityksess\u00e4 on yritetty saada tuotua alkuper\u00e4isen laulajan lapsellisuus esille, vaikka meill\u00e4 ei aitoa lapsisolistia olekkaan tarjota.<\/em><\/p>\n<\/div>\n\t\t<\/div><div id=\"panel-4125-4-0-5\" class=\"so-panel widget widget_text\" data-index=\"13\" ><h3 class=\"widget-title\">Hanezeve Caradhina<\/h3>\t\t\t<div class=\"textwidget\"><p>Made in Abyss<br \/>\nS\u00e4v. Kevin Penkin<br \/>\nSan. Takeshi Saito<br \/>\nSov. Pauli Marttinen<\/p>\n<p><em>Hanazeve Caradhina soi kun sarjan kaksi p\u00e4\u00e4henkil\u00f6\u00e4, Riko ja Reg, katselevat auringonnousua Rikon kotikaupungissa, Abyssin eli suuren kuilun laidalla. Made in Abyss kertoo n\u00e4iden kahden lapsen matkasta armottomassa kuilussa kohti sen pohjaa. Abyss on armoton sinne haluaville, sill\u00e4 vaikka sielt\u00e4 l\u00f6ytyy aarteita, niin se on t\u00e4ynn\u00e4 toinen toistaan vaarallisempia omalaatuisia el\u00e4imi\u00e4, eik\u00e4 yl\u00f6sp\u00e4in p\u00e4\u00e4se takaisin ilman ett\u00e4 kuilun kirous tekee siit\u00e4 eritt\u00e4in vaikeaa &#8211; ellei jopa mahdotonta. Graafisesti upeaa maailmanrakennusta auttaa Kevin Penkinin erikoislaatuinen soundtrack. Hanazeve Caradhinan alkuper\u00e4inen laulaja on kontratenori nimelt\u00e4 Takeshi Saito, joka pystyy laulamaan kauniisti todella korkealta, mutta s\u00e4\u00e4st\u00e4\u00e4ksemme tenoreitamme melodia on siirretty korkeammille \u00e4\u00e4nille.<\/em><\/p>\n<\/div>\n\t\t<\/div><div id=\"panel-4125-4-0-6\" class=\"so-panel widget widget_text panel-last-child\" data-index=\"14\" ><h3 class=\"widget-title\">Lost Temple of Croatoa<\/h3>\t\t\t<div class=\"textwidget\"><p>Jamestown: Legend Of The Lost Colony<br \/>\nS\u00e4v. Francisco \u201cFoco\u201d Cerda<br \/>\nSov. Pauli Marttinen<\/p>\n<p><em>Final Form Gamesin vuonna 2011 julkaisema Jamestown kertoo Marsista vaihtoehtoisessa historiassa, jossa steampunk-aluksilla taistellaan kolonioiden hallinnasta ja vastakkain ovat brittil\u00e4iset, espanjalaiset ja marsilaiset. Peli itsess\u00e4\u00e4n on pystysuunnassa skrollaava shoot-em-up, mutta sit\u00e4 voi pelata kavereiden kanssa samalta koneelta yhdess\u00e4 jopa 4 ihmist\u00e4 samaan aikaan. Lost Temple of Croatoa on pelin viimeisen tason taustamusiikki.<\/em><\/p>\n<\/div>\n\t\t<\/div><\/div><div id=\"pgc-4125-4-1\"  class=\"panel-grid-cell panel-grid-cell-empty\" ><\/div><div id=\"pgc-4125-4-2\"  class=\"panel-grid-cell\" ><div id=\"panel-4125-4-2-0\" class=\"so-panel widget widget_text panel-first-child\" data-index=\"15\" ><h3 class=\"widget-title\">This Land &#038; King of Pride Rock<\/h3>\t\t\t<div class=\"textwidget\"><p>Lion King \/Leijonakuningas<br \/>\nS\u00e4v. Hans Zimmer<br \/>\nSov. Timja Aunola<br \/>\n<em>Vuonna 1994 julkaistu leijonakuningas on varmasti monelle 80- tai 90-luvun lapselle nostalginen ja rakas elokuva. Vaikka monet muistavat elokuvasta parhaiten sen hahmojen laulamat kappaleet, my\u00f6s Hans Zimmerin taustamusiikissa on erinomaisia kappaleita. This Land soi, kun Simba kohtaa Mufasan haamun ja King of Pride Rock, jonka sanat ovat zulua, soi kun Simba n\u00e4kee j\u00e4lleen laumansa ja h\u00e4net kruunataan Jylh\u00e4kallion kuninkaaksi.<\/em><\/p>\n<\/div>\n\t\t<\/div><div id=\"panel-4125-4-2-1\" class=\"so-panel widget widget_text\" data-index=\"16\" ><h3 class=\"widget-title\">Kimi Wo Nosete<\/h3>\t\t\t<div class=\"textwidget\"><p>Laputa Castle in the Sky \/ Laputa &#8211; linna taivaalla<br \/>\nS\u00e4v. Joe Hisaishi<br \/>\nSov. Pauli Marttinen<\/p>\n<p><em>Studio Ghibli julkaisi Laputan vuonna 1986 ja se on ensimm\u00e4inen Ghibli-elokuva jossa alussa n\u00e4hd\u00e4\u00e4n Totoron profiili, huolimatta siit\u00e4 ett\u00e4 Totoro tultaisiin julkaisemaan vasta kahden vuoden p\u00e4\u00e4st\u00e4. Hayao Miyazakin Laputa on voittanut monia palkintoja ja on edelleen Ghiblin suosituimpia elokuvia nettikyselyjenkim mukaan. Joe Hisaishin s\u00e4velt\u00e4m\u00e4 Kimi Wo Nosete on elokuvan loppumusiikki, ja sen sanoitukset kertovat tiivistettyn\u00e4 kaipuusta.<\/em><\/p>\n<\/div>\n\t\t<\/div><div id=\"panel-4125-4-2-2\" class=\"so-panel widget widget_text\" data-index=\"17\" ><h3 class=\"widget-title\">Reincarnation<\/h3>\t\t\t<div class=\"textwidget\"><p>Ghost in the Shell<br \/>\nS\u00e4v. &amp; San. Kenji Kawai<br \/>\nSov. Pauli Marttinen<\/p>\n<p><em>Elokuva Ghost in the Shell sijoittuu dystooppiseen tulevaisuuteen, jossa kyberneettisen teknologian kehitysaskelten my\u00f6t\u00e4 ihmiskehon osia voidaan parannella tai jopa korvata kyberneettisill\u00e4 osilla. Yksi suurimmista edistysaskeleista on aivoihin internetyhteyden tuova kotelointi, kyberaivot. P\u00e4\u00e4henkil\u00f6 Majuri Motoko Kusanagi joutui lapsena onnettomuuteen, jonka seurauksena h\u00e4nen kehonsa on korvattu kokonaan kyberneettisell\u00e4 proteesilla, ja ainoastaan h\u00e4nen tietoisuutensa on j\u00e4ljell\u00e4 kyberaivojen sis\u00e4ll\u00e4.<\/em><br \/>\n<em>Kappaleen kirjoittaja Kenji Kawai tavoitteli kappaleen Reincarnation sanoituksilla muinnaisten japanilaisten h\u00e4\u00e4laulujen tunnelmia, lis\u00e4ten s\u00e4vellykseen elementtej\u00e4 bulgarialaisen kansanmusiikin harmonioista. Tuloksena on yksi animemusiikin tunnistettavimmista teoksista.<\/em><\/p>\n<\/div>\n\t\t<\/div><div id=\"panel-4125-4-2-3\" class=\"so-panel widget widget_text\" data-index=\"18\" ><h3 class=\"widget-title\">Ezio\u2019s Family<\/h3>\t\t\t<div class=\"textwidget\"><p>Assasin\u2019s Creed II<br \/>\nS\u00e4v. Jesper Kyd<br \/>\nSov. Pauli Marttinen<\/p>\n<p><em>Assasin\u2019s Creed -pelisarjassa seurataan assasiinien el\u00e4m\u00e4\u00e4 eri aikakausilla, ja pelisarja onkin tunnettu siit\u00e4, ett\u00e4 historialliset tapahtumat ja paikat on mallinnettu usein hyvinkin realistisesti. Pelisarjan toinen osa sijoittuu renessanssin ajan Italiaan. Jesper Kydin s\u00e4velt\u00e4m\u00e4 kappale on pelin p\u00e4\u00e4henkil\u00f6n Ezio Auditore de Firenzen teema. Teemasta tuli niin suosittu, ett\u00e4 siit\u00e4 tuli k\u00e4yt\u00e4nn\u00f6ss\u00e4 pelisarjan teema, ja se onkin kuultu jokaisessa my\u00f6hemm\u00e4ss\u00e4 Assasin\u2019s Creed -peliss\u00e4 sek\u00e4 my\u00f6s jossain muissa Ubisoftin peleiss\u00e4.<\/em><\/p>\n<\/div>\n\t\t<\/div><div id=\"panel-4125-4-2-4\" class=\"so-panel widget widget_text\" data-index=\"19\" ><h3 class=\"widget-title\">A Song of Storm and Fire<\/h3>\t\t\t<div class=\"textwidget\"><p>Tsubasa Chronicle<br \/>\nS\u00e4v. &amp; San. Yuki Kajiura<br \/>\nSov. Pauli Marttinen<\/p>\n<p><em>Tsubasa: Reservoir Chronicle -sarjassa Clow -kuningaskunnan prinsessa Sakura on menett\u00e4nyt muistinsa. H\u00e4n l\u00e4htee matkalle arkeologi Syaoranin kanssa l\u00f6yt\u00e4\u00e4kseen Sakuran muistot, jotka ovat siroteltuina h\u00f6yhenin\u00e4 ymp\u00e4ri eri maailmoja. He saavat avukseen Kuroganen ja Fai D. Flowrightin sek\u00e4 pienen valkoisen el\u00e4imen nimelt\u00e4 Mokona, joista kaikki auttavat matkassa. Clamp loi Tsubasa-sarjan siksi, ett\u00e4 he halusivat tehd\u00e4 sarjan joka yhdist\u00e4isi kaikkia heid\u00e4n aiempia sarjojaan, ja siin\u00e4 onkin useita tuttuja hahmoja aiemmista teoksista.<\/em><\/p>\n<\/div>\n\t\t<\/div><div id=\"panel-4125-4-2-5\" class=\"so-panel widget widget_text\" data-index=\"20\" ><h3 class=\"widget-title\">Kokoro No Kakera<\/h3>\t\t\t<div class=\"textwidget\"><p>Ni no kuni: Wrath of the White Witch<br \/>\nS\u00e4v. Joe Hisaishi<br \/>\nSan. Mamiko Suzuki<br \/>\nSov. Pauli Marttinen<\/p>\n<p><em>Ni no Kuni -pelisarjan pelit ovat tunnettu ghiblim\u00e4isest\u00e4 animaatiostaan ja musiikistaan. Eik\u00e4 ihmek\u00e4\u00e4n, sill\u00e4 Studio Ghibli oli mukana tuottamassa osan pelisarjan pelien animaatioista. Musiikit pelisarjan peleihin on tuottanut Joe Hisaishi, joka on tuottanut my\u00f6s suuren osan Studio Ghiblin elokuvamusiikeista.<\/em><\/p>\n<\/div>\n\t\t<\/div><div id=\"panel-4125-4-2-6\" class=\"so-panel widget widget_text panel-last-child\" data-index=\"21\" ><h3 class=\"widget-title\">Deliver Us<\/h3>\t\t\t<div class=\"textwidget\"><p>The Prince of Egypt \/ Egyptin prinssi<br \/>\nS\u00e4v. Hans Zimmer<br \/>\nSan. Stephen Schwartz<br \/>\nSov. Pauli Marttinen<\/p>\n<p>Solisteina: Maria Djakonowsky, Ninja Kotkalaakso<\/p>\n<p><em>Faarao Ramses II on alistanut heprealaiset kansat orjikseen ja kohtelee heit\u00e4 kaltoin. Deliver Us -kappaleen teemana onkin heprealaisten kansojen harras toive, ett\u00e4 Jumala pelastaisi heid\u00e4t t\u00e4st\u00e4 orjuudesta, johon heid\u00e4t on alistettu. Triviatietona mainittakoon ett\u00e4 Egyptin prinssi -elokuvaa ei saa esitt\u00e4\u00e4 Egyptiss\u00e4.<\/em><\/p>\n<\/div>\n\t\t<\/div><\/div><\/div><div id=\"pg-4125-5\"  class=\"panel-grid panel-no-style\" ><div id=\"pgc-4125-5-0\"  class=\"panel-grid-cell panel-grid-cell-empty panel-grid-cell-mobile-last\" ><\/div><div id=\"pgc-4125-5-1\"  class=\"panel-grid-cell panel-grid-cell-empty\" ><\/div><\/div><\/div>","protected":false},"excerpt":{"rendered":"<p>Sekakuoro Unreality ja Ylioppilaskunnan Soittajat yhdist\u00e4v\u00e4t vihdoin voimansa! Peleist\u00e4, elokuvista ja animaatioista l\u00f6ytyy monia tarinoita, jotka harvoin tulevat kerrotuiksi konserttisaleissa. Luvassa suuria tunteita, ep\u00e4toivon sulattavia toivon s\u00e4veli\u00e4 sek\u00e4 v\u00e4l\u00e4hdyksi\u00e4 muiden maailmojen reunoilta. Nyt niit\u00e4 esitt\u00e4v\u00e4t sinfoniaorkesteri ja kuoro! T\u00e4ss\u00e4 konsertissa tarinat tulevat l\u00e4helle; musiikin kautta!<\/p>\n","protected":false},"author":5,"featured_media":0,"parent":0,"menu_order":0,"comment_status":"closed","ping_status":"closed","template":"","meta":{"_exactmetrics_skip_tracking":false,"_exactmetrics_sitenote_active":false,"_exactmetrics_sitenote_note":"","_exactmetrics_sitenote_category":0,"footnotes":""},"_links":{"self":[{"href":"https:\/\/unreality.fi\/index.php\/wp-json\/wp\/v2\/pages\/4125"}],"collection":[{"href":"https:\/\/unreality.fi\/index.php\/wp-json\/wp\/v2\/pages"}],"about":[{"href":"https:\/\/unreality.fi\/index.php\/wp-json\/wp\/v2\/types\/page"}],"author":[{"embeddable":true,"href":"https:\/\/unreality.fi\/index.php\/wp-json\/wp\/v2\/users\/5"}],"replies":[{"embeddable":true,"href":"https:\/\/unreality.fi\/index.php\/wp-json\/wp\/v2\/comments?post=4125"}],"version-history":[{"count":27,"href":"https:\/\/unreality.fi\/index.php\/wp-json\/wp\/v2\/pages\/4125\/revisions"}],"predecessor-version":[{"id":4154,"href":"https:\/\/unreality.fi\/index.php\/wp-json\/wp\/v2\/pages\/4125\/revisions\/4154"}],"wp:attachment":[{"href":"https:\/\/unreality.fi\/index.php\/wp-json\/wp\/v2\/media?parent=4125"}],"curies":[{"name":"wp","href":"https:\/\/api.w.org\/{rel}","templated":true}]}}