{"id":4291,"date":"2023-09-11T15:31:05","date_gmt":"2023-09-11T12:31:05","guid":{"rendered":"https:\/\/unreality.fi\/?page_id=4291"},"modified":"2023-09-11T15:31:06","modified_gmt":"2023-09-11T12:31:06","slug":"ghost-songs-ohjelmalehti","status":"publish","type":"page","link":"https:\/\/unreality.fi\/index.php\/ghost-songs-ohjelmalehti\/","title":{"rendered":"Ghost Songs\u2013 Ohjelmalehti"},"content":{"rendered":"<div id=\"pl-4291\"  class=\"panel-layout\" ><div id=\"pg-4291-0\"  class=\"panel-grid panel-no-style\" ><div id=\"pgc-4291-0-0\"  class=\"panel-grid-cell\" ><div id=\"panel-4291-0-0-0\" class=\"so-panel widget panel-first-child panel-last-child\" data-index=\"0\" ><\/div><\/div><\/div><div id=\"pg-4291-1\"  class=\"panel-grid panel-no-style\" ><div id=\"pgc-4291-1-0\"  class=\"panel-grid-cell panel-grid-cell-empty\" ><\/div><div id=\"pgc-4291-1-1\"  class=\"panel-grid-cell panel-grid-cell-mobile-last\" ><div id=\"panel-4291-1-1-0\" class=\"so-panel widget widget_text panel-first-child panel-last-child\" data-index=\"1\" ><h3 class=\"widget-title\">Kulttuuritalo Caisa 14.9.2023 klo 18<\/h3>\t\t\t<div class=\"textwidget\"><p>Illat pimenev\u00e4t ja kujat kietoutuvat yh\u00e4 piteneviin varjoihin. Jostain kaukaa kuuluu vaimea aavemainen ulina\u2026 Mutta oletko koskaan pys\u00e4htynyt kuuntelemaan, millaisia lauluja haamuilla onkaan jaettavanaan?<\/p>\n<\/div>\n\t\t<\/div><\/div><div id=\"pgc-4291-1-2\"  class=\"panel-grid-cell panel-grid-cell-empty\" ><\/div><\/div><div id=\"pg-4291-2\"  class=\"panel-grid panel-no-style\" ><div id=\"pgc-4291-2-0\"  class=\"panel-grid-cell\" ><div id=\"panel-4291-2-0-0\" class=\"so-panel widget widget_text panel-first-child\" data-index=\"2\" ><h3 class=\"widget-title\">KUORO<\/h3>\t\t\t<div class=\"textwidget\"><figure id=\"attachment_4296\" aria-describedby=\"caption-attachment-4296\" style=\"width: 3024px\" class=\"wp-caption alignnone\"><img loading=\"lazy\" decoding=\"async\" class=\"size-full wp-image-4296\" src=\"https:\/\/unreality.fi\/wp-content\/uploads\/2023\/09\/Kuoro-Assyt-kropped2.jpg\" alt=\"\" width=\"3024\" height=\"1705\" \/><figcaption id=\"caption-attachment-4296\" class=\"wp-caption-text\">Unreality Assemblyjen j\u00e4lkimainingeissa 2023<\/figcaption><\/figure>\n<p>Unreality on tammikuussa 2014 perustettu sekakuoro, joka on Suomen ensimm\u00e4isen\u00e4 kuorona omistautunut laulamaan vain elokuva-, tv-sarja-, peli- ja animaatiomusiikkia. Uniikit, itse sovitetut kappaleet ja oranssinhehkuinen lohik\u00e4\u00e4rme ovat t\u00e4m\u00e4n 30-henkisen laulajaporukan tunnusmerkkej\u00e4. Unreality esiintyy vuosittain tuhansia k\u00e4vij\u00f6it\u00e4 vet\u00e4viss\u00e4 coneissa, j\u00e4rjest\u00e4\u00e4 omia konsertteja sek\u00e4 keikkailee pienryhm\u00e4 Nanorealityn voimin. Kuoron taiteellisena johtajana toimii Jari Koivistoinen.<\/p>\n<\/div>\n\t\t<\/div><div id=\"panel-4291-2-0-1\" class=\"so-panel widget widget_text panel-last-child\" data-index=\"3\" ><h3 class=\"widget-title\">Jari Koivistoinen<\/h3>\t\t\t<div class=\"textwidget\"><p><img loading=\"lazy\" decoding=\"async\" class=\"alignleft wp-image-4130 size-medium\" src=\"https:\/\/unreality.fi\/wp-content\/uploads\/2022\/09\/JariK-300x300.png\" alt=\"\" width=\"300\" height=\"300\" srcset=\"https:\/\/unreality.fi\/wp-content\/uploads\/2022\/09\/JariK-300x300.png 300w, https:\/\/unreality.fi\/wp-content\/uploads\/2022\/09\/JariK-150x150.png 150w\" sizes=\"(max-width: 300px) 100vw, 300px\" \/>Jari Koivistoinen on helsinkil\u00e4inen kuoronjohtaja ja muusikko, jonka kokemus kuorojen parissa k\u00e4sitt\u00e4\u00e4 niin pieni\u00e4 ammattikokoonpanoja kuin isoja suurkuoroja.<br \/>\nUnrealityn lis\u00e4ksi Jari toimii varajohtajana Tapiolan kamarikuorossa ja Helsingin filharmonisen kuoron kuoromestarina. Lis\u00e4ksi h\u00e4n toimii Cantores Minores-poikakuorossa kouluttajana, ja on kysytty harjoittaja, joka on tehnyt yhteisty\u00f6t\u00e4 monen muunkin p\u00e4\u00e4kaupunkiseudun kuoron kanssa (mm. Murtosointu, Mieskuoro Manifestum, Kumpulan kuoro, Helsingin Poliisilaulajat). Kuoronjohdon lis\u00e4ksi h\u00e4n tekee my\u00f6s kanttorin t\u00f6it\u00e4 Hietaniemen hautausmaalla ja toimii monipuolisesti musiikin parissa niin harjoituspianistina, kamarimuusikkona, laulajana kuin s\u00e4velt\u00e4j\u00e4n\u00e4 ja sovittajana.<br \/>\nMusiikin ohella Jari on kaikenlaisen muunkin kulttuurin suurkuluttaja, jonka kiinnostuksen piiriin kuuluvat mm. elokuvat, pelit, kuvataiteet ja standup. Yhteisty\u00f6 Unrealityn kanssa alkoi kev\u00e4\u00e4ll\u00e4 2017.<\/p>\n<\/div>\n\t\t<\/div><\/div><\/div><div id=\"pg-4291-3\"  class=\"panel-grid panel-no-style\" ><div id=\"pgc-4291-3-0\"  class=\"panel-grid-cell panel-grid-cell-empty\" ><\/div><div id=\"pgc-4291-3-1\"  class=\"panel-grid-cell panel-grid-cell-mobile-last\" ><div id=\"panel-4291-3-1-0\" class=\"so-panel widget widget_text panel-first-child panel-last-child\" data-index=\"4\" ><h3 class=\"widget-title\">OHJELMA<\/h3>\t\t\t<div class=\"textwidget\"><\/div>\n\t\t<\/div><\/div><div id=\"pgc-4291-3-2\"  class=\"panel-grid-cell panel-grid-cell-empty\" ><\/div><\/div><div id=\"pg-4291-4\"  class=\"panel-grid panel-no-style\" ><div id=\"pgc-4291-4-0\"  class=\"panel-grid-cell\" ><div id=\"panel-4291-4-0-0\" class=\"so-panel widget widget_text panel-first-child\" data-index=\"5\" >\t\t\t<div class=\"textwidget\"><p><strong>Trailer Music \/ Sunless Sea<\/strong><br \/>\nS\u00e4v. ???<br \/>\nSov. Ilari Sinkkonen<br \/>\nPerc. Sampo Syrj\u00e4nen<\/p>\n<p><em>Peliss\u00e4 vuodelta 2015 pelaaja ottaa roolikseen h\u00f6yrylaivan kapteenin ja luotsaa parhaan kykyns\u00e4 mukaan alustaan Unterzeen maanalaisilla vesill\u00e4 koettaen selviyty\u00e4 niiden lukuisista vaaroista.<br \/>\n<\/em><\/p>\n<\/div>\n\t\t<\/div><div id=\"panel-4291-4-0-1\" class=\"so-panel widget widget_text\" data-index=\"6\" >\t\t\t<div class=\"textwidget\"><p><strong>This is Halloween \/ <\/strong><i><b>The Nightmare Before Christmas<\/b><\/i><br \/>\nS\u00e4v. Danny Elfman<br \/>\nSov. Teemu Vaittinen &amp; Timja Aunola<\/p>\n<p><em>Elokuvan avausmusiikki Henry Selickin ohjaamasta ja Tim Burtonin tuottamasta klassikkoelokuvasta Painajainen ennen joulua, jossa n\u00e4hd\u00e4\u00e4n, miten k\u00e4y, kun Halloweenin otukset yritt\u00e4v\u00e4t ymm\u00e4rt\u00e4\u00e4 joulua omasta makaaberista n\u00e4k\u00f6kulmastaan.<\/em><\/p>\n<\/div>\n\t\t<\/div><div id=\"panel-4291-4-0-2\" class=\"so-panel widget widget_text\" data-index=\"7\" >\t\t\t<div class=\"textwidget\"><p><strong>Nightmare Contagion \/ Another<\/strong><br \/>\nS\u00e4v. Katakura Mikiya<br \/>\nSan. Takarano Arika<br \/>\nSov. Matias Kylli\u00e4inen<\/p>\n<p>Solistina: Kai Salo<\/p>\n<p><em>Seuraavan kappaleen l\u00e4hde on alun perin Ayatsuji Yukiton kirjana ilmestynyt Another, joka on sittemmin sovitettu my\u00f6s mangaksi ja animeksi. Nuori Sakakibara Kouichi saapuu uuteen kouluun ja pian h\u00e4n huomaakin olevansa keskell\u00e4 yliluonnollista mysteeri\u00e4, jossa h\u00e4nen luokkatoverinsa yksi kerrallaan kuolevat mit\u00e4 raa\u2019immin tavoin.<br \/>\n<\/em><\/p>\n<\/div>\n\t\t<\/div><div id=\"panel-4291-4-0-3\" class=\"so-panel widget widget_text\" data-index=\"8\" >\t\t\t<div class=\"textwidget\"><p><strong>Still Alive \/ Portal<\/strong><br \/>\nS\u00e4v. &amp; San. <span dir=\"ltr\" role=\"presentation\">Jonathan Coulton<\/span><br \/>\nSov. <span dir=\"ltr\" role=\"presentation\">Antti Havukainen<\/span><\/p>\n<p><em>Vuonna 2007 julkaistun Portal-pelin lopputekstien kappale, jossa antagonisti GLaDOS j\u00e4tt\u00e4\u00e4 pelaajalle viimeisen pahaenteisen tervehdyksens\u00e4.<br \/>\n<\/em><\/p>\n<\/div>\n\t\t<\/div><div id=\"panel-4291-4-0-4\" class=\"so-panel widget widget_text\" data-index=\"9\" >\t\t\t<div class=\"textwidget\"><p><strong>Theme of Laura \/ Silent Hill 2<\/strong><br \/>\nS\u00e4v. Akira Yamaoka<br \/>\nSov. Aurora Tulilaulu<\/p>\n<p><em>Silent Hill -pelisarja on yksi survival horror -genren kulmakivist\u00e4 ja Silent Hill 2:ta vuodelta 2001 pidet\u00e4\u00e4n yhten\u00e4 sarjan parhaista osista. James Sunderland saapuu kuolleen vaimonsa Maryn kutsumana Silent Hillin autioituneeseen kyl\u00e4\u00e4n selvitt\u00e4m\u00e4\u00e4n totuutta kutsun takana. Yksi Jamesin tutkimuksissa kohtaamista ihmisist\u00e4 on pikkutytt\u00f6 nimelt\u00e4 Laura, joka on my\u00f6s saapunut kyl\u00e4\u00e4n etsim\u00e4\u00e4n Marya ja, vaikkei syit\u00e4 liian aikaisin selvitell\u00e4k\u00e4\u00e4n, vaikuttaa kantavan Jamesille kaunaa.<br \/>\n<\/em><\/p>\n<\/div>\n\t\t<\/div><div id=\"panel-4291-4-0-5\" class=\"so-panel widget widget_text panel-last-child\" data-index=\"10\" >\t\t\t<div class=\"textwidget\"><p><strong>Ma Belle Lune \/ A Plague Tale: Requiem<\/strong><br \/>\nS\u00e4v. Olivier Derivi\u00e8re<\/p>\n<p><em>A Plague Tale kertoo nuorten sisarusten selviytymistarinaa tosiel\u00e4m\u00e4n historiallisten kauhujen puitteissa keskiaikaisessa Ranskassa Mustan surman levi\u00e4misvuosina. A Plague Tale: Requiem (2022) on suora jatko-osa edelt\u00e4v\u00e4lleen A Plague Tale: Innocencelle (2019), jossa Amica ja Hugo de Rune v\u00e4lttelev\u00e4t inkvisitiota ja yritt\u00e4v\u00e4t l\u00f6yt\u00e4\u00e4 parannuskeinoa nuoren Hugon sairauteen.<br \/>\n<\/em><\/p>\n<\/div>\n\t\t<\/div><\/div><div id=\"pgc-4291-4-1\"  class=\"panel-grid-cell panel-grid-cell-empty\" ><\/div><div id=\"pgc-4291-4-2\"  class=\"panel-grid-cell\" ><div id=\"panel-4291-4-2-0\" class=\"so-panel widget widget_text panel-first-child\" data-index=\"11\" >\t\t\t<div class=\"textwidget\"><p><strong>Main Theme \/ Higurashi no naku koro ni<\/strong><br \/>\nS\u00e4v. Kenji Kawai<br \/>\nSov. Matias Kylli\u00e4inen<\/p>\n<p><em>Higurashi no naku koro ni ilmestyi alun perin visual novellina ja p\u00e4\u00e4tyi my\u00f6hemmin animesovitukseksi. Maebara Keiichi muuttaa Hinamizawan uneliaaseen kyl\u00e4\u00e4n, paikka vaikuttaa aluksi idylliselt\u00e4 lintukodolta, joka alkaa paljastaa itsest\u00e4\u00e4n synkki\u00e4 salaisuuksia, ja Oyashiron kiroukseksi kutsuttu ilmi\u00f6 alkaa j\u00e4lleen vaatia ihmishenki\u00e4 mysteerin avautuessa yh\u00e4 enemm\u00e4n vaihtoehtoisten aikajanojen kautta.<br \/>\n<\/em><\/p>\n<\/div>\n\t\t<\/div><div id=\"panel-4291-4-2-1\" class=\"so-panel widget widget_text\" data-index=\"12\" >\t\t\t<div class=\"textwidget\"><p><strong>Opening \/ Higurashi no naku koro ni<\/strong><br \/>\nS\u00e4v. Kenji Kawai<br \/>\nSov. Matias Kylli\u00e4inen<\/p>\n<p><em>Higurashi no naku koro ni -sarjan animeadaptaation avausmusiikki. Higurashi on When They Cry -sarjan ensimm\u00e4inen osa, jota ovat my\u00f6hemmin seuranneet Umineko: When They Cry ja Ciconia: When They Cry.<br \/>\n<\/em><\/p>\n<\/div>\n\t\t<\/div><div id=\"panel-4291-4-2-2\" class=\"so-panel widget widget_text\" data-index=\"13\" >\t\t\t<div class=\"textwidget\"><p><strong>Title Theme \/ the Secret of Monkey Island<\/strong><br \/>\nS\u00e4v. Michael Land<br \/>\nSov. Tomi Jylh\u00e4-Ollila<\/p>\n<p><em>Peliss\u00e4 The Secret Of Monkey Island (1990) nuorella Guybrush Threepwoodilla on selke\u00e4 tavoite el\u00e4m\u00e4ss\u00e4\u00e4n: tulla oikeaksi merirosvoksi. Suorittaessaan paikallisten merirosvojen koitoksia Guybrush pihkaantuu p\u00e4\u00e4t\u00e4 pahkaa saaren kuvern\u00f6\u00f6riin Elaine Marleyhin, joka kuitenkin j\u00e4\u00e4 pian aavepiraatti LeChuckin vangiksi. Pelastusoperaatio vie sankarimme kohti salaper\u00e4ist\u00e4 Apinasaarta. Pelin tunnusmusiikki kertoo jo aloitusruudusta l\u00e4htien, millainen seikkailu tulee olemaan edess\u00e4.<br \/>\n<\/em><\/p>\n<\/div>\n\t\t<\/div><div id=\"panel-4291-4-2-3\" class=\"so-panel widget widget_text\" data-index=\"14\" >\t\t\t<div class=\"textwidget\"><p><strong>Lullabay of Woe \/ Witcher III: A night to remember<\/strong><br \/>\nS\u00e4v.\u00a0 Marcin Przybylowicz<br \/>\nSov. Matias Kylli\u00e4inen<\/p>\n<p><em>The Witcher 3:n (2015) trailerissa kuultava Lullaby Of Woe on kauniin karmaiseva kehtolaulu, jolla hirvi\u00f6t kehottavat omia pienokaisiaan varomaan noituri Geralt Rivialaista. The Witcher -pelisarja perustuu puolalaisen Andrzej Sapkowskin kirjasarjaan Noituri (1986-2013).<\/em><\/p>\n<\/div>\n\t\t<\/div><div id=\"panel-4291-4-2-4\" class=\"so-panel widget widget_text\" data-index=\"15\" >\t\t\t<div class=\"textwidget\"><p><strong>Your Reality \/ Doki Doki Literature Club!<\/strong><br \/>\nS\u00e4v.\u00a0 Dan Salvato<br \/>\nSov. Timja Aunola<\/p>\n<p><em>Doki Doki Literature Club! (2017) avautuu pastellis\u00e4vyisen\u00e4 visual novelina, jossa pelaaja liittyy koulunsa kirjoituskerhoon ja tapaa sen ihastuttavat nelj\u00e4 j\u00e4sent\u00e4. Kaikki alkaa kuin mik\u00e4 tahansa lajityypillinen deittailusimulaattori &#8211; paitsi tietenkin, jos tajusi lukea heti pelin alussa tulevan varoitustekstin&#8230;<\/em><\/p>\n<\/div>\n\t\t<\/div><div id=\"panel-4291-4-2-5\" class=\"so-panel widget widget_text panel-last-child\" data-index=\"16\" >\t\t\t<div class=\"textwidget\"><p><strong><span dir=\"ltr\" role=\"presentation\">Katayoku no tori<\/span> \/ <span dir=\"ltr\" role=\"presentation\">Umineko \u2013 when they cry<\/span><\/strong><br \/>\nS\u00e4v. <span dir=\"ltr\" role=\"presentation\">Akiko Shikata<\/span><br \/>\nSan. <span dir=\"ltr\" role=\"presentation\">Wataru Namino &amp; Ikuko Ebata<\/span><br \/>\nSov. <span dir=\"ltr\" role=\"presentation\">Matias Kylli\u00e4inen<br \/>\n<\/span><\/p>\n<p>Solisteina Timja Aunola ja Kai Salo<\/p>\n<p><em>Umineko no naku koro ni on When they cry -sarjan toinen osa ja kertoo siit\u00e4, kun 18 varakkaan Ushiromiyan suvun j\u00e4sent\u00e4 saapuu Rokkenjiman saarelle keskustelemaan suvun vakavasti sairaan patriarkan perinn\u00f6njaosta, mutta kartanon tapahtumat k\u00e4\u00e4ntyv\u00e4t pahaenteiseen suuntaan. Murhamysteerien perinteit\u00e4 kunnioittaen tietysti voimakas myrsky est\u00e4\u00e4 ket\u00e4\u00e4n l\u00e4htem\u00e4st\u00e4 saarelta. Umineko: When They Cry ilmestyi visual novelina vuonna 2007 ja animena vuonna 2009.<br \/>\n<\/em><\/p>\n<\/div>\n\t\t<\/div><\/div><\/div><div id=\"pg-4291-5\"  class=\"panel-grid panel-no-style\" ><div id=\"pgc-4291-5-0\"  class=\"panel-grid-cell panel-grid-cell-empty panel-grid-cell-mobile-last\" ><\/div><div id=\"pgc-4291-5-1\"  class=\"panel-grid-cell panel-grid-cell-empty\" ><\/div><\/div><\/div>","protected":false},"excerpt":{"rendered":"<p>Illat pimenev\u00e4t ja kujat kietoutuvat yh\u00e4 piteneviin varjoihin. Jostain kaukaa kuuluu vaimea aavemainen ulina\u2026 Mutta oletko koskaan pys\u00e4htynyt kuuntelemaan, millaisia lauluja haamuilla onkaan jaettavanaan?<\/p>\n","protected":false},"author":5,"featured_media":0,"parent":0,"menu_order":0,"comment_status":"closed","ping_status":"closed","template":"","meta":{"_exactmetrics_skip_tracking":false,"_exactmetrics_sitenote_active":false,"_exactmetrics_sitenote_note":"","_exactmetrics_sitenote_category":0,"footnotes":""},"_links":{"self":[{"href":"https:\/\/unreality.fi\/index.php\/wp-json\/wp\/v2\/pages\/4291"}],"collection":[{"href":"https:\/\/unreality.fi\/index.php\/wp-json\/wp\/v2\/pages"}],"about":[{"href":"https:\/\/unreality.fi\/index.php\/wp-json\/wp\/v2\/types\/page"}],"author":[{"embeddable":true,"href":"https:\/\/unreality.fi\/index.php\/wp-json\/wp\/v2\/users\/5"}],"replies":[{"embeddable":true,"href":"https:\/\/unreality.fi\/index.php\/wp-json\/wp\/v2\/comments?post=4291"}],"version-history":[{"count":11,"href":"https:\/\/unreality.fi\/index.php\/wp-json\/wp\/v2\/pages\/4291\/revisions"}],"predecessor-version":[{"id":4751,"href":"https:\/\/unreality.fi\/index.php\/wp-json\/wp\/v2\/pages\/4291\/revisions\/4751"}],"wp:attachment":[{"href":"https:\/\/unreality.fi\/index.php\/wp-json\/wp\/v2\/media?parent=4291"}],"curies":[{"name":"wp","href":"https:\/\/api.w.org\/{rel}","templated":true}]}}