{"id":4914,"date":"2026-03-11T16:06:45","date_gmt":"2026-03-11T14:06:45","guid":{"rendered":"https:\/\/unreality.fi\/?page_id=4914"},"modified":"2026-03-11T16:06:45","modified_gmt":"2026-03-11T14:06:45","slug":"tahtientakaa","status":"publish","type":"page","link":"https:\/\/unreality.fi\/index.php\/tahtientakaa\/","title":{"rendered":"Laulut t\u00e4htien takaa \u2013 Ohjelmalehti"},"content":{"rendered":"<div id=\"pl-4914\"  class=\"panel-layout\" ><div id=\"pg-4914-0\"  class=\"panel-grid panel-no-style\" ><div id=\"pgc-4914-0-0\"  class=\"panel-grid-cell\" ><div id=\"panel-4914-0-0-0\" class=\"so-panel widget panel-first-child panel-last-child\" data-index=\"0\" ><\/div><\/div><\/div><div id=\"pg-4914-1\"  class=\"panel-grid panel-no-style\" ><div id=\"pgc-4914-1-0\"  class=\"panel-grid-cell panel-grid-cell-empty\" ><\/div><div id=\"pgc-4914-1-1\"  class=\"panel-grid-cell panel-grid-cell-mobile-last\" ><div id=\"panel-4914-1-1-0\" class=\"so-panel widget widget_text panel-first-child panel-last-child\" data-index=\"1\" ><h3 class=\"widget-title\">Ohjelmalehti<\/h3>\t\t\t<div class=\"textwidget\"><\/div>\n\t\t<\/div><\/div><div id=\"pgc-4914-1-2\"  class=\"panel-grid-cell panel-grid-cell-empty\" ><\/div><\/div><div id=\"pg-4914-2\"  class=\"panel-grid panel-no-style\" ><div id=\"pgc-4914-2-0\"  class=\"panel-grid-cell\" ><div id=\"panel-4914-2-0-0\" class=\"so-panel widget widget_text panel-first-child\" data-index=\"2\" ><h3 class=\"widget-title\">Jari Koivistoinen<\/h3>\t\t\t<div class=\"textwidget\"><p><img loading=\"lazy\" decoding=\"async\" class=\"alignleft wp-image-4130 size-medium\" src=\"https:\/\/unreality.fi\/wp-content\/uploads\/2022\/09\/JariK-300x300.png\" alt=\"\" width=\"300\" height=\"300\" srcset=\"https:\/\/unreality.fi\/wp-content\/uploads\/2022\/09\/JariK-300x300.png 300w, https:\/\/unreality.fi\/wp-content\/uploads\/2022\/09\/JariK-150x150.png 150w\" sizes=\"(max-width: 300px) 100vw, 300px\" \/>Jari Koivistoinen on helsinkil\u00e4inen kuoronjohtaja ja muusikko, jonka kokemus kuorojen parissa k\u00e4sitt\u00e4\u00e4 niin pieni\u00e4 ammattikokoonpanoja kuin isoja suurkuoroja.<br \/>\nUnrealityn lis\u00e4ksi Jari toimii varajohtajana Tapiolan kamarikuorossa ja Helsingin filharmonisen kuoron kuoromestarina. Lis\u00e4ksi h\u00e4n toimii Cantores Minores-poikakuorossa kouluttajana, ja on kysytty harjoittaja, joka on tehnyt yhteisty\u00f6t\u00e4 monen muunkin p\u00e4\u00e4kaupunkiseudun kuoron kanssa (mm. Murtosointu, Mieskuoro Manifestum, Kumpulan kuoro, Helsingin Poliisilaulajat). Kuoronjohdon lis\u00e4ksi h\u00e4n tekee my\u00f6s kanttorin t\u00f6it\u00e4 Hietaniemen hautausmaalla ja toimii monipuolisesti musiikin parissa niin harjoituspianistina, kamarimuusikkona, laulajana kuin s\u00e4velt\u00e4j\u00e4n\u00e4 ja sovittajana.<br \/>\nMusiikin ohella Jari on kaikenlaisen muunkin kulttuurin suurkuluttaja, jonka kiinnostuksen piiriin kuuluvat mm. elokuvat, pelit, kuvataiteet ja standup. Yhteisty\u00f6 Unrealityn kanssa alkoi kev\u00e4\u00e4ll\u00e4 2017.<\/p>\n<\/div>\n\t\t<\/div><div id=\"panel-4914-2-0-1\" class=\"so-panel widget widget_text panel-last-child\" data-index=\"3\" ><h3 class=\"widget-title\">KUORO<\/h3>\t\t\t<div class=\"textwidget\"><figure id=\"attachment_4296\" aria-describedby=\"caption-attachment-4296\" style=\"width: 3024px\" class=\"wp-caption alignnone\"><img loading=\"lazy\" decoding=\"async\" class=\"size-full wp-image-4296\" src=\"https:\/\/unreality.fi\/wp-content\/uploads\/2023\/09\/Kuoro-Assyt-kropped2.jpg\" alt=\"\" width=\"3024\" height=\"1705\" \/><figcaption id=\"caption-attachment-4296\" class=\"wp-caption-text\">Unreality Assemblyjen j\u00e4lkimainingeissa 2023<\/figcaption><\/figure>\n<p>Unreality on tammikuussa 2014 perustettu sekakuoro, joka on Suomen ensimm\u00e4isen\u00e4 kuorona omistautunut laulamaan vain elokuva-, tv-sarja-, peli- ja animaatiomusiikkia. Uniikit, itse sovitetut kappaleet ja oranssinhehkuinen lohik\u00e4\u00e4rme ovat t\u00e4m\u00e4n 30-henkisen laulajaporukan tunnusmerkkej\u00e4. Unreality esiintyy vuosittain tuhansia k\u00e4vij\u00f6it\u00e4 vet\u00e4viss\u00e4 coneissa, j\u00e4rjest\u00e4\u00e4 omia konsertteja sek\u00e4 keikkailee pienryhm\u00e4 Nanorealityn voimin. Kuoron taiteellisena johtajana toimii monien vuosien kokemuksella Jari Koivistoinen.<\/p>\n<\/div>\n\t\t<\/div><\/div><\/div><div id=\"pg-4914-3\"  class=\"panel-grid panel-no-style\" ><div id=\"pgc-4914-3-0\"  class=\"panel-grid-cell panel-grid-cell-empty\" ><\/div><div id=\"pgc-4914-3-1\"  class=\"panel-grid-cell panel-grid-cell-mobile-last\" ><div id=\"panel-4914-3-1-0\" class=\"so-panel widget widget_text panel-first-child panel-last-child\" data-index=\"4\" ><h3 class=\"widget-title\">OHJELMA<\/h3>\t\t\t<div class=\"textwidget\"><\/div>\n\t\t<\/div><\/div><div id=\"pgc-4914-3-2\"  class=\"panel-grid-cell panel-grid-cell-empty\" ><\/div><\/div><div id=\"pg-4914-4\"  class=\"panel-grid panel-no-style\" ><div id=\"pgc-4914-4-0\"  class=\"panel-grid-cell\" ><div id=\"panel-4914-4-0-0\" class=\"so-panel widget widget_text panel-first-child\" data-index=\"5\" >\t\t\t<div class=\"textwidget\"><p><strong>Also Sprach Zarathustra<\/strong><em><br \/>\nS\u00e4v. <\/em>Richard Strauss<em><br \/>\n<\/em>Sov. Jari Koivistoinen<\/p>\n<\/div>\n\t\t<\/div><div id=\"panel-4914-4-0-1\" class=\"so-panel widget widget_text\" data-index=\"6\" >\t\t\t<div class=\"textwidget\"><p><strong>Uchuu Senkan Yamato \u2013 Space Battleship Yamato 2199<\/strong><br \/>\nS\u00e4v. Akira Miyagawa<br \/>\nSov. Ilari Sinkkonen<\/p>\n<\/div>\n\t\t<\/div><div id=\"panel-4914-4-0-2\" class=\"so-panel widget widget_text\" data-index=\"7\" >\t\t\t<div class=\"textwidget\"><p><strong>Arrival to Earth &#8211; Transformers Movie (2007)<\/strong><br \/>\nS\u00e4v. Steve Jablonsky<br \/>\nSov. Niklas Lehtinen<\/p>\n<\/div>\n\t\t<\/div><div id=\"panel-4914-4-0-3\" class=\"so-panel widget widget_text\" data-index=\"8\" >\t\t\t<div class=\"textwidget\"><p><strong>Outer Wilds Main theme \u2013 Outer Wilda<\/strong><br \/>\nS\u00e4v. Andrew Prahlow<br \/>\nSov. Aurora Tulilaulu<\/p>\n<\/div>\n\t\t<\/div><div id=\"panel-4914-4-0-4\" class=\"so-panel widget widget_text\" data-index=\"9\" >\t\t\t<div class=\"textwidget\"><p><strong>Moonlight Densetsu \u2013 Sailor Moon<\/strong><\/p>\n<p>S\u00e4v. Tetsuya Komoro<\/p>\n<p>San. Kanako Oda<\/p>\n<p>Sov. Elia Liski<\/p>\n<\/div>\n\t\t<\/div><div id=\"panel-4914-4-0-5\" class=\"so-panel widget widget_text panel-last-child\" data-index=\"10\" >\t\t\t<div class=\"textwidget\"><p><strong>Star Wars Medley II<\/strong><br \/>\nS\u00e4v. John Williams<br \/>\nSov. Niklas Lehtinen, Ilari Sinkkonen &amp; Sampo Syrj\u00e4nen<\/p>\n<\/div>\n\t\t<\/div><\/div><div id=\"pgc-4914-4-1\"  class=\"panel-grid-cell panel-grid-cell-empty\" ><\/div><div id=\"pgc-4914-4-2\"  class=\"panel-grid-cell\" ><div id=\"panel-4914-4-2-0\" class=\"so-panel widget widget_text panel-first-child\" data-index=\"11\" >\t\t\t<div class=\"textwidget\"><p><strong>Secret of the Moon &#8211; Planetes<\/strong><br \/>\nS\u00e4v. K\u014dtar\u014d Nakagawa<br \/>\nSov. Aurora Tulilaulu<\/p>\n<\/div>\n\t\t<\/div><div id=\"panel-4914-4-2-1\" class=\"so-panel widget widget_text\" data-index=\"12\" >\t\t\t<div class=\"textwidget\"><p><strong>Brood War: Aria \u2013 Star Craft: Brood War<\/strong><br \/>\nS\u00e4v. Glenn Stafford<br \/>\nSov. Ilari Sinkkonen<\/p>\n<\/div>\n\t\t<\/div><div id=\"panel-4914-4-2-2\" class=\"so-panel widget widget_text\" data-index=\"13\" >\t\t\t<div class=\"textwidget\"><p><strong>Status Report \u2013 Star Treck: Strange New World &#8211; Subspace Rhapsody<\/strong><br \/>\nS\u00e4v. Tom Polce &amp; Kay Hanley<br \/>\nSov. Johan Ehnberg<\/p>\n<\/div>\n\t\t<\/div><div id=\"panel-4914-4-2-3\" class=\"so-panel widget widget_text\" data-index=\"14\" >\t\t\t<div class=\"textwidget\"><p><strong>The Future of Mankind \u2013 Sid Meier&#8217;s Civilization: Beyond Earth<\/strong><br \/>\nS\u00e4v. Groff Knorr<br \/>\nSov. Johan Ehnberg<\/p>\n<\/div>\n\t\t<\/div><div id=\"panel-4914-4-2-4\" class=\"so-panel widget widget_text\" data-index=\"15\" >\t\t\t<div class=\"textwidget\"><p><strong>End Credits \u2013 Star Trek: First Contact<\/strong><br \/>\nS\u00e4v. Jerry Goldsmith<br \/>\nSov. Sampo Syrj\u00e4nen<\/p>\n<\/div>\n\t\t<\/div><div id=\"panel-4914-4-2-5\" class=\"so-panel widget widget_text\" data-index=\"16\" >\t\t\t<div class=\"textwidget\"><p><strong>Way of the Ghost &amp; Jin Sakai &#8211; Ghost of Tsushima<\/strong><br \/>\nS\u00e4v. Ilan Eshkeri, Shigeru Umebayashi<br \/>\nSov. Jari Koivistoinen<\/p>\n<\/div>\n\t\t<\/div><div id=\"panel-4914-4-2-6\" class=\"so-panel widget widget_text panel-last-child\" data-index=\"17\" >\t\t\t<div class=\"textwidget\"><p><a href=\"https:\/\/unreality.fi\/?page_id=4829&amp;preview=true\"><strong>Salainen encore-kappale<\/strong><\/a><\/p>\n<\/div>\n\t\t<\/div><\/div><\/div><div id=\"pg-4914-5\"  class=\"panel-grid panel-no-style\" ><div id=\"pgc-4914-5-0\"  class=\"panel-grid-cell panel-grid-cell-empty panel-grid-cell-mobile-last\" ><\/div><div id=\"pgc-4914-5-1\"  class=\"panel-grid-cell panel-grid-cell-empty\" ><\/div><\/div><\/div>","protected":false},"excerpt":{"rendered":"<p>Ohjelmalehti Jari Koivistoinen Jari Koivistoinen on helsinkil\u00e4inen kuoronjohtaja ja muusikko, jonka kokemus kuorojen parissa k\u00e4sitt\u00e4\u00e4 niin pieni\u00e4 ammattikokoonpanoja kuin isoja suurkuoroja. Unrealityn lis\u00e4ksi Jari toimii varajohtajana Tapiolan kamarikuorossa ja Helsingin filharmonisen kuoron kuoromestarina. Lis\u00e4ksi h\u00e4n toimii Cantores Minores-poikakuorossa kouluttajana, ja on kysytty harjoittaja, joka on tehnyt yhteisty\u00f6t\u00e4 monen muunkin p\u00e4\u00e4kaupunkiseudun kuoron kanssa (mm. Murtosointu, Mieskuoro [&hellip;]<\/p>\n","protected":false},"author":5,"featured_media":0,"parent":0,"menu_order":0,"comment_status":"closed","ping_status":"closed","template":"","meta":{"_exactmetrics_skip_tracking":false,"_exactmetrics_sitenote_active":false,"_exactmetrics_sitenote_note":"","_exactmetrics_sitenote_category":0,"footnotes":""},"_links":{"self":[{"href":"https:\/\/unreality.fi\/index.php\/wp-json\/wp\/v2\/pages\/4914"}],"collection":[{"href":"https:\/\/unreality.fi\/index.php\/wp-json\/wp\/v2\/pages"}],"about":[{"href":"https:\/\/unreality.fi\/index.php\/wp-json\/wp\/v2\/types\/page"}],"author":[{"embeddable":true,"href":"https:\/\/unreality.fi\/index.php\/wp-json\/wp\/v2\/users\/5"}],"replies":[{"embeddable":true,"href":"https:\/\/unreality.fi\/index.php\/wp-json\/wp\/v2\/comments?post=4914"}],"version-history":[{"count":1,"href":"https:\/\/unreality.fi\/index.php\/wp-json\/wp\/v2\/pages\/4914\/revisions"}],"predecessor-version":[{"id":4915,"href":"https:\/\/unreality.fi\/index.php\/wp-json\/wp\/v2\/pages\/4914\/revisions\/4915"}],"wp:attachment":[{"href":"https:\/\/unreality.fi\/index.php\/wp-json\/wp\/v2\/media?parent=4914"}],"curies":[{"name":"wp","href":"https:\/\/api.w.org\/{rel}","templated":true}]}}